{"id":4255,"date":"2020-10-21T19:25:05","date_gmt":"2020-10-21T19:25:05","guid":{"rendered":"https:\/\/furkanozay.com\/?page_id=4255"},"modified":"2025-02-24T13:17:22","modified_gmt":"2025-02-24T13:17:22","slug":"contact-us","status":"publish","type":"page","link":"https:\/\/furkanozay.com\/ru\/contact-us\/","title":{"rendered":"\u0421\u0432\u044f\u0436\u0438\u0442\u0435\u0441\u044c \u0421 \u041d\u0430\u043c\u0438"},"content":{"rendered":"<p><div class=\"fusion-fullwidth fullwidth-box fusion-builder-row-1 fusion-flex-container nonhundred-percent-fullwidth non-hundred-percent-height-scrolling fusion-animated\" style=\"--awb-border-sizes-top:0px;--awb-border-sizes-bottom:0px;--awb-border-sizes-left:0px;--awb-border-sizes-right:0px;--awb-border-radius-top-left:0px;--awb-border-radius-top-right:0px;--awb-border-radius-bottom-right:0px;--awb-border-radius-bottom-left:0px;--awb-padding-top:110px;--awb-padding-right:30px;--awb-padding-bottom:75px;--awb-padding-left:30px;--awb-padding-top-medium:48px;--awb-padding-bottom-medium:48px;--awb-padding-top-small:60px;--awb-padding-bottom-small:60px;--awb-margin-top:0px;--awb-margin-bottom:0px;--awb-background-color:#ffffff;--awb-flex-wrap:wrap;\" data-animationType=\"fadeIn\" data-animationDuration=\"1.3\" data-animationOffset=\"top-into-view\" ><div class=\"fusion-builder-row fusion-row fusion-flex-align-items-center fusion-flex-justify-content-center fusion-flex-content-wrap\" style=\"max-width:1352px;margin-left: calc(-4% \/ 2 );margin-right: calc(-4% \/ 2 );\"><div class=\"fusion-layout-column fusion_builder_column fusion-builder-column-0 fusion_builder_column_1_2 1_2 fusion-flex-column fusion-flex-align-self-center\" style=\"--awb-bg-size:cover;--awb-width-large:50%;--awb-margin-top-large:0px;--awb-spacing-right-large:0px;--awb-margin-bottom-large:0px;--awb-spacing-left-large:3.84%;--awb-width-medium:40%;--awb-order-medium:0;--awb-spacing-right-medium:0px;--awb-margin-bottom-medium:12px;--awb-spacing-left-medium:4.8%;--awb-width-small:100%;--awb-order-small:0;--awb-spacing-right-small:1.92%;--awb-spacing-left-small:1.92%;\"><div class=\"fusion-column-wrapper fusion-column-has-shadow fusion-flex-justify-content-center fusion-content-layout-column\"><div class=\"fusion-title title fusion-title-1 fusion-sep-none fusion-title-text fusion-title-size-one\" style=\"--awb-text-color:#0f1d38;--awb-margin-top:0px;--awb-margin-bottom:0px;--awb-font-size:65px;\"><h1 class=\"fusion-title-heading title-heading-left\" style=\"font-family:&quot;Marcellus&quot;;font-style:normal;font-weight:400;margin:0;letter-spacing:-0.065rem;text-transform:var(--awb-typography1-text-transform);font-size:1em;line-height:1.2;\"><div style=\"text-align: center;\">\u041a\u043e\u043d\u0442\u0430\u043a\u0442<\/div><\/h1><\/div><\/div><\/div><\/div><\/div><div class=\"fusion-fullwidth fullwidth-box fusion-builder-row-2 fusion-flex-container nonhundred-percent-fullwidth non-hundred-percent-height-scrolling fusion-animated\" style=\"--awb-background-position:left top;--awb-background-blend-mode:screen;--awb-border-sizes-top:0px;--awb-border-sizes-bottom:0px;--awb-border-sizes-left:0px;--awb-border-sizes-right:0px;--awb-border-radius-top-left:0px;--awb-border-radius-top-right:0px;--awb-border-radius-bottom-right:0px;--awb-border-radius-bottom-left:0px;--awb-padding-top:5vw;--awb-padding-right:0px;--awb-padding-bottom:80.6406px;--awb-padding-left:0px;--awb-padding-top-medium:0px;--awb-padding-bottom-medium:0px;--awb-padding-top-small:0px;--awb-margin-top:0px;--awb-margin-bottom:0px;--awb-background-color:#f0f5fb;--awb-flex-wrap:wrap;\" data-animationType=\"fadeInUp\" data-animationDuration=\"1.3\" data-animationOffset=\"top-into-view\" ><div class=\"fusion-builder-row fusion-row fusion-flex-align-items-stretch fusion-flex-justify-content-center fusion-flex-content-wrap\" style=\"max-width:calc( 1300px + 0px );margin-left: calc(-0px \/ 2 );margin-right: calc(-0px \/ 2 );\"><div class=\"fusion-layout-column fusion_builder_column fusion-builder-column-1 fusion_builder_column_1_2 1_2 fusion-flex-column fusion-animated\" style=\"--awb-padding-top:4vw;--awb-padding-right:4vw;--awb-padding-bottom:4vw;--awb-padding-left:4vw;--awb-padding-top-small:11vw;--awb-padding-right-small:11vw;--awb-padding-bottom-small:11vw;--awb-padding-left-small:11vw;--awb-overflow:hidden;--awb-bg-color:var(--awb-color7);--awb-bg-color-hover:var(--awb-color7);--awb-bg-size:cover;--awb-border-radius:6px 6px 6px 6px;--awb-width-large:50%;--awb-margin-top-large:0px;--awb-spacing-right-large:0px;--awb-margin-bottom-large:0px;--awb-spacing-left-large:0px;--awb-width-medium:50%;--awb-order-medium:0;--awb-spacing-right-medium:0px;--awb-spacing-left-medium:0px;--awb-width-small:100%;--awb-order-small:0;--awb-spacing-right-small:0px;--awb-spacing-left-small:0px;\" data-animationType=\"fadeInUp\" data-animationDuration=\"1.5\" data-animationOffset=\"top-into-view\" data-scroll-devices=\"small-visibility,medium-visibility,large-visibility\"><div class=\"fusion-column-wrapper fusion-column-has-shadow fusion-flex-justify-content-center fusion-content-layout-column\"><div class=\"fusion-title title fusion-title-2 fusion-sep-none fusion-title-center fusion-title-text fusion-title-size-two\" style=\"--awb-text-color:var(--awb-color1);--awb-margin-bottom:30px;\"><h2 class=\"fusion-title-heading title-heading-center\" style=\"margin:0;\"><h2>\u0417\u0430\u043f\u0438\u0441\u0430\u0442\u044c\u0441\u044f \u041d\u0430 \u041f\u0440\u0438\u0451\u043c<\/h2><\/h2><\/div><div class=\"fusion-text fusion-text-1\" style=\"--awb-content-alignment:center;--awb-font-size:17px;--awb-line-height:1.9;--awb-text-color:var(--awb-color1);\"><p>\u0417\u0430\u043f\u043e\u043b\u043d\u0438\u0442\u0435 \u0430\u043d\u043a\u0435\u0442\u0443, \u0438 \u043c\u044b \u0441\u0432\u044f\u0436\u0435\u043c\u0441\u044f \u0441 \u0432\u0430\u043c\u0438<\/p>\n<\/div><div class=\"fusion-form fusion-form-builder fusion-form-form-wrapper fusion-form-694\" style=\"--awb-tooltip-text-color:#ffffff;--awb-tooltip-background-color:#333333;\" data-form-id=\"694\" data-config=\"{&quot;form_id&quot;:694,&quot;form_post_id&quot;:694,&quot;post_id&quot;:4255,&quot;form_type&quot;:&quot;ajax&quot;,&quot;confirmation_type&quot;:&quot;message&quot;,&quot;redirect_url&quot;:&quot;&quot;,&quot;redirect_timeout&quot;:&quot;0&quot;,&quot;field_labels&quot;:{&quot;name_surname&quot;:&quot;&quot;,&quot;number&quot;:&quot;&quot;,&quot;email_address&quot;:&quot;&quot;,&quot;tibbi_goruntuler&quot;:&quot;&quot;},&quot;field_logics&quot;:{&quot;name_surname&quot;:&quot;&quot;,&quot;number&quot;:&quot;&quot;,&quot;email_address&quot;:&quot;&quot;,&quot;tibbi_goruntuler&quot;:&quot;&quot;,&quot;notice_1&quot;:&quot;[]&quot;,&quot;submit_1&quot;:&quot;&quot;},&quot;field_types&quot;:{&quot;name_surname&quot;:&quot;text&quot;,&quot;number&quot;:&quot;text&quot;,&quot;email_address&quot;:&quot;email&quot;,&quot;tibbi_goruntuler&quot;:&quot;upload&quot;,&quot;notice_1&quot;:&quot;notice&quot;,&quot;submit_1&quot;:&quot;submit&quot;},&quot;nonce_method&quot;:&quot;none&quot;,&quot;form_views&quot;:&quot;ajax&quot;,&quot;form_views_counting&quot;:&quot;all&quot;}\"><form action=\"https:\/\/furkanozay.com\/ru\/contact-us\/\" method=\"get\" class=\"fusion-form fusion-form-694\" enctype=\"multipart\/form-data\"><div class=\"fusion-fullwidth fullwidth-box fusion-builder-row-2-1 fusion-flex-container nonhundred-percent-fullwidth non-hundred-percent-height-scrolling\" style=\"--awb-border-radius-top-left:0px;--awb-border-radius-top-right:0px;--awb-border-radius-bottom-right:0px;--awb-border-radius-bottom-left:0px;--awb-padding-top:0px;--awb-padding-right:0px;--awb-padding-bottom:0px;--awb-padding-left:0px;--awb-margin-top:0px;--awb-margin-bottom:0px;--awb-flex-wrap:wrap;\" ><div class=\"fusion-builder-row fusion-row fusion-flex-align-items-flex-start fusion-flex-content-wrap\" style=\"width:105% !important;max-width:105% !important;margin-left: calc(-5% \/ 2 );margin-right: calc(-5% \/ 2 );\"><div class=\"fusion-layout-column fusion_builder_column fusion-builder-column-2 fusion_builder_column_1_1 1_1 fusion-flex-column\" style=\"--awb-bg-size:cover;--awb-width-large:100%;--awb-flex-grow:0;--awb-flex-shrink:0;--awb-margin-top-large:0px;--awb-spacing-right-large:2.375%;--awb-margin-bottom-large:0px;--awb-spacing-left-large:2.375%;--awb-width-medium:100%;--awb-order-medium:0;--awb-flex-grow-medium:0;--awb-flex-shrink-medium:0;--awb-spacing-right-medium:2.375%;--awb-spacing-left-medium:2.375%;--awb-width-small:100%;--awb-order-small:0;--awb-flex-grow-small:0;--awb-flex-shrink-small:0;--awb-spacing-right-small:2.375%;--awb-spacing-left-small:2.375%;\"><div class=\"fusion-column-wrapper fusion-column-has-shadow fusion-flex-justify-content-flex-start fusion-content-layout-column\"><div class=\"fusion-form-field fusion-form-text-field fusion-form-label-above\" style=\"\" data-form-id=\"694\"><input type=\"text\" autocomplete=\"off\" name=\"name_surname\" id=\"name_surname\" value=\"\"  class=\"fusion-form-input\" required=\"true\" aria-required=\"true\" placeholder=\"Ad Soyad *\" data-holds-private-data=\"false\" minlength=\"0\"\/><\/div><\/div><\/div><div class=\"fusion-layout-column fusion_builder_column fusion-builder-column-3 fusion_builder_column_1_1 1_1 fusion-flex-column\" style=\"--awb-bg-size:cover;--awb-width-large:100%;--awb-flex-grow:0;--awb-flex-shrink:0;--awb-margin-top-large:0px;--awb-spacing-right-large:2.375%;--awb-margin-bottom-large:0px;--awb-spacing-left-large:2.375%;--awb-width-medium:100%;--awb-order-medium:0;--awb-flex-grow-medium:0;--awb-flex-shrink-medium:0;--awb-spacing-right-medium:2.375%;--awb-spacing-left-medium:2.375%;--awb-width-small:100%;--awb-order-small:0;--awb-flex-grow-small:0;--awb-flex-shrink-small:0;--awb-spacing-right-small:2.375%;--awb-spacing-left-small:2.375%;\"><div class=\"fusion-column-wrapper fusion-column-has-shadow fusion-flex-justify-content-flex-start fusion-content-layout-column\"><div class=\"fusion-form-field fusion-form-text-field fusion-form-label-above\" style=\"\" data-form-id=\"694\"><input type=\"text\" autocomplete=\"off\" name=\"number\" id=\"number\" value=\"\"  class=\"fusion-form-input\" required=\"true\" aria-required=\"true\" placeholder=\"Telefon *\" data-holds-private-data=\"false\" minlength=\"0\"\/><\/div><\/div><\/div><div class=\"fusion-layout-column fusion_builder_column fusion-builder-column-4 fusion_builder_column_1_1 1_1 fusion-flex-column\" style=\"--awb-bg-size:cover;--awb-width-large:100%;--awb-flex-grow:0;--awb-flex-shrink:0;--awb-margin-top-large:0px;--awb-spacing-right-large:2.375%;--awb-margin-bottom-large:0px;--awb-spacing-left-large:2.375%;--awb-width-medium:100%;--awb-order-medium:0;--awb-flex-grow-medium:0;--awb-flex-shrink-medium:0;--awb-spacing-right-medium:2.375%;--awb-spacing-left-medium:2.375%;--awb-width-small:100%;--awb-order-small:0;--awb-flex-grow-small:0;--awb-flex-shrink-small:0;--awb-spacing-right-small:2.375%;--awb-spacing-left-small:2.375%;\"><div class=\"fusion-column-wrapper fusion-column-has-shadow fusion-flex-justify-content-flex-start fusion-content-layout-column\"><div class=\"fusion-form-field fusion-form-email-field fusion-form-label-above\" style=\"\" data-form-id=\"694\"><input type=\"email\" autocomplete=\"off\" name=\"email_address\" id=\"email_address\" value=\"\"  class=\"fusion-form-input\" required=\"true\" aria-required=\"true\" placeholder=\"E-mail *\" data-holds-private-data=\"false\"\/><\/div><\/div><\/div><div class=\"fusion-layout-column fusion_builder_column fusion-builder-column-5 fusion_builder_column_1_1 1_1 fusion-flex-column\" style=\"--awb-bg-size:cover;--awb-width-large:100%;--awb-flex-grow:0;--awb-flex-shrink:0;--awb-margin-top-large:0px;--awb-spacing-right-large:2.375%;--awb-margin-bottom-large:0px;--awb-spacing-left-large:2.375%;--awb-width-medium:100%;--awb-order-medium:0;--awb-flex-grow-medium:0;--awb-flex-shrink-medium:0;--awb-spacing-right-medium:2.375%;--awb-spacing-left-medium:2.375%;--awb-width-small:100%;--awb-order-small:0;--awb-flex-grow-small:0;--awb-flex-shrink-small:0;--awb-spacing-right-small:2.375%;--awb-spacing-left-small:2.375%;\"><div class=\"fusion-column-wrapper fusion-column-has-shadow fusion-flex-justify-content-flex-start fusion-content-layout-column\"><div class=\"fusion-form-field fusion-form-upload-field fusion-form-label-above\" style=\"--awb-preview-thumb-width:115px;\" data-form-id=\"694\"><div class=\"fusion-form-tooltip\"><i class=\"awb-icon-question-circle\"><\/i><span class=\"fusion-form-tooltip-content\">R\u00f6ntgen ve T\u0131bbi G\u00f6r\u00fcnt\u00fcler<\/span><\/div><div class=\"fusion-form-input-with-icon\"><i class=\" fa-folder-open fas\"><\/i><div class=\"fusion-form-upload-field-container\"><input type=\"file\" id=\"tibbi_goruntuler\" name=\"tibbi_goruntuler[]\" value=\"\"  class=\"fusion-form-input\" placeholder=\"R\u00f6ntgen ve T\u0131bbi G\u00f6r\u00fcnt\u00fcler \" data-size=\"20\" multiple data-single-add-remove=\"no\" data-min-upload-files=\"0\" data-max-upload-files=\"0\" data-uploads-preview=\"filenames\"\/><div class=\"fusion-form-upload-field\"  data-holds-private-data=\"false\"><span class=\"awb-upload-placeholder\" data-default=\"R\u00f6ntgen ve T\u0131bbi G\u00f6r\u00fcnt\u00fcler\">R\u00f6ntgen ve T\u0131bbi G\u00f6r\u00fcnt\u00fcler<\/span><div class=\"awb-uploads-preview\"><div class=\"awb-preview-thumbs\"><\/div><\/div><\/div><div ><a class=\"fusion-button button-flat button-medium button-default fusion-button-default button-1 fusion-button-default-span fusion-button-default-type fusion-form-upload-field-button\" style=\"--button-border-radius-top-left:0px;--button-border-radius-top-right:0px;--button-border-radius-bottom-right:0px;--button-border-radius-bottom-left:0px;\" target=\"_self\" href=\"javascript:void();\"><span class=\"fusion-button-text awb-button__text awb-button__text--default\">Choose File<\/span><\/a><\/div><\/div><\/div><\/div><\/div><\/div><div class=\"fusion-layout-column fusion_builder_column fusion-builder-column-6 fusion_builder_column_1_1 1_1 fusion-flex-column\" style=\"--awb-bg-size:cover;--awb-width-large:100%;--awb-flex-grow:0;--awb-flex-shrink:0;--awb-margin-top-large:0px;--awb-spacing-right-large:2.375%;--awb-margin-bottom-large:0px;--awb-spacing-left-large:2.375%;--awb-width-medium:100%;--awb-order-medium:0;--awb-flex-grow-medium:0;--awb-flex-shrink-medium:0;--awb-spacing-right-medium:2.375%;--awb-spacing-left-medium:2.375%;--awb-width-small:100%;--awb-order-small:0;--awb-flex-grow-small:0;--awb-flex-shrink-small:0;--awb-spacing-right-small:2.375%;--awb-spacing-left-small:2.375%;\"><div class=\"fusion-column-wrapper fusion-column-has-shadow fusion-flex-justify-content-flex-start fusion-content-layout-column\"><div class=\"form-submission-notices data-notice_1\" id=\"fusion-notices-1\"><div class=\"fusion-alert alert success alert-success fusion-alert-center fusion-form-response fusion-form-response-success awb-alert-native-link-color alert-dismissable awb-alert-close-boxed\" role=\"alert\"><div class=\"fusion-alert-content-wrapper\"><span class=\"alert-icon\"><i class=\"awb-icon-check-circle\" aria-hidden=\"true\"><\/i><\/span><span class=\"fusion-alert-content\">Mesaj\u0131n\u0131z g\u00f6nderildi. Mesaj\u0131n\u0131z i\u00e7in te\u015fekk\u00fcr ederiz. En k\u0131sa s\u00fcrede ileti\u015fime ge\u00e7erek bilgi verece\u011fiz.<\/span><\/div><button type=\"button\" class=\"close toggle-alert\" data-dismiss=\"alert\" aria-label=\"Close\">&times;<\/button><\/div><div class=\"fusion-alert alert error alert-danger fusion-alert-center fusion-form-response fusion-form-response-error awb-alert-native-link-color alert-dismissable awb-alert-close-boxed\" role=\"alert\"><div class=\"fusion-alert-content-wrapper\"><span class=\"alert-icon\"><i class=\"awb-icon-exclamation-triangle\" aria-hidden=\"true\"><\/i><\/span><span class=\"fusion-alert-content\">Bir hata olu\u015ftu. L\u00fctfen bilgileri bilgileri kontrol ederek yeniden g\u00f6nderin.<\/span><\/div><button type=\"button\" class=\"close toggle-alert\" data-dismiss=\"alert\" aria-label=\"Close\">&times;<\/button><\/div><\/div><div class=\"fusion-form-field fusion-form-submit-field fusion-form-label-above\" style=\"\" data-form-id=\"694\"><div ><button type=\"submit\" class=\"fusion-button button-flat button-xlarge button-custom fusion-button-default button-2 fusion-button-span-yes  button-default form-form-submit\" style=\"--button_accent_color:var(--awb-color5);--button_accent_hover_color:var(--awb-color1);--button_border_hover_color:var(--awb-color1);--button_border_width-top:0px;--button_border_width-right:0px;--button_border_width-bottom:0px;--button_border_width-left:0px;--button_gradient_top_color:var(--awb-color1);--button_gradient_bottom_color:var(--awb-color1);--button_gradient_top_color_hover:var(--awb-color5);--button_gradient_bottom_color_hover:var(--awb-color5);--button_margin-top:15px;\" data-form-number=\"694\" tabindex=\"\"><span class=\"fusion-button-text awb-button__text awb-button__text--default\">G\u00f6nder<\/span><\/button><\/div><\/div><\/div><\/div><\/div><\/div><input type=\"hidden\" name=\"fusion_privacy_store_ip_ua\" value=\"false\"><input type=\"hidden\" name=\"fusion_privacy_expiration_interval\" value=\"48\"><input type=\"hidden\" name=\"privacy_expiration_action\" value=\"anonymize\"><\/form><\/div><\/div><\/div><div class=\"fusion-layout-column fusion_builder_column fusion-builder-column-7 fusion_builder_column_1_2 1_2 fusion-flex-column fusion-animated\" style=\"--awb-padding-top:3vw;--awb-padding-right:6vw;--awb-padding-bottom:4vw;--awb-padding-left:6vw;--awb-padding-top-small:0px;--awb-padding-right-small:90px;--awb-padding-bottom-small:0px;--awb-padding-left-small:90px;--awb-overflow:hidden;--awb-bg-color:#ffffff;--awb-bg-color-hover:#ffffff;--awb-bg-size:cover;--awb-border-radius:0px 9px 9px 0px;--awb-width-large:50%;--awb-flex-grow:0;--awb-flex-shrink:0;--awb-margin-top-large:0px;--awb-spacing-right-large:0px;--awb-margin-bottom-large:0px;--awb-spacing-left-large:calc( 0.044 * calc( 100% - 0 ) );--awb-width-medium:50%;--awb-order-medium:0;--awb-flex-grow-medium:0;--awb-flex-shrink-medium:0;--awb-spacing-right-medium:0px;--awb-spacing-left-medium:calc( 0.044 * calc( 100% - 0 ) );--awb-width-small:100%;--awb-order-small:1;--awb-flex-grow-small:0;--awb-flex-shrink-small:0;--awb-spacing-right-small:0px;--awb-spacing-left-small:0px;\" data-animationType=\"fadeInUp\" data-animationDuration=\"1.3\" data-animationOffset=\"top-into-view\"><div class=\"fusion-column-wrapper fusion-column-has-shadow fusion-flex-justify-content-flex-start fusion-content-layout-column\"><div class=\"fusion-title title fusion-title-3 fusion-sep-none fusion-title-text fusion-title-size-two\" style=\"--awb-text-color:#0f1d38;--awb-margin-top:0px;--awb-margin-bottom:0px;--awb-font-size:50px;\"><h2 class=\"fusion-title-heading title-heading-left\" style=\"font-family:&quot;Marcellus&quot;;font-style:normal;font-weight:400;margin:0;letter-spacing:-0.065rem;text-transform:var(--awb-typography1-text-transform);font-size:1em;line-height:1.2;\"><div style=\"text-align: center;\">\u041a\u0430\u0440\u0442\u0430<\/div><\/h2><\/div><div class=\"fusion-separator fusion-full-width-sep\" style=\"align-self: center;margin-left: auto;margin-right: auto;margin-bottom:40px;width:100%;\"><\/div><div class=\"fusion-text fusion-text-2\" style=\"--awb-content-alignment:center;\"><p>\u0412\u044b \u043c\u043e\u0436\u0435\u0442\u0435 \u0434\u043e\u0431\u0440\u0430\u0442\u044c\u0441\u044f \u0434\u043e \u043d\u0430\u0448\u0435\u0433\u043e \u0430\u0434\u0440\u0435\u0441\u0430, \u043d\u0430\u0436\u0430\u0432 \u043d\u0430 \u043a\u0430\u0440\u0442\u0443.<\/p>\n<\/div><div class=\"awb-openstreet-map awb-openstreet-map-1\" data-map-style=\"osm-carto\" data-map-type=\"marker\" data-zoom=\"14\" data-zoomsnap=\"1\" data-zoomcontrol=\"1\" data-scrollwheelzoom=\"1\" data-dragging=\"1\" data-touchzoom=\"1\" data-dbclickzoom=\"1\" data-fitbounds=\"1\" data-shape-color=\"rgba(0,191,255,1)\" data-shape-weight=\"3\"><div class=\"awb-openstreet-map-marker awb-openstreet-map-marker-1\" data-latitude=\"41.053522\" data-longitude=\"28.987646\" data-icon=\"fa-map-marker-alt fas\" data-action=\"popup\"><div class=\"awb-openstreet-map-marker-icon-wrapper\" style=\"\"><i class=\"fa-map-marker-alt fas\"><\/i><\/div><div class=\"awb-openstreet-map-content-wrapper\"><h5 class=\"awb-openstreet-map-marker-title\">Dt. Furkan \u00d6zay<\/h5><\/div><\/div><\/div><div class=\"fusion-separator fusion-full-width-sep\" style=\"align-self: center;margin-left: auto;margin-right: auto;margin-top:30px;width:100%;\"><\/div><div class=\"fusion-social-links fusion-social-links-1\" style=\"--awb-margin-top:0px;--awb-margin-right:0px;--awb-margin-bottom:0px;--awb-margin-left:0px;--awb-alignment:center;--awb-box-border-top:0px;--awb-box-border-right:0px;--awb-box-border-bottom:0px;--awb-box-border-left:0px;--awb-icon-colors-hover:rgba(166,109,63,0.8);--awb-box-colors-hover:rgba(242,243,245,0.8);--awb-box-border-color:var(--awb-color3);--awb-box-border-color-hover:var(--awb-color4);\"><div class=\"fusion-social-networks color-type-custom\"><div class=\"fusion-social-networks-wrapper\"><a class=\"fusion-social-network-icon fusion-tooltip fusion-facebook awb-icon-facebook\" style=\"color:var(--awb-color5);font-size:16px;\" data-placement=\"top\" data-title=\"Facebook\" data-toggle=\"tooltip\" title=\"Facebook\" aria-label=\"facebook\" target=\"_blank\" rel=\"noopener noreferrer\" href=\"#https:\/\/furkanozay.com\/randevu\/?preview_id=1530&amp;preview_nonce=84a74fee51&amp;_thumbnail_id=1715&amp;preview=true#\"><\/a><a class=\"fusion-social-network-icon fusion-tooltip fusion-instagram awb-icon-instagram\" style=\"color:var(--awb-color5);font-size:16px;\" data-placement=\"top\" data-title=\"Instagram\" data-toggle=\"tooltip\" title=\"Instagram\" aria-label=\"instagram\" target=\"_blank\" rel=\"noopener noreferrer\" href=\"https:\/\/www.instagram.com\/dt.furkanozay\/\"><\/a><a class=\"fusion-social-network-icon fusion-tooltip fusion-youtube awb-icon-youtube\" style=\"color:var(--awb-color5);font-size:16px;\" data-placement=\"top\" data-title=\"YouTube\" data-toggle=\"tooltip\" title=\"YouTube\" aria-label=\"youtube\" target=\"_blank\" rel=\"noopener noreferrer\" href=\"https:\/\/www.youtube.com\/results?search_query=furkan+%C3%B6zay\"><\/a><a class=\"fusion-social-network-icon fusion-tooltip fusion-linkedin awb-icon-linkedin\" style=\"color:var(--awb-color5);font-size:16px;\" data-placement=\"top\" data-title=\"LinkedIn\" data-toggle=\"tooltip\" title=\"LinkedIn\" aria-label=\"linkedin\" target=\"_blank\" rel=\"noopener noreferrer\" href=\"https:\/\/www.linkedin.com\/in\/furkan-%C3%B6zay-33a456132\/?originalSubdomain=tr\"><\/a><\/div><\/div><\/div><div class=\"fusion-separator fusion-full-width-sep\" style=\"align-self: center;margin-left: auto;margin-right: auto;margin-top:20px;width:100%;\"><\/div><div class=\"fusion-text fusion-text-3\"><p><i class=\"fb-icon-element-1 fb-icon-element fontawesome-icon fa-map-marker-alt fas circle-yes fusion-text-flow\" style=\"--awb-circlebordersize:1px;--awb-font-size:13.2px;--awb-width:26.4px;--awb-height:26.4px;--awb-line-height:24.4px;--awb-margin-right:7.5px;\"><\/i> <a tabindex=\"0\" href=\"https:\/\/maps.app.goo.gl\/LfAc36WPMzmHZkLs6\" data-url=\"\/maps\/place\/\/data=!4m2!3m1!1s0x14cab711df34c52d:0x3d99baeb29a9ed4a?sa=X&amp;ved=2ahUKEwjPzqXs7cSJAxWjYPEDHYS_LFcQ4kB6BAgJEAA\" target=\"_blank\" rel=\"noopener\">Rumeli Caddesi No:71 4. Kat, 34371 Sisli\/Istanbul<\/a><\/p>\n<\/div><div class=\"fusion-text fusion-text-4\"><p><a class=\"fb-icon-element-2 fb-icon-element fontawesome-icon fa-mobile-alt fas circle-yes fusion-text-flow fusion-link\" style=\"--awb-circlebordersize:1px;--awb-font-size:13.2px;--awb-width:26.4px;--awb-height:26.4px;--awb-line-height:24.4px;--awb-margin-right:7.5px;\" href=\"tel:+905326524767\" target=\"_self\" aria-label=\"Link to tel:+905326524767\"><\/a> <a href=\"tel:+905326524767\">+90 532 652 47 67<\/a><\/p>\n<\/div><\/div><\/div><div class=\"fusion-layout-column fusion_builder_column fusion-builder-column-8 fusion_builder_column_1_1 1_1 fusion-flex-column\" style=\"--awb-bg-size:cover;--awb-width-large:100%;--awb-flex-grow:0;--awb-flex-shrink:0;--awb-margin-top-large:0px;--awb-spacing-right-large:0px;--awb-margin-bottom-large:20px;--awb-spacing-left-large:0px;--awb-width-medium:100%;--awb-order-medium:0;--awb-flex-grow-medium:0;--awb-flex-shrink-medium:0;--awb-spacing-right-medium:0px;--awb-spacing-left-medium:0px;--awb-width-small:100%;--awb-order-small:0;--awb-flex-grow-small:0;--awb-flex-shrink-small:0;--awb-spacing-right-small:0px;--awb-spacing-left-small:0px;\"><div class=\"fusion-column-wrapper fusion-column-has-shadow fusion-flex-justify-content-flex-start fusion-content-layout-column\"><\/div><\/div><\/div><\/div><\/p>\n","protected":false},"excerpt":{"rendered":"","protected":false},"author":1,"featured_media":4257,"parent":0,"menu_order":0,"comment_status":"closed","ping_status":"closed","template":"100-width.php","meta":{"footnotes":""},"class_list":["post-4255","page","type-page","status-publish","has-post-thumbnail","hentry"],"_links":{"self":[{"href":"https:\/\/furkanozay.com\/ru\/wp-json\/wp\/v2\/pages\/4255","targetHints":{"allow":["GET"]}}],"collection":[{"href":"https:\/\/furkanozay.com\/ru\/wp-json\/wp\/v2\/pages"}],"about":[{"href":"https:\/\/furkanozay.com\/ru\/wp-json\/wp\/v2\/types\/page"}],"author":[{"embeddable":true,"href":"https:\/\/furkanozay.com\/ru\/wp-json\/wp\/v2\/users\/1"}],"replies":[{"embeddable":true,"href":"https:\/\/furkanozay.com\/ru\/wp-json\/wp\/v2\/comments?post=4255"}],"version-history":[{"count":3,"href":"https:\/\/furkanozay.com\/ru\/wp-json\/wp\/v2\/pages\/4255\/revisions"}],"predecessor-version":[{"id":4851,"href":"https:\/\/furkanozay.com\/ru\/wp-json\/wp\/v2\/pages\/4255\/revisions\/4851"}],"wp:featuredmedia":[{"embeddable":true,"href":"https:\/\/furkanozay.com\/ru\/wp-json\/wp\/v2\/media\/4257"}],"wp:attachment":[{"href":"https:\/\/furkanozay.com\/ru\/wp-json\/wp\/v2\/media?parent=4255"}],"curies":[{"name":"wp","href":"https:\/\/api.w.org\/{rel}","templated":true}]}}