{"id":4369,"date":"2024-11-07T13:49:28","date_gmt":"2024-11-07T13:49:28","guid":{"rendered":"https:\/\/furkanozay.com\/?page_id=4369"},"modified":"2025-01-20T15:39:13","modified_gmt":"2025-01-20T15:39:13","slug":"zirconium-implant","status":"publish","type":"page","link":"https:\/\/furkanozay.com\/en\/implant-treatments\/zirconium-implant\/","title":{"rendered":"Zirconium Implant"},"content":{"rendered":"<div class=\"fusion-fullwidth fullwidth-box fusion-builder-row-1 fusion-flex-container has-pattern-background has-mask-background nonhundred-percent-fullwidth non-hundred-percent-height-scrolling\" style=\"--awb-border-radius-top-left:0px;--awb-border-radius-top-right:0px;--awb-border-radius-bottom-right:0px;--awb-border-radius-bottom-left:0px;--awb-flex-wrap:wrap;\" ><div class=\"fusion-builder-row fusion-row fusion-flex-align-items-flex-start fusion-flex-content-wrap\" style=\"max-width:1365px;margin-left: calc(-5% \/ 2 );margin-right: calc(-5% \/ 2 );\"><div class=\"fusion-layout-column fusion_builder_column fusion-builder-column-0 fusion_builder_column_2_3 2_3 fusion-flex-column\" style=\"--awb-bg-size:cover;--awb-width-large:66.666666666667%;--awb-margin-top-large:0px;--awb-spacing-right-large:3.5625%;--awb-margin-bottom-large:20px;--awb-spacing-left-large:3.5625%;--awb-width-medium:66.666666666667%;--awb-order-medium:0;--awb-spacing-right-medium:3.5625%;--awb-spacing-left-medium:3.5625%;--awb-width-small:100%;--awb-order-small:0;--awb-spacing-right-small:2.375%;--awb-spacing-left-small:2.375%;\"><div class=\"fusion-column-wrapper fusion-column-has-shadow fusion-flex-justify-content-flex-start fusion-content-layout-column\"><div class=\"fusion-title title fusion-title-1 fusion-sep-none fusion-title-text fusion-title-size-one\" style=\"--awb-font-size:40px;\"><h1 class=\"fusion-title-heading title-heading-left\" style=\"margin:0;font-size:1em;\"><h1>Zirconium Implant<\/h1><\/h1><\/div><div class=\"fusion-text fusion-text-1 fusion-no-small-visibility fusion-no-medium-visibility\" style=\"--awb-content-alignment:justify;--awb-font-size:16px;\"><div class=\"flex max-w-full flex-col flex-grow\">\n<div class=\"min-h-8 text-message flex w-full flex-col items-end gap-2 whitespace-normal break-words text-start &#091;.text-message+&amp;&#093;:mt-5\" dir=\"auto\" data-message-author-role=\"assistant\" data-message-id=\"6974d5de-3b38-4b20-a4f1-bf8c87f9bb2f\" data-message-model-slug=\"gpt-4o\">\n<div class=\"flex w-full flex-col gap-1 empty:hidden first:pt-&#091;3px&#093;\">\n<div class=\"markdown prose w-full break-words dark:prose-invert light\">\n<p><strong>What is a Zirconium Implant? What Are Its Advantages?<\/strong><\/p>\n<p>Dental implants are artificial roots placed into the jawbone to replace missing teeth both functionally and aesthetically. While implant applications have become a frequently preferred solution in modern dentistry, the variety of materials used has also expanded. Zirconium implants are one of these advanced options, standing out for their aesthetic appeal and biocompatibility. So, what exactly is a zirconium implant, and what are its advantages?<\/p>\n<h3>What is a Zirconium Implant?<\/h3>\n<p>Zirconium is a ceramic-based material that contains no metal components. Its white color and resemblance to natural teeth make it a popular choice in dentistry. Zirconium implants provide high compatibility with the gums and jawbone while offering durability for long-term use. Their most significant distinction from other implant types is their entirely metal-free structure.<\/p>\n<hr \/>\n<h3>Advantages of Zirconium Implants<\/h3>\n<h4>Aesthetic Appearance<\/h4>\n<p>Zirconium implants are white in color, making them very similar to natural teeth. When used for front teeth, they prevent the dark reflections often associated with metal implants, delivering a more aesthetic result.<\/p>\n<h4>Biocompatible Structure<\/h4>\n<p>Zirconium is highly compatible with the human body, resulting in a very low risk of allergic reactions. Sensitivity issues sometimes observed with metal implants are generally not a concern with zirconium.<\/p>\n<h4>Durability and Strength<\/h4>\n<p>Zirconium is an extremely hard and durable material. It is resistant to wear and can be safely used for many years. The risk of fracture is low, making zirconium implants a long-lasting solution for maintaining dental health.<\/p>\n<h4>Gum Health Compatibility<\/h4>\n<p>Zirconium implants adapt well to gum tissue and do not cause discoloration in the gums. Even in cases of gum recession, zirconium implants maintain a natural appearance.<\/p>\n<h4>Reduced Bacterial Accumulation<\/h4>\n<p>The smooth surface of zirconium implants helps minimize bacterial buildup. This makes it easier to maintain oral hygiene and reduces the risk of inflammation around the implant.<\/p>\n<hr \/>\n<h3>Who Should Consider Zirconium Implants?<\/h3>\n<p>Zirconium implants are an excellent choice for individuals with high aesthetic concerns. They are particularly suitable for those with missing front teeth, metal allergies, or gum sensitivity.<\/p>\n<hr \/>\n<h3>Do Zirconium Implants Have Disadvantages?<\/h3>\n<p>Like any treatment option, zirconium implants may have some disadvantages. For example, they are generally more expensive than traditional titanium implants. Additionally, in very complex cases, surgeons might prefer more traditional implant options.<\/p>\n<hr \/>\n<p>Zirconium implants provide a modern and aesthetic solution for dental health and appearance. They are an ideal alternative for those seeking a natural-looking tooth replacement and preferring metal-free implants.<\/p>\n<\/div>\n<\/div>\n<\/div>\n<\/div>\n<div class=\"mb-2 flex gap-3 empty:hidden -ml-2\">\n<div class=\"items-center justify-start rounded-xl p-1 flex\">\n<div class=\"flex items-center\">\n<p>&nbsp;<\/p>\n<div class=\"flex\"><\/div>\n<p>&nbsp;<\/p>\n<div class=\"flex items-center pb-0\"><\/div>\n<\/div>\n<\/div>\n<\/div>\n<\/div><div class=\"fusion-text fusion-text-2 fusion-no-large-visibility\" style=\"--awb-content-alignment:left;--awb-font-size:16px;\"><h2>Zirkonyum \u0130mplant Nedir? Avantajlar\u0131 Nelerdir?<\/h2>\n<p>Di\u015f implantlar\u0131, eksik di\u015flerin fonksiyonel ve estetik olarak yerine konmas\u0131 amac\u0131yla \u00e7ene kemi\u011fine yerle\u015ftirilen yapay k\u00f6klerdir. G\u00fcn\u00fcm\u00fczde implant uygulamalar\u0131, di\u015f sa\u011fl\u0131\u011f\u0131nda s\u0131kl\u0131kla tercih edilen \u00e7\u00f6z\u00fcmler aras\u0131nda yer al\u0131rken, malzeme t\u00fcrleri de \u00e7e\u015fitlenmi\u015ftir. Zirkonyum implantlar ise bu geli\u015fmi\u015f se\u00e7eneklerden biridir ve hem estetik hem de biyouyumlu \u00f6zellikleri ile \u00f6ne \u00e7\u0131kmaktad\u0131r. Peki, zirkonyum implant nedir ve avantajlar\u0131 nelerdir?<\/p>\n<h2>Zirkonyum \u0130mplant Nedir?<\/h2>\n<p>Zirkonyum, metal bile\u015fen i\u00e7ermeyen, seramik tabanl\u0131 bir malzemedir. Beyaz renkte olmas\u0131 ve do\u011fal di\u015f yap\u0131s\u0131na benzerli\u011fi ile di\u015f hekimli\u011finde s\u0131kl\u0131kla tercih edilmektedir. Zirkonyum implantlar, di\u015f etine ve \u00e7ene kemi\u011fine y\u00fcksek uyum sa\u011flarken, sa\u011flam yap\u0131s\u0131 sayesinde uzun \u00f6m\u00fcrl\u00fc bir kullan\u0131m sunar. Di\u011fer implant t\u00fcrlerinden en b\u00fcy\u00fck fark\u0131, tamamen metal i\u00e7ermeyen bir yap\u0131ya sahip olmas\u0131d\u0131r.<\/p>\n<h2>Zirkonyum \u0130mplantlar\u0131n Avantajlar\u0131<\/h2>\n<h3>Estetik G\u00f6r\u00fcn\u00fcm<\/h3>\n<p>Zirkonyum implantlar beyaz renkte olduklar\u0131 i\u00e7in do\u011fal di\u015f g\u00f6r\u00fcn\u00fcm\u00fcne son derece yak\u0131nd\u0131r. \u00d6zellikle \u00f6n di\u015flerde uyguland\u0131\u011f\u0131nda metal implantlar\u0131n koyu renk yans\u0131malar\u0131n\u0131 engelleyerek daha estetik bir g\u00f6r\u00fcn\u00fcm sunar.<\/p>\n<h3>Biyouyumlu Yap\u0131<\/h3>\n<p>Zirkonyum, insan v\u00fccuduyla y\u00fcksek uyum g\u00f6steren bir malzemedir. Bu sayede, alerjik reaksiyon riski olduk\u00e7a d\u00fc\u015f\u00fckt\u00fcr. Metal implantlarda nadir de olsa ya\u015fanan baz\u0131 hassasiyet problemleri, zirkonyumda genellikle g\u00f6r\u00fclmez.<\/p>\n<h3>Dayan\u0131kl\u0131l\u0131k ve Sa\u011flaml\u0131k<\/h3>\n<p>Zirkonyum, olduk\u00e7a sert ve dayan\u0131kl\u0131 bir malzemedir. A\u015f\u0131nmaya kar\u015f\u0131 diren\u00e7lidir ve uzun y\u0131llar boyunca g\u00fcvenle kullan\u0131labilir. Zirkonyum implantlar\u0131n k\u0131r\u0131lma riski d\u00fc\u015f\u00fckt\u00fcr ve bu \u00f6zelli\u011fi ile di\u015f sa\u011fl\u0131\u011f\u0131n\u0131 uzun s\u00fcre korur.<\/p>\n<h3>Di\u015f Eti Sa\u011fl\u0131\u011f\u0131na Uyum<\/h3>\n<p>Zirkonyum implantlar\u0131n di\u015f etine uyumu y\u00fcksektir ve di\u015f etinde renk de\u011fi\u015fimi olu\u015fturmaz. Bu \u00f6zellik, di\u015f eti \u00e7ekilmelerinde bile implant\u0131n do\u011fal bir g\u00f6r\u00fcn\u00fcm sergilemesini sa\u011flar.<\/p>\n<h3>Bakteri Tutulumu Azaltma<\/h3>\n<p>P\u00fcr\u00fczs\u00fcz y\u00fczeye sahip olan zirkonyum implantlar, bakteri tutulumunu azaltmaya yard\u0131mc\u0131 olur. B\u00f6ylece a\u011f\u0131z hijyenini korumak daha kolay hale gelir ve implant etraf\u0131nda iltihaplanma riskini azalt\u0131r.<\/p>\n<h3>Kimler Zirkonyum \u0130mplant Tercih Etmelidir?<\/h3>\n<p>Zirkonyum implantlar \u00f6zellikle estetik kayg\u0131lar\u0131 y\u00fcksek olan ki\u015filer i\u00e7in m\u00fckemmel bir se\u00e7enektir. \u00d6n di\u015flerinde eksiklik olanlar, metal alerjisi bulunanlar ya da di\u015f eti hassasiyetine sahip olan bireyler zirkonyum implantlardan fayda g\u00f6rebilirler.<\/p>\n<h3>Zirkonyum \u0130mplantlar\u0131n Dezavantajlar\u0131 Var m\u0131?<\/h3>\n<p>Her tedavi se\u00e7ene\u011finde oldu\u011fu gibi, zirkonyum implantlar\u0131n da baz\u0131 dezavantajlar\u0131 olabilir. \u00d6rne\u011fin, maliyeti geleneksel titanyum implantlara g\u00f6re daha y\u00fcksektir. Ayr\u0131ca, \u00e7ok kompleks vakalarda cerrahlar daha geleneksel implant se\u00e7eneklerini tercih edebilir.<\/p>\n<p>Zirkonyum implantlar, di\u015f esteti\u011fi ve sa\u011fl\u0131\u011f\u0131 a\u00e7\u0131s\u0131ndan modern ve estetik bir \u00e7\u00f6z\u00fcmd\u00fcr. Do\u011fal di\u015f g\u00f6r\u00fcn\u00fcm\u00fc aray\u0131\u015f\u0131nda olanlar ve metal i\u00e7ermeyen implant tercih edenler i\u00e7in ideal bir alternatiftir.<\/p>\n<\/div><\/div><\/div><div class=\"fusion-layout-column fusion_builder_column fusion-builder-column-1 awb-sticky awb-sticky-small awb-sticky-medium awb-sticky-large fusion_builder_column_1_3 1_3 fusion-flex-column fusion-flex-align-self-flex-start fusion-animated\" style=\"--awb-padding-top:2vw;--awb-padding-right:2vw;--awb-padding-bottom:2vw;--awb-padding-left:2vw;--awb-padding-top-small:11vw;--awb-padding-right-small:11vw;--awb-padding-bottom-small:11vw;--awb-padding-left-small:11vw;--awb-overflow:hidden;--awb-bg-color:var(--awb-color7);--awb-bg-color-hover:var(--awb-color7);--awb-bg-size:cover;--awb-border-radius:6px 6px 6px 6px;--awb-width-large:33.333333333333%;--awb-margin-top-large:0px;--awb-spacing-right-large:7.125%;--awb-margin-bottom-large:0px;--awb-spacing-left-large:7.125%;--awb-width-medium:50%;--awb-order-medium:0;--awb-spacing-right-medium:4.75%;--awb-spacing-left-medium:4.75%;--awb-width-small:100%;--awb-order-small:0;--awb-spacing-right-small:2.375%;--awb-spacing-left-small:2.375%;\" data-animationType=\"fadeInUp\" data-animationDuration=\"1.5\" data-animationOffset=\"top-into-view\" data-scroll-devices=\"small-visibility,medium-visibility,large-visibility\"><div class=\"fusion-column-wrapper fusion-column-has-shadow fusion-flex-justify-content-flex-start fusion-content-layout-block\"><div class=\"fusion-title title fusion-title-2 fusion-sep-none fusion-title-center fusion-title-text fusion-title-size-two\" style=\"--awb-text-color:var(--awb-color1);--awb-margin-bottom:10px;\"><h2 class=\"fusion-title-heading title-heading-center\" style=\"margin:0;\">Randevu Olu\u015ftur<\/h2><\/div><div class=\"fusion-separator fusion-full-width-sep\" style=\"align-self: center;margin-left: auto;margin-right: auto;width:100%;\"><\/div><div class=\"fusion-text fusion-text-3\" style=\"--awb-content-alignment:center;--awb-font-size:17px;--awb-line-height:0.3;--awb-text-color:var(--awb-color1);\"><p>Formu doldurun<\/p>\n<p>sizinle ileti\u015fime ge\u00e7elim<\/p>\n<\/div><div class=\"fusion-form fusion-form-builder fusion-form-form-wrapper fusion-form-694\" style=\"--awb-margin-top:4%;--awb-tooltip-text-color:#ffffff;--awb-tooltip-background-color:#333333;\" data-form-id=\"694\" data-config=\"{&quot;form_id&quot;:694,&quot;form_post_id&quot;:694,&quot;post_id&quot;:4369,&quot;form_type&quot;:&quot;ajax&quot;,&quot;confirmation_type&quot;:&quot;message&quot;,&quot;redirect_url&quot;:&quot;&quot;,&quot;redirect_timeout&quot;:&quot;0&quot;,&quot;field_labels&quot;:{&quot;name_surname&quot;:&quot;&quot;,&quot;number&quot;:&quot;&quot;,&quot;email_address&quot;:&quot;&quot;,&quot;tibbi_goruntuler&quot;:&quot;&quot;},&quot;field_logics&quot;:{&quot;name_surname&quot;:&quot;&quot;,&quot;number&quot;:&quot;&quot;,&quot;email_address&quot;:&quot;&quot;,&quot;tibbi_goruntuler&quot;:&quot;&quot;,&quot;notice_1&quot;:&quot;[]&quot;,&quot;submit_1&quot;:&quot;&quot;},&quot;field_types&quot;:{&quot;name_surname&quot;:&quot;text&quot;,&quot;number&quot;:&quot;text&quot;,&quot;email_address&quot;:&quot;email&quot;,&quot;tibbi_goruntuler&quot;:&quot;upload&quot;,&quot;notice_1&quot;:&quot;notice&quot;,&quot;submit_1&quot;:&quot;submit&quot;},&quot;nonce_method&quot;:&quot;none&quot;,&quot;form_views&quot;:&quot;ajax&quot;,&quot;form_views_counting&quot;:&quot;all&quot;}\"><form action=\"https:\/\/furkanozay.com\/en\/implant-treatments\/zirconium-implant\/\" method=\"get\" class=\"fusion-form fusion-form-694\" enctype=\"multipart\/form-data\"><div class=\"fusion-fullwidth fullwidth-box fusion-builder-row-1-1 fusion-flex-container nonhundred-percent-fullwidth non-hundred-percent-height-scrolling\" style=\"--awb-border-radius-top-left:0px;--awb-border-radius-top-right:0px;--awb-border-radius-bottom-right:0px;--awb-border-radius-bottom-left:0px;--awb-padding-top:0px;--awb-padding-right:0px;--awb-padding-bottom:0px;--awb-padding-left:0px;--awb-margin-top:0px;--awb-margin-bottom:0px;--awb-flex-wrap:wrap;\" ><div class=\"fusion-builder-row fusion-row fusion-flex-align-items-flex-start fusion-flex-content-wrap\" style=\"width:105% !important;max-width:105% !important;margin-left: calc(-5% \/ 2 );margin-right: calc(-5% \/ 2 );\"><div class=\"fusion-layout-column fusion_builder_column fusion-builder-column-2 fusion_builder_column_1_1 1_1 fusion-flex-column\" style=\"--awb-bg-size:cover;--awb-width-large:100%;--awb-flex-grow:0;--awb-flex-shrink:0;--awb-margin-top-large:0px;--awb-spacing-right-large:2.375%;--awb-margin-bottom-large:0px;--awb-spacing-left-large:2.375%;--awb-width-medium:100%;--awb-order-medium:0;--awb-flex-grow-medium:0;--awb-flex-shrink-medium:0;--awb-spacing-right-medium:2.375%;--awb-spacing-left-medium:2.375%;--awb-width-small:100%;--awb-order-small:0;--awb-flex-grow-small:0;--awb-flex-shrink-small:0;--awb-spacing-right-small:2.375%;--awb-spacing-left-small:2.375%;\"><div class=\"fusion-column-wrapper fusion-column-has-shadow fusion-flex-justify-content-flex-start fusion-content-layout-column\"><div class=\"fusion-form-field fusion-form-text-field fusion-form-label-above\" style=\"\" data-form-id=\"694\"><input type=\"text\" autocomplete=\"off\" name=\"name_surname\" id=\"name_surname\" value=\"\"  class=\"fusion-form-input\" required=\"true\" aria-required=\"true\" placeholder=\"Ad Soyad *\" data-holds-private-data=\"false\" minlength=\"0\"\/><\/div><\/div><\/div><div class=\"fusion-layout-column fusion_builder_column fusion-builder-column-3 fusion_builder_column_1_1 1_1 fusion-flex-column\" style=\"--awb-bg-size:cover;--awb-width-large:100%;--awb-flex-grow:0;--awb-flex-shrink:0;--awb-margin-top-large:0px;--awb-spacing-right-large:2.375%;--awb-margin-bottom-large:0px;--awb-spacing-left-large:2.375%;--awb-width-medium:100%;--awb-order-medium:0;--awb-flex-grow-medium:0;--awb-flex-shrink-medium:0;--awb-spacing-right-medium:2.375%;--awb-spacing-left-medium:2.375%;--awb-width-small:100%;--awb-order-small:0;--awb-flex-grow-small:0;--awb-flex-shrink-small:0;--awb-spacing-right-small:2.375%;--awb-spacing-left-small:2.375%;\"><div class=\"fusion-column-wrapper fusion-column-has-shadow fusion-flex-justify-content-flex-start fusion-content-layout-column\"><div class=\"fusion-form-field fusion-form-text-field fusion-form-label-above\" style=\"\" data-form-id=\"694\"><input type=\"text\" autocomplete=\"off\" name=\"number\" id=\"number\" value=\"\"  class=\"fusion-form-input\" required=\"true\" aria-required=\"true\" placeholder=\"Telefon *\" data-holds-private-data=\"false\" minlength=\"0\"\/><\/div><\/div><\/div><div class=\"fusion-layout-column fusion_builder_column fusion-builder-column-4 fusion_builder_column_1_1 1_1 fusion-flex-column\" style=\"--awb-bg-size:cover;--awb-width-large:100%;--awb-flex-grow:0;--awb-flex-shrink:0;--awb-margin-top-large:0px;--awb-spacing-right-large:2.375%;--awb-margin-bottom-large:0px;--awb-spacing-left-large:2.375%;--awb-width-medium:100%;--awb-order-medium:0;--awb-flex-grow-medium:0;--awb-flex-shrink-medium:0;--awb-spacing-right-medium:2.375%;--awb-spacing-left-medium:2.375%;--awb-width-small:100%;--awb-order-small:0;--awb-flex-grow-small:0;--awb-flex-shrink-small:0;--awb-spacing-right-small:2.375%;--awb-spacing-left-small:2.375%;\"><div class=\"fusion-column-wrapper fusion-column-has-shadow fusion-flex-justify-content-flex-start fusion-content-layout-column\"><div class=\"fusion-form-field fusion-form-email-field fusion-form-label-above\" style=\"\" data-form-id=\"694\"><input type=\"email\" autocomplete=\"off\" name=\"email_address\" id=\"email_address\" value=\"\"  class=\"fusion-form-input\" required=\"true\" aria-required=\"true\" placeholder=\"E-mail *\" data-holds-private-data=\"false\"\/><\/div><\/div><\/div><div class=\"fusion-layout-column fusion_builder_column fusion-builder-column-5 fusion_builder_column_1_1 1_1 fusion-flex-column\" style=\"--awb-bg-size:cover;--awb-width-large:100%;--awb-flex-grow:0;--awb-flex-shrink:0;--awb-margin-top-large:0px;--awb-spacing-right-large:2.375%;--awb-margin-bottom-large:0px;--awb-spacing-left-large:2.375%;--awb-width-medium:100%;--awb-order-medium:0;--awb-flex-grow-medium:0;--awb-flex-shrink-medium:0;--awb-spacing-right-medium:2.375%;--awb-spacing-left-medium:2.375%;--awb-width-small:100%;--awb-order-small:0;--awb-flex-grow-small:0;--awb-flex-shrink-small:0;--awb-spacing-right-small:2.375%;--awb-spacing-left-small:2.375%;\"><div class=\"fusion-column-wrapper fusion-column-has-shadow fusion-flex-justify-content-flex-start fusion-content-layout-column\"><div class=\"fusion-form-field fusion-form-upload-field fusion-form-label-above\" style=\"--awb-preview-thumb-width:115px;\" data-form-id=\"694\"><div class=\"fusion-form-tooltip\"><i class=\"awb-icon-question-circle\"><\/i><span class=\"fusion-form-tooltip-content\">R\u00f6ntgen ve T\u0131bbi G\u00f6r\u00fcnt\u00fcler<\/span><\/div><div class=\"fusion-form-input-with-icon\"><i class=\" fa-folder-open fas\"><\/i><div class=\"fusion-form-upload-field-container\"><input type=\"file\" id=\"tibbi_goruntuler\" name=\"tibbi_goruntuler[]\" value=\"\"  class=\"fusion-form-input\" placeholder=\"R\u00f6ntgen ve T\u0131bbi G\u00f6r\u00fcnt\u00fcler \" data-size=\"20\" multiple data-single-add-remove=\"no\" data-min-upload-files=\"0\" data-max-upload-files=\"0\" data-uploads-preview=\"filenames\"\/><div class=\"fusion-form-upload-field\"  data-holds-private-data=\"false\"><span class=\"awb-upload-placeholder\" data-default=\"R\u00f6ntgen ve T\u0131bbi G\u00f6r\u00fcnt\u00fcler\">R\u00f6ntgen ve T\u0131bbi G\u00f6r\u00fcnt\u00fcler<\/span><div class=\"awb-uploads-preview\"><div class=\"awb-preview-thumbs\"><\/div><\/div><\/div><div ><a class=\"fusion-button button-flat button-medium button-default fusion-button-default button-1 fusion-button-default-span fusion-button-default-type fusion-form-upload-field-button\" style=\"--button-border-radius-top-left:0px;--button-border-radius-top-right:0px;--button-border-radius-bottom-right:0px;--button-border-radius-bottom-left:0px;\" target=\"_self\" href=\"javascript:void();\"><span class=\"fusion-button-text awb-button__text awb-button__text--default\">Choose File<\/span><\/a><\/div><\/div><\/div><\/div><\/div><\/div><div class=\"fusion-layout-column fusion_builder_column fusion-builder-column-6 fusion_builder_column_1_1 1_1 fusion-flex-column\" style=\"--awb-bg-size:cover;--awb-width-large:100%;--awb-flex-grow:0;--awb-flex-shrink:0;--awb-margin-top-large:0px;--awb-spacing-right-large:2.375%;--awb-margin-bottom-large:0px;--awb-spacing-left-large:2.375%;--awb-width-medium:100%;--awb-order-medium:0;--awb-flex-grow-medium:0;--awb-flex-shrink-medium:0;--awb-spacing-right-medium:2.375%;--awb-spacing-left-medium:2.375%;--awb-width-small:100%;--awb-order-small:0;--awb-flex-grow-small:0;--awb-flex-shrink-small:0;--awb-spacing-right-small:2.375%;--awb-spacing-left-small:2.375%;\"><div class=\"fusion-column-wrapper fusion-column-has-shadow fusion-flex-justify-content-flex-start fusion-content-layout-column\"><div class=\"form-submission-notices data-notice_1\" id=\"fusion-notices-1\"><div class=\"fusion-alert alert success alert-success fusion-alert-center fusion-form-response fusion-form-response-success awb-alert-native-link-color alert-dismissable awb-alert-close-boxed\" role=\"alert\"><div class=\"fusion-alert-content-wrapper\"><span class=\"alert-icon\"><i class=\"awb-icon-check-circle\" aria-hidden=\"true\"><\/i><\/span><span class=\"fusion-alert-content\">Mesaj\u0131n\u0131z g\u00f6nderildi. Mesaj\u0131n\u0131z i\u00e7in te\u015fekk\u00fcr ederiz. En k\u0131sa s\u00fcrede ileti\u015fime ge\u00e7erek bilgi verece\u011fiz.<\/span><\/div><button type=\"button\" class=\"close toggle-alert\" data-dismiss=\"alert\" aria-label=\"Close\">&times;<\/button><\/div><div class=\"fusion-alert alert error alert-danger fusion-alert-center fusion-form-response fusion-form-response-error awb-alert-native-link-color alert-dismissable awb-alert-close-boxed\" role=\"alert\"><div class=\"fusion-alert-content-wrapper\"><span class=\"alert-icon\"><i class=\"awb-icon-exclamation-triangle\" aria-hidden=\"true\"><\/i><\/span><span class=\"fusion-alert-content\">Bir hata olu\u015ftu. L\u00fctfen bilgileri bilgileri kontrol ederek yeniden g\u00f6nderin.<\/span><\/div><button type=\"button\" class=\"close toggle-alert\" data-dismiss=\"alert\" aria-label=\"Close\">&times;<\/button><\/div><\/div><div class=\"fusion-form-field fusion-form-submit-field fusion-form-label-above\" style=\"\" data-form-id=\"694\"><div ><button type=\"submit\" class=\"fusion-button button-flat button-xlarge button-custom fusion-button-default button-2 fusion-button-span-yes  button-default form-form-submit\" style=\"--button_accent_color:var(--awb-color5);--button_accent_hover_color:var(--awb-color1);--button_border_hover_color:var(--awb-color1);--button_border_width-top:0px;--button_border_width-right:0px;--button_border_width-bottom:0px;--button_border_width-left:0px;--button_gradient_top_color:var(--awb-color1);--button_gradient_bottom_color:var(--awb-color1);--button_gradient_top_color_hover:var(--awb-color5);--button_gradient_bottom_color_hover:var(--awb-color5);--button_margin-top:15px;\" data-form-number=\"694\" tabindex=\"\"><span class=\"fusion-button-text awb-button__text awb-button__text--default\">G\u00f6nder<\/span><\/button><\/div><\/div><\/div><\/div><\/div><\/div><input type=\"hidden\" name=\"fusion_privacy_store_ip_ua\" value=\"false\"><input type=\"hidden\" name=\"fusion_privacy_expiration_interval\" value=\"48\"><input type=\"hidden\" name=\"privacy_expiration_action\" value=\"anonymize\"><\/form><\/div><\/div><\/div><\/div><\/div>\n","protected":false},"excerpt":{"rendered":"","protected":false},"author":1,"featured_media":0,"parent":4203,"menu_order":3,"comment_status":"closed","ping_status":"closed","template":"100-width.php","meta":{"footnotes":""},"class_list":["post-4369","page","type-page","status-publish","hentry"],"_links":{"self":[{"href":"https:\/\/furkanozay.com\/en\/wp-json\/wp\/v2\/pages\/4369","targetHints":{"allow":["GET"]}}],"collection":[{"href":"https:\/\/furkanozay.com\/en\/wp-json\/wp\/v2\/pages"}],"about":[{"href":"https:\/\/furkanozay.com\/en\/wp-json\/wp\/v2\/types\/page"}],"author":[{"embeddable":true,"href":"https:\/\/furkanozay.com\/en\/wp-json\/wp\/v2\/users\/1"}],"replies":[{"embeddable":true,"href":"https:\/\/furkanozay.com\/en\/wp-json\/wp\/v2\/comments?post=4369"}],"version-history":[{"count":2,"href":"https:\/\/furkanozay.com\/en\/wp-json\/wp\/v2\/pages\/4369\/revisions"}],"predecessor-version":[{"id":4374,"href":"https:\/\/furkanozay.com\/en\/wp-json\/wp\/v2\/pages\/4369\/revisions\/4374"}],"up":[{"embeddable":true,"href":"https:\/\/furkanozay.com\/en\/wp-json\/wp\/v2\/pages\/4203"}],"wp:attachment":[{"href":"https:\/\/furkanozay.com\/en\/wp-json\/wp\/v2\/media?parent=4369"}],"curies":[{"name":"wp","href":"https:\/\/api.w.org\/{rel}","templated":true}]}}