{"id":4029,"date":"2020-10-03T17:14:03","date_gmt":"2020-10-03T17:14:03","guid":{"rendered":"https:\/\/furkanozay.com\/about-me\/"},"modified":"2025-02-15T09:52:31","modified_gmt":"2025-02-15T09:52:31","slug":"about-me","status":"publish","type":"page","link":"https:\/\/furkanozay.com\/en\/about-me\/","title":{"rendered":"ABOUT ME"},"content":{"rendered":"<div class=\"fusion-fullwidth fullwidth-box fusion-builder-row-1 fusion-flex-container has-pattern-background has-mask-background hundred-percent-fullwidth non-hundred-percent-height-scrolling\" style=\"--awb-border-color:var(--awb-color4);--awb-border-radius-top-left:0px;--awb-border-radius-top-right:0px;--awb-border-radius-bottom-right:0px;--awb-border-radius-bottom-left:0px;--awb-padding-top:0px;--awb-padding-right:0px;--awb-padding-bottom:0px;--awb-padding-left:0px;--awb-margin-top:0px;--awb-margin-bottom:0px;--awb-background-color:var(--awb-color2);--awb-flex-wrap:wrap;\" ><div class=\"fusion-builder-row fusion-row fusion-flex-align-items-stretch fusion-flex-content-wrap\" style=\"width:calc( 100% + 0px ) !important;max-width:calc( 100% + 0px ) !important;margin-left: calc(-0px \/ 2 );margin-right: calc(-0px \/ 2 );\"><div class=\"fusion-layout-column fusion_builder_column fusion-builder-column-0 fusion_builder_column_1_2 1_2 fusion-flex-column\" style=\"--awb-padding-top:0px;--awb-padding-right:6vw;--awb-padding-bottom:13vh;--awb-padding-left:6vw;--awb-padding-top-medium:8vw;--awb-padding-bottom-medium:8vw;--awb-padding-top-small:10vh;--awb-padding-bottom-small:10vh;--awb-bg-position:center top;--awb-bg-size:cover;--awb-border-color:var(--awb-color4);--awb-border-style:solid;--awb-width-large:50%;--awb-margin-top-large:-60px;--awb-spacing-right-large:0px;--awb-margin-bottom-large:0px;--awb-spacing-left-large:0px;--awb-width-medium:50%;--awb-order-medium:0;--awb-spacing-right-medium:0px;--awb-spacing-left-medium:0px;--awb-width-small:100%;--awb-order-small:1;--awb-spacing-right-small:0px;--awb-spacing-left-small:0px;\" data-scroll-devices=\"small-visibility,medium-visibility,large-visibility\"><div class=\"fusion-column-wrapper lazyload fusion-column-has-shadow fusion-flex-justify-content-flex-start fusion-content-layout-column fusion-empty-column-bg-image fusion-column-has-bg-image\" data-bg-url=\"https:\/\/furkanozay.com\/wp-content\/uploads\/2025\/01\/DSCF0534-scaled.jpg\" data-bg=\"https:\/\/furkanozay.com\/wp-content\/uploads\/2025\/01\/DSCF0534-scaled.jpg\"><img decoding=\"async\" class=\"fusion-empty-dims-img-placeholder fusion-no-large-visibility fusion-no-medium-visibility\" aria-label=\"DSCF0534\" src=\"data:image\/svg+xml,%3Csvg%20xmlns%3D%27http%3A%2F%2Fwww.w3.org%2F2000%2Fsvg%27%20width%3D%271707%27%20height%3D%272560%27%20viewBox%3D%270%200%201707%202560%27%3E%3Crect%20width%3D%271707%27%20height%3D%272560%27%20fill-opacity%3D%220%22%2F%3E%3C%2Fsvg%3E\"><\/div><\/div><div class=\"fusion-layout-column fusion_builder_column fusion-builder-column-1 fusion_builder_column_1_2 1_2 fusion-flex-column\" style=\"--awb-padding-top:13vh;--awb-padding-right:6vw;--awb-padding-bottom:13vh;--awb-padding-left:6vw;--awb-padding-top-medium:8vw;--awb-padding-bottom-medium:8vw;--awb-padding-top-small:10vh;--awb-padding-bottom-small:10vh;--awb-bg-size:cover;--awb-border-color:var(--awb-color4);--awb-border-style:solid;--awb-width-large:50%;--awb-margin-top-large:0px;--awb-spacing-right-large:0px;--awb-margin-bottom-large:0px;--awb-spacing-left-large:0px;--awb-width-medium:50%;--awb-order-medium:0;--awb-spacing-right-medium:0px;--awb-spacing-left-medium:0px;--awb-width-small:100%;--awb-order-small:1;--awb-spacing-right-small:0px;--awb-spacing-left-small:0px;\"><div class=\"fusion-column-wrapper fusion-column-has-shadow fusion-flex-justify-content-flex-start fusion-content-layout-column\"><div class=\"fusion-text fusion-text-1\" style=\"--awb-content-alignment:justify;\"><h1>Prof. Dr. Furkan \u00d6zay<\/h1>\n<h3><span style=\"color: var(--awb-text-color); font-family: var(--awb-text-font-family); font-size: var(--awb-font-size); font-style: var(--awb-text-font-style); font-weight: var(--awb-text-font-weight); letter-spacing: var(--awb-letter-spacing); text-align: var(--awb-content-alignment); text-transform: var(--awb-text-transform); background-color: var(--awb-bg-color-hover);\">Oral Implantologist and Aesthetic Dentist<\/span><\/h3>\n<p>Working on dental implants and smile design, Dt.<br \/>\nFurkan \u00d6zay was born in Kayseri.<br \/>\nHe studied in Konya during his middle and high school years.<br \/>\nHe graduated from Konya Hekimo\u011flu Anatolian High School with honors.<br \/>\nShe completed her undergraduate education at Istanbul University Faculty of Dentistry.<br \/>\nHe wrote his graduation thesis on &#8216;Radiotherapy in the head and neck region&#8217;.<br \/>\nDuring her undergraduate studies, she conducted research and observations on implant treatments and surgical procedures of radiotherapy patients.<br \/>\nAfter his undergraduate education, he started his PhD education at Istanbul University Oral Implantology Department.<br \/>\nOur physician, who is still actively involved in the same department, is currently working on his doctoral thesis on &#8216;Retrospective examination of Dental Implants applied after Sinus Lifting&#8217;.<br \/>\nDuring his PhD education, he participated in various domestic and international congresses.<br \/>\nIn 2023, he presented his presentation on &#8220;Immediate Implants in the anterior region&#8221; at the International Team For Implantology Turkey Section meeting to his colleagues in a well-attended symposium.<br \/>\nHe has focused his professional studies mainly on implant applications, immediate implant applications, immediate temporary tooth production after implant, seamless implant, surgically guided implant, sinus lifting, augmentation procedures with bone powder, botox, masseter, tooth tightening treatment, smile design, all on four, all on six implants and laminated, E-max applications.<br \/>\nAs a clinician, he has been serving his patients in Ni\u015fanta\u015f, Istanbul for years.<br \/>\nIt also cares for private patients in Dubai with recognition from the Dubai Health Authority.<br \/>\nHe is married to orthodontist Ay\u015feg\u00fcl Ural \u00d6zay and is the father of twin babies Mert &amp; Berk.<\/p>\n<h3>MEMBER ASSOCIATIONS<\/h3>\n<ul>\n<li>TDB (Turkish Dental Association)<\/li>\n<li>TOID (Turkish Society of Oral Implantology)<\/li>\n<li>ITI (International Team For Implantology)<\/li>\n<li>EAO (European Association for Osseointegration)<\/li>\n<li>OSSEDER (Osseointegration Association)<\/li>\n<li>EDAD (Aesthetic Dental Academy Association)<\/li>\n<\/ul>\n<\/div><div class=\"fusion-social-links fusion-social-links-1\" style=\"--awb-margin-top:0px;--awb-margin-right:0px;--awb-margin-bottom:0px;--awb-margin-left:0px;--awb-box-border-top:0px;--awb-box-border-right:0px;--awb-box-border-bottom:0px;--awb-box-border-left:0px;--awb-icon-colors-hover:rgba(166,109,63,0.8);--awb-box-colors-hover:rgba(242,243,245,0.8);--awb-box-border-color:var(--awb-color3);--awb-box-border-color-hover:var(--awb-color4);\"><div class=\"fusion-social-networks color-type-custom\"><div class=\"fusion-social-networks-wrapper\"><a class=\"fusion-social-network-icon fusion-tooltip fusion-facebook awb-icon-facebook\" style=\"color:var(--awb-color5);font-size:13px;\" data-placement=\"top\" data-title=\"Facebook\" data-toggle=\"tooltip\" title=\"Facebook\" aria-label=\"facebook\" target=\"_blank\" rel=\"noopener noreferrer\" href=\"https:\/\/www.facebook.com\/profile.php?id=61552001852562\"><\/a><a class=\"fusion-social-network-icon fusion-tooltip fusion-instagram awb-icon-instagram\" style=\"color:var(--awb-color5);font-size:13px;\" data-placement=\"top\" data-title=\"Instagram\" data-toggle=\"tooltip\" title=\"Instagram\" aria-label=\"instagram\" target=\"_blank\" rel=\"noopener noreferrer\" href=\"https:\/\/www.instagram.com\/dt.furkanozay\/\"><\/a><a class=\"fusion-social-network-icon fusion-tooltip fusion-youtube awb-icon-youtube\" style=\"color:var(--awb-color5);font-size:13px;\" data-placement=\"top\" data-title=\"YouTube\" data-toggle=\"tooltip\" title=\"YouTube\" aria-label=\"youtube\" target=\"_blank\" rel=\"noopener noreferrer\" href=\"https:\/\/www.youtube.com\/@dt.furkanozay3467\"><\/a><a class=\"fusion-social-network-icon fusion-tooltip fusion-linkedin awb-icon-linkedin\" style=\"color:var(--awb-color5);font-size:13px;\" data-placement=\"top\" data-title=\"LinkedIn\" data-toggle=\"tooltip\" title=\"LinkedIn\" aria-label=\"linkedin\" target=\"_blank\" rel=\"noopener noreferrer\" href=\"https:\/\/www.linkedin.com\/in\/furkan-%C3%B6zay-33a456132\/?originalSubdomain=tr\"><\/a><a class=\"fusion-social-network-icon fusion-tooltip fusion-whatsapp awb-icon-whatsapp\" style=\"color:var(--awb-color5);font-size:13px;\" data-placement=\"top\" data-title=\"WhatsApp\" data-toggle=\"tooltip\" title=\"WhatsApp\" aria-label=\"whatsapp\" target=\"_blank\" rel=\"noopener noreferrer\" href=\"https:\/\/api.whatsapp.com\/send\/?phone=905326524767&amp;text&amp;type=phone_number&amp;app_absent=0\"><\/a><\/div><\/div><\/div><\/div><\/div><\/div><\/div>\n","protected":false},"excerpt":{"rendered":"","protected":false},"author":1,"featured_media":0,"parent":0,"menu_order":0,"comment_status":"closed","ping_status":"closed","template":"100-width.php","meta":{"footnotes":""},"class_list":["post-4029","page","type-page","status-publish","hentry"],"_links":{"self":[{"href":"https:\/\/furkanozay.com\/en\/wp-json\/wp\/v2\/pages\/4029","targetHints":{"allow":["GET"]}}],"collection":[{"href":"https:\/\/furkanozay.com\/en\/wp-json\/wp\/v2\/pages"}],"about":[{"href":"https:\/\/furkanozay.com\/en\/wp-json\/wp\/v2\/types\/page"}],"author":[{"embeddable":true,"href":"https:\/\/furkanozay.com\/en\/wp-json\/wp\/v2\/users\/1"}],"replies":[{"embeddable":true,"href":"https:\/\/furkanozay.com\/en\/wp-json\/wp\/v2\/comments?post=4029"}],"version-history":[{"count":10,"href":"https:\/\/furkanozay.com\/en\/wp-json\/wp\/v2\/pages\/4029\/revisions"}],"predecessor-version":[{"id":4838,"href":"https:\/\/furkanozay.com\/en\/wp-json\/wp\/v2\/pages\/4029\/revisions\/4838"}],"wp:attachment":[{"href":"https:\/\/furkanozay.com\/en\/wp-json\/wp\/v2\/media?parent=4029"}],"curies":[{"name":"wp","href":"https:\/\/api.w.org\/{rel}","templated":true}]}}