{"id":4934,"date":"2024-11-08T11:10:26","date_gmt":"2024-11-08T11:10:26","guid":{"rendered":"https:\/\/furkanozay.com\/dental-treatments\/wurzelkanalbehandlung-endodontische-behandlung\/"},"modified":"2025-03-21T09:16:39","modified_gmt":"2025-03-21T09:16:39","slug":"wurzelkanalbehandlung-endodontische-behandlung","status":"publish","type":"page","link":"https:\/\/furkanozay.com\/de\/dental-treatments\/wurzelkanalbehandlung-endodontische-behandlung\/","title":{"rendered":"Wurzelkanalbehandlung (Endodontische Behandlung)"},"content":{"rendered":"<div class=\"fusion-fullwidth fullwidth-box fusion-builder-row-1 fusion-flex-container has-pattern-background has-mask-background nonhundred-percent-fullwidth non-hundred-percent-height-scrolling\" style=\"--awb-border-radius-top-left:0px;--awb-border-radius-top-right:0px;--awb-border-radius-bottom-right:0px;--awb-border-radius-bottom-left:0px;--awb-flex-wrap:wrap;\" ><div class=\"fusion-builder-row fusion-row fusion-flex-align-items-flex-start fusion-flex-content-wrap\" style=\"max-width:1365px;margin-left: calc(-5% \/ 2 );margin-right: calc(-5% \/ 2 );\"><div class=\"fusion-layout-column fusion_builder_column fusion-builder-column-0 fusion_builder_column_2_3 2_3 fusion-flex-column\" style=\"--awb-bg-size:cover;--awb-width-large:66.666666666667%;--awb-margin-top-large:0px;--awb-spacing-right-large:3.5625%;--awb-margin-bottom-large:20px;--awb-spacing-left-large:3.5625%;--awb-width-medium:66.666666666667%;--awb-order-medium:0;--awb-spacing-right-medium:3.5625%;--awb-spacing-left-medium:3.5625%;--awb-width-small:100%;--awb-order-small:0;--awb-spacing-right-small:2.375%;--awb-spacing-left-small:2.375%;\"><div class=\"fusion-column-wrapper fusion-column-has-shadow fusion-flex-justify-content-flex-start fusion-content-layout-column\"><div class=\"fusion-title title fusion-title-1 fusion-sep-none fusion-title-text fusion-title-size-one\" style=\"--awb-font-size:40px;\"><h1 class=\"fusion-title-heading title-heading-left\" style=\"margin:0;font-size:1em;\"><h1>Wurzelkanalbehandlung (Endodontische Behandlung)<\/h1><\/h1><\/div><div class=\"fusion-text fusion-text-1 fusion-no-small-visibility fusion-no-medium-visibility\" style=\"--awb-content-alignment:justify;--awb-font-size:16px;\"><p>Die Wurzelkanalbehandlung ist ein Verfahren, das angewendet wird, wenn das Zahnnervgewebe und die Blutgef\u00e4\u00dfe, die sich im Inneren des Zahnes befinden, durch Karies, Trauma oder Infektionen gesch\u00e4digt oder infiziert sind. Bei einer Wurzelkanalbehandlung wird das besch\u00e4digte oder infizierte Gewebe entfernt und der Zahn wieder funktionst\u00fcchtig gemacht.  <\/p>\n<h2>Wie Wird Eine Wurzelkanalbehandlung Durchgef\u00fchrt?<\/h2>\n<h3>Untersuchung und R\u00f6ntgenaufnahme<\/h3>\n<p>Der Zahnarzt bewertet den Zustand des Zahnes und fertigt bei Bedarf eine R\u00f6ntgenaufnahme an, um den Zustand der Zahnwurzel und des umgebenden Gewebes zu \u00fcberpr\u00fcfen. Anhand des R\u00f6ntgens wird die L\u00e4nge des Wurzelkanals und die Ausbreitung der Infektion festgestellt. <\/p>\n<h3>Anwendung von An\u00e4sthesie<\/h3>\n<p>Um Schmerzen w\u00e4hrend des Verfahrens zu vermeiden, wird an der betroffenen Stelle eine lokale An\u00e4sthesie verabreicht. So f\u00fchlt der Patient keine Schmerzen oder Unannehmlichkeiten. <\/p>\n<h3>Zugang zum Zahninneren<\/h3>\n<p>Es wird ein kleines Loch in den Zahn gebohrt, um Zugang zu den Wurzelkan\u00e4len zu erhalten. Durch dieses Loch wird das infizierte oder besch\u00e4digte Zahnnervgewebe entfernt. <\/p>\n<h3>Reinigung des Zahnnervgewebes<\/h3>\n<p>Das infizierte Zahnnervgewebe wird mit speziellen Instrumenten vollst\u00e4ndig entfernt. In diesem Schritt werden die Wurzelkan\u00e4le gereinigt und geformt. <\/p>\n<h3>Desinfektion<\/h3>\n<p>Die Wurzelkan\u00e4le werden mit speziellen antiseptischen L\u00f6sungen desinfiziert, um die Bakterien im Kanal zu beseitigen und die Infektion vollst\u00e4ndig zu entfernen. <\/p>\n<h3>F\u00fcllung der Wurzelkan\u00e4le<\/h3>\n<p>Die gereinigten und geformten Wurzelkan\u00e4le werden mit einem biokompatiblen F\u00fcllmaterial (meistens einem gummiartigen Material namens Guttapercha) gef\u00fcllt. Diese F\u00fcllung verhindert eine erneute Infektion und sorgt f\u00fcr Stabilit\u00e4t des Zahns. <\/p>\n<h3>Restaurierung des Zahnoberbaus<\/h3>\n<p>Nach Abschluss der Wurzelkanalbehandlung wird das gebohrte Loch im Zahn verschlossen. In der Regel wird eine F\u00fcllung oder Krone aufgebracht, um die Funktionalit\u00e4t und das \u00e4sthetische Aussehen des Zahns wiederherzustellen. <\/p>\n<h2>Vorteile der Wurzelkanalbehandlung<\/h2>\n<h3>Erhaltung des Zahns ohne Extraktion:<\/h3>\n<p>Die Wurzelkanalbehandlung verhindert, dass der Zahn extrahiert werden muss, und bewahrt die nat\u00fcrliche Zahnstruktur. <\/p>\n<h3>Schmerzlinderung:<\/h3>\n<p>Durch die Entfernung des infizierten oder entz\u00fcndeten Zahnnervs wird der Zahnschmerz vollst\u00e4ndig beseitigt. <\/p>\n<h3>Verhinderung der Ausbreitung der Infektion:<\/h3>\n<p>Die Wurzelkanalbehandlung verhindert die Ausbreitung der Infektion in das Zahnfleisch, den Kieferknochen und andere Z\u00e4hne. <\/p>\n<h3>Erhaltung der Kaubefunktion:<\/h3>\n<p>Nach der Wurzelkanalbehandlung wird die Funktion des Zahns wiederhergestellt, sodass der Patient den Zahn normal verwenden kann. <\/p>\n<h3>\u00c4sthetischer Vorteil:<\/h3>\n<p>Der behandelte Zahn wird so wiederhergestellt, dass er das nat\u00fcrliche Aussehen eines Zahns bewahrt. <\/p>\n<h3>Langfristige L\u00f6sung:<\/h3>\n<p>Wenn die Behandlung korrekt durchgef\u00fchrt wird, bleibt der Zahn \u00fcber viele Jahre gesund und funktionst\u00fcchtig. <\/p>\n<h2>Worauf Nach einer Wurzelkanalbehandlung Achten?<\/h2>\n<ul>\n<li>Zahnpflege: Um die Lebensdauer des behandelten Zahns zu verl\u00e4ngern, ist es wichtig, regelm\u00e4\u00dfig die Z\u00e4hne zu putzen, Zahnseide zu verwenden und auf die Mundhygiene zu achten.<\/li>\n<li>Regelm\u00e4\u00dfige Zahnarztbesuche: Nach der Behandlung sollte der Zahnarzt regelm\u00e4\u00dfig zur Kontrolle aufgesucht werden, um den Zustand des Zahns zu \u00fcberpr\u00fcfen.<\/li>\n<li>Vermeidung harter Nahrungsmittel: Um das Risiko des Brechens des behandelten Zahns zu verringern, sollte man harte Lebensmittel vermeiden.<\/li>\n<\/ul>\n<p>Die Wurzelkanalbehandlung ist eine der effektivsten Methoden zur Rettung eines infizierten oder besch\u00e4digten Zahns und zur Aufrechterhaltung seiner Funktionalit\u00e4t. Durch eine Wurzelkanalbehandlung wird der Zahn anstelle einer Extraktion erhalten, und der Patient erh\u00e4lt eine \u00e4sthetische und funktionelle L\u00f6sung. Die regelm\u00e4\u00dfige Pflege des behandelten Zahns sorgt daf\u00fcr, dass dieser langfristig erhalten bleibt.<\/p>\n<\/div><div class=\"fusion-text fusion-text-2 fusion-no-large-visibility\" style=\"--awb-content-alignment:left;--awb-font-size:16px;\"><p>Die Wurzelkanalbehandlung ist ein Verfahren, das angewendet wird, wenn das Zahnnervgewebe und die Blutgef\u00e4\u00dfe, die sich im Inneren des Zahnes befinden, durch Karies, Trauma oder Infektionen gesch\u00e4digt oder infiziert sind. Bei einer Wurzelkanalbehandlung wird das besch\u00e4digte oder infizierte Gewebe entfernt und der Zahn wieder funktionst\u00fcchtig gemacht.  <\/p>\n<h2>Wie Wird Eine Wurzelkanalbehandlung Durchgef\u00fchrt?<\/h2>\n<h3>Untersuchung und R\u00f6ntgenaufnahme<\/h3>\n<p>Der Zahnarzt bewertet den Zustand des Zahnes und fertigt bei Bedarf eine R\u00f6ntgenaufnahme an, um den Zustand der Zahnwurzel und des umgebenden Gewebes zu \u00fcberpr\u00fcfen. Anhand des R\u00f6ntgens wird die L\u00e4nge des Wurzelkanals und die Ausbreitung der Infektion festgestellt. <\/p>\n<h3>Anwendung von An\u00e4sthesie<\/h3>\n<p>Um Schmerzen w\u00e4hrend des Verfahrens zu vermeiden, wird an der betroffenen Stelle eine lokale An\u00e4sthesie verabreicht. So f\u00fchlt der Patient keine Schmerzen oder Unannehmlichkeiten. <\/p>\n<h3>Zugang zum Zahninneren<\/h3>\n<p>Es wird ein kleines Loch in den Zahn gebohrt, um Zugang zu den Wurzelkan\u00e4len zu erhalten. Durch dieses Loch wird das infizierte oder besch\u00e4digte Zahnnervgewebe entfernt. <\/p>\n<h3>Reinigung des Zahnnervgewebes<\/h3>\n<p>Das infizierte Zahnnervgewebe wird mit speziellen Instrumenten vollst\u00e4ndig entfernt. In diesem Schritt werden die Wurzelkan\u00e4le gereinigt und geformt. <\/p>\n<h3>Desinfektion<\/h3>\n<p>Die Wurzelkan\u00e4le werden mit speziellen antiseptischen L\u00f6sungen desinfiziert, um die Bakterien im Kanal zu beseitigen und die Infektion vollst\u00e4ndig zu entfernen. <\/p>\n<h3>F\u00fcllung der Wurzelkan\u00e4le<\/h3>\n<p>Die gereinigten und geformten Wurzelkan\u00e4le werden mit einem biokompatiblen F\u00fcllmaterial (meistens einem gummiartigen Material namens Guttapercha) gef\u00fcllt. Diese F\u00fcllung verhindert eine erneute Infektion und sorgt f\u00fcr Stabilit\u00e4t des Zahns. <\/p>\n<h3>Restaurierung des Zahnoberbaus<\/h3>\n<p>Nach Abschluss der Wurzelkanalbehandlung wird das gebohrte Loch im Zahn verschlossen. In der Regel wird eine F\u00fcllung oder Krone aufgebracht, um die Funktionalit\u00e4t und das \u00e4sthetische Aussehen des Zahns wiederherzustellen. <\/p>\n<h2>Vorteile der Wurzelkanalbehandlung<\/h2>\n<h3>Erhaltung des Zahns ohne Extraktion:<\/h3>\n<p>Die Wurzelkanalbehandlung verhindert, dass der Zahn extrahiert werden muss, und bewahrt die nat\u00fcrliche Zahnstruktur. <\/p>\n<h3>Schmerzlinderung:<\/h3>\n<p>Durch die Entfernung des infizierten oder entz\u00fcndeten Zahnnervs wird der Zahnschmerz vollst\u00e4ndig beseitigt. <\/p>\n<h3>Verhinderung der Ausbreitung der Infektion:<\/h3>\n<p>Die Wurzelkanalbehandlung verhindert die Ausbreitung der Infektion in das Zahnfleisch, den Kieferknochen und andere Z\u00e4hne. <\/p>\n<h3>Erhaltung der Kaubefunktion:<\/h3>\n<p>Nach der Wurzelkanalbehandlung wird die Funktion des Zahns wiederhergestellt, sodass der Patient den Zahn normal verwenden kann. <\/p>\n<h3>\u00c4sthetischer Vorteil:<\/h3>\n<p>Der behandelte Zahn wird so wiederhergestellt, dass er das nat\u00fcrliche Aussehen eines Zahns bewahrt. <\/p>\n<h3>Langfristige L\u00f6sung:<\/h3>\n<p>Wenn die Behandlung korrekt durchgef\u00fchrt wird, bleibt der Zahn \u00fcber viele Jahre gesund und funktionst\u00fcchtig. <\/p>\n<h2>Worauf Nach einer Wurzelkanalbehandlung Achten?<\/h2>\n<ul>\n<li>Zahnpflege: Um die Lebensdauer des behandelten Zahns zu verl\u00e4ngern, ist es wichtig, regelm\u00e4\u00dfig die Z\u00e4hne zu putzen, Zahnseide zu verwenden und auf die Mundhygiene zu achten.<\/li>\n<li>Regelm\u00e4\u00dfige Zahnarztbesuche: Nach der Behandlung sollte der Zahnarzt regelm\u00e4\u00dfig zur Kontrolle aufgesucht werden, um den Zustand des Zahns zu \u00fcberpr\u00fcfen.<\/li>\n<li>Vermeidung harter Nahrungsmittel: Um das Risiko des Brechens des behandelten Zahns zu verringern, sollte man harte Lebensmittel vermeiden.<\/li>\n<\/ul>\n<p>Die Wurzelkanalbehandlung ist eine der effektivsten Methoden zur Rettung eines infizierten oder besch\u00e4digten Zahns und zur Aufrechterhaltung seiner Funktionalit\u00e4t. Durch eine Wurzelkanalbehandlung wird der Zahn anstelle einer Extraktion erhalten, und der Patient erh\u00e4lt eine \u00e4sthetische und funktionelle L\u00f6sung. Die regelm\u00e4\u00dfige Pflege des behandelten Zahns sorgt daf\u00fcr, dass dieser langfristig erhalten bleibt.<\/p>\n<\/div><\/div><\/div><div class=\"fusion-layout-column fusion_builder_column fusion-builder-column-1 awb-sticky awb-sticky-small awb-sticky-medium awb-sticky-large fusion_builder_column_1_3 1_3 fusion-flex-column fusion-flex-align-self-flex-start fusion-animated\" style=\"--awb-padding-top:2vw;--awb-padding-right:2vw;--awb-padding-bottom:2vw;--awb-padding-left:2vw;--awb-padding-top-small:11vw;--awb-padding-right-small:11vw;--awb-padding-bottom-small:11vw;--awb-padding-left-small:11vw;--awb-overflow:hidden;--awb-bg-color:var(--awb-color7);--awb-bg-color-hover:var(--awb-color7);--awb-bg-size:cover;--awb-border-radius:6px 6px 6px 6px;--awb-width-large:33.333333333333%;--awb-margin-top-large:0px;--awb-spacing-right-large:7.125%;--awb-margin-bottom-large:0px;--awb-spacing-left-large:7.125%;--awb-width-medium:50%;--awb-order-medium:0;--awb-spacing-right-medium:4.75%;--awb-spacing-left-medium:4.75%;--awb-width-small:100%;--awb-order-small:0;--awb-spacing-right-small:2.375%;--awb-spacing-left-small:2.375%;\" data-animationType=\"fadeInUp\" data-animationDuration=\"1.5\" data-animationOffset=\"top-into-view\" data-scroll-devices=\"small-visibility,medium-visibility,large-visibility\"><div class=\"fusion-column-wrapper fusion-column-has-shadow fusion-flex-justify-content-flex-start fusion-content-layout-block\"><div class=\"fusion-title title fusion-title-2 fusion-sep-none fusion-title-center fusion-title-text fusion-title-size-two\" style=\"--awb-text-color:var(--awb-color1);--awb-margin-bottom:10px;\"><h2 class=\"fusion-title-heading title-heading-center\" style=\"margin:0;\">Einen Termin Vereinbaren<\/h2><\/div><div class=\"fusion-separator fusion-full-width-sep\" style=\"align-self: center;margin-left: auto;margin-right: auto;width:100%;\"><\/div><div class=\"fusion-text fusion-text-3\" style=\"--awb-content-alignment:center;--awb-font-size:17px;--awb-line-height:0.3;--awb-text-color:var(--awb-color1);\"><p>F\u00fcllen Sie das Formular aus<br \/>\nWir setzen uns mit Ihnen in Verbindung<\/p>\n<\/div><div class=\"fusion-form fusion-form-builder fusion-form-form-wrapper fusion-form-694\" style=\"--awb-margin-top:4%;--awb-tooltip-text-color:#ffffff;--awb-tooltip-background-color:#333333;\" data-form-id=\"694\" data-config=\"{&quot;form_id&quot;:694,&quot;form_post_id&quot;:694,&quot;post_id&quot;:4934,&quot;form_type&quot;:&quot;ajax&quot;,&quot;confirmation_type&quot;:&quot;message&quot;,&quot;redirect_url&quot;:&quot;&quot;,&quot;redirect_timeout&quot;:&quot;0&quot;,&quot;field_labels&quot;:{&quot;name_surname&quot;:&quot;&quot;,&quot;number&quot;:&quot;&quot;,&quot;email_address&quot;:&quot;&quot;,&quot;tibbi_goruntuler&quot;:&quot;&quot;},&quot;field_logics&quot;:{&quot;name_surname&quot;:&quot;&quot;,&quot;number&quot;:&quot;&quot;,&quot;email_address&quot;:&quot;&quot;,&quot;tibbi_goruntuler&quot;:&quot;&quot;,&quot;notice_1&quot;:&quot;[]&quot;,&quot;submit_1&quot;:&quot;&quot;},&quot;field_types&quot;:{&quot;name_surname&quot;:&quot;text&quot;,&quot;number&quot;:&quot;text&quot;,&quot;email_address&quot;:&quot;email&quot;,&quot;tibbi_goruntuler&quot;:&quot;upload&quot;,&quot;notice_1&quot;:&quot;notice&quot;,&quot;submit_1&quot;:&quot;submit&quot;},&quot;nonce_method&quot;:&quot;none&quot;,&quot;form_views&quot;:&quot;ajax&quot;,&quot;form_views_counting&quot;:&quot;all&quot;}\"><form action=\"https:\/\/furkanozay.com\/de\/dental-treatments\/wurzelkanalbehandlung-endodontische-behandlung\/\" method=\"get\" class=\"fusion-form fusion-form-694\" enctype=\"multipart\/form-data\"><div class=\"fusion-fullwidth fullwidth-box fusion-builder-row-1-1 fusion-flex-container nonhundred-percent-fullwidth non-hundred-percent-height-scrolling\" style=\"--awb-border-radius-top-left:0px;--awb-border-radius-top-right:0px;--awb-border-radius-bottom-right:0px;--awb-border-radius-bottom-left:0px;--awb-padding-top:0px;--awb-padding-right:0px;--awb-padding-bottom:0px;--awb-padding-left:0px;--awb-margin-top:0px;--awb-margin-bottom:0px;--awb-flex-wrap:wrap;\" ><div class=\"fusion-builder-row fusion-row fusion-flex-align-items-flex-start fusion-flex-content-wrap\" style=\"width:105% !important;max-width:105% !important;margin-left: calc(-5% \/ 2 );margin-right: calc(-5% \/ 2 );\"><div class=\"fusion-layout-column fusion_builder_column fusion-builder-column-2 fusion_builder_column_1_1 1_1 fusion-flex-column\" style=\"--awb-bg-size:cover;--awb-width-large:100%;--awb-flex-grow:0;--awb-flex-shrink:0;--awb-margin-top-large:0px;--awb-spacing-right-large:2.375%;--awb-margin-bottom-large:0px;--awb-spacing-left-large:2.375%;--awb-width-medium:100%;--awb-order-medium:0;--awb-flex-grow-medium:0;--awb-flex-shrink-medium:0;--awb-spacing-right-medium:2.375%;--awb-spacing-left-medium:2.375%;--awb-width-small:100%;--awb-order-small:0;--awb-flex-grow-small:0;--awb-flex-shrink-small:0;--awb-spacing-right-small:2.375%;--awb-spacing-left-small:2.375%;\"><div class=\"fusion-column-wrapper fusion-column-has-shadow fusion-flex-justify-content-flex-start fusion-content-layout-column\"><div class=\"fusion-form-field fusion-form-text-field fusion-form-label-above\" style=\"\" data-form-id=\"694\"><input type=\"text\" autocomplete=\"off\" name=\"name_surname\" id=\"name_surname\" value=\"\"  class=\"fusion-form-input\" required=\"true\" aria-required=\"true\" placeholder=\"Ad Soyad *\" data-holds-private-data=\"false\" minlength=\"0\"\/><\/div><\/div><\/div><div class=\"fusion-layout-column fusion_builder_column fusion-builder-column-3 fusion_builder_column_1_1 1_1 fusion-flex-column\" style=\"--awb-bg-size:cover;--awb-width-large:100%;--awb-flex-grow:0;--awb-flex-shrink:0;--awb-margin-top-large:0px;--awb-spacing-right-large:2.375%;--awb-margin-bottom-large:0px;--awb-spacing-left-large:2.375%;--awb-width-medium:100%;--awb-order-medium:0;--awb-flex-grow-medium:0;--awb-flex-shrink-medium:0;--awb-spacing-right-medium:2.375%;--awb-spacing-left-medium:2.375%;--awb-width-small:100%;--awb-order-small:0;--awb-flex-grow-small:0;--awb-flex-shrink-small:0;--awb-spacing-right-small:2.375%;--awb-spacing-left-small:2.375%;\"><div class=\"fusion-column-wrapper fusion-column-has-shadow fusion-flex-justify-content-flex-start fusion-content-layout-column\"><div class=\"fusion-form-field fusion-form-text-field fusion-form-label-above\" style=\"\" data-form-id=\"694\"><input type=\"text\" autocomplete=\"off\" name=\"number\" id=\"number\" value=\"\"  class=\"fusion-form-input\" required=\"true\" aria-required=\"true\" placeholder=\"Telefon *\" data-holds-private-data=\"false\" minlength=\"0\"\/><\/div><\/div><\/div><div class=\"fusion-layout-column fusion_builder_column fusion-builder-column-4 fusion_builder_column_1_1 1_1 fusion-flex-column\" style=\"--awb-bg-size:cover;--awb-width-large:100%;--awb-flex-grow:0;--awb-flex-shrink:0;--awb-margin-top-large:0px;--awb-spacing-right-large:2.375%;--awb-margin-bottom-large:0px;--awb-spacing-left-large:2.375%;--awb-width-medium:100%;--awb-order-medium:0;--awb-flex-grow-medium:0;--awb-flex-shrink-medium:0;--awb-spacing-right-medium:2.375%;--awb-spacing-left-medium:2.375%;--awb-width-small:100%;--awb-order-small:0;--awb-flex-grow-small:0;--awb-flex-shrink-small:0;--awb-spacing-right-small:2.375%;--awb-spacing-left-small:2.375%;\"><div class=\"fusion-column-wrapper fusion-column-has-shadow fusion-flex-justify-content-flex-start fusion-content-layout-column\"><div class=\"fusion-form-field fusion-form-email-field fusion-form-label-above\" style=\"\" data-form-id=\"694\"><input type=\"email\" autocomplete=\"off\" name=\"email_address\" id=\"email_address\" value=\"\"  class=\"fusion-form-input\" required=\"true\" aria-required=\"true\" placeholder=\"E-mail *\" data-holds-private-data=\"false\"\/><\/div><\/div><\/div><div class=\"fusion-layout-column fusion_builder_column fusion-builder-column-5 fusion_builder_column_1_1 1_1 fusion-flex-column\" style=\"--awb-bg-size:cover;--awb-width-large:100%;--awb-flex-grow:0;--awb-flex-shrink:0;--awb-margin-top-large:0px;--awb-spacing-right-large:2.375%;--awb-margin-bottom-large:0px;--awb-spacing-left-large:2.375%;--awb-width-medium:100%;--awb-order-medium:0;--awb-flex-grow-medium:0;--awb-flex-shrink-medium:0;--awb-spacing-right-medium:2.375%;--awb-spacing-left-medium:2.375%;--awb-width-small:100%;--awb-order-small:0;--awb-flex-grow-small:0;--awb-flex-shrink-small:0;--awb-spacing-right-small:2.375%;--awb-spacing-left-small:2.375%;\"><div class=\"fusion-column-wrapper fusion-column-has-shadow fusion-flex-justify-content-flex-start fusion-content-layout-column\"><div class=\"fusion-form-field fusion-form-upload-field fusion-form-label-above\" style=\"--awb-preview-thumb-width:115px;\" data-form-id=\"694\"><div class=\"fusion-form-tooltip\"><i class=\"awb-icon-question-circle\"><\/i><span class=\"fusion-form-tooltip-content\">R\u00f6ntgen ve T\u0131bbi G\u00f6r\u00fcnt\u00fcler<\/span><\/div><div class=\"fusion-form-input-with-icon\"><i class=\" fa-folder-open fas\"><\/i><div class=\"fusion-form-upload-field-container\"><input type=\"file\" id=\"tibbi_goruntuler\" name=\"tibbi_goruntuler[]\" value=\"\"  class=\"fusion-form-input\" placeholder=\"R\u00f6ntgen ve T\u0131bbi G\u00f6r\u00fcnt\u00fcler \" data-size=\"20\" multiple data-single-add-remove=\"no\" data-min-upload-files=\"0\" data-max-upload-files=\"0\" data-uploads-preview=\"filenames\"\/><div class=\"fusion-form-upload-field\"  data-holds-private-data=\"false\"><span class=\"awb-upload-placeholder\" data-default=\"R\u00f6ntgen ve T\u0131bbi G\u00f6r\u00fcnt\u00fcler\">R\u00f6ntgen ve T\u0131bbi G\u00f6r\u00fcnt\u00fcler<\/span><div class=\"awb-uploads-preview\"><div class=\"awb-preview-thumbs\"><\/div><\/div><\/div><div ><a class=\"fusion-button button-flat button-medium button-default fusion-button-default button-1 fusion-button-default-span fusion-button-default-type fusion-form-upload-field-button\" style=\"--button-border-radius-top-left:0px;--button-border-radius-top-right:0px;--button-border-radius-bottom-right:0px;--button-border-radius-bottom-left:0px;\" target=\"_self\" href=\"javascript:void();\"><span class=\"fusion-button-text awb-button__text awb-button__text--default\">Choose File<\/span><\/a><\/div><\/div><\/div><\/div><\/div><\/div><div class=\"fusion-layout-column fusion_builder_column fusion-builder-column-6 fusion_builder_column_1_1 1_1 fusion-flex-column\" style=\"--awb-bg-size:cover;--awb-width-large:100%;--awb-flex-grow:0;--awb-flex-shrink:0;--awb-margin-top-large:0px;--awb-spacing-right-large:2.375%;--awb-margin-bottom-large:0px;--awb-spacing-left-large:2.375%;--awb-width-medium:100%;--awb-order-medium:0;--awb-flex-grow-medium:0;--awb-flex-shrink-medium:0;--awb-spacing-right-medium:2.375%;--awb-spacing-left-medium:2.375%;--awb-width-small:100%;--awb-order-small:0;--awb-flex-grow-small:0;--awb-flex-shrink-small:0;--awb-spacing-right-small:2.375%;--awb-spacing-left-small:2.375%;\"><div class=\"fusion-column-wrapper fusion-column-has-shadow fusion-flex-justify-content-flex-start fusion-content-layout-column\"><div class=\"form-submission-notices data-notice_1\" id=\"fusion-notices-1\"><div class=\"fusion-alert alert success alert-success fusion-alert-center fusion-form-response fusion-form-response-success awb-alert-native-link-color alert-dismissable awb-alert-close-boxed\" role=\"alert\"><div class=\"fusion-alert-content-wrapper\"><span class=\"alert-icon\"><i class=\"awb-icon-check-circle\" aria-hidden=\"true\"><\/i><\/span><span class=\"fusion-alert-content\">Mesaj\u0131n\u0131z g\u00f6nderildi. Mesaj\u0131n\u0131z i\u00e7in te\u015fekk\u00fcr ederiz. En k\u0131sa s\u00fcrede ileti\u015fime ge\u00e7erek bilgi verece\u011fiz.<\/span><\/div><button type=\"button\" class=\"close toggle-alert\" data-dismiss=\"alert\" aria-label=\"Close\">&times;<\/button><\/div><div class=\"fusion-alert alert error alert-danger fusion-alert-center fusion-form-response fusion-form-response-error awb-alert-native-link-color alert-dismissable awb-alert-close-boxed\" role=\"alert\"><div class=\"fusion-alert-content-wrapper\"><span class=\"alert-icon\"><i class=\"awb-icon-exclamation-triangle\" aria-hidden=\"true\"><\/i><\/span><span class=\"fusion-alert-content\">Bir hata olu\u015ftu. L\u00fctfen bilgileri bilgileri kontrol ederek yeniden g\u00f6nderin.<\/span><\/div><button type=\"button\" class=\"close toggle-alert\" data-dismiss=\"alert\" aria-label=\"Close\">&times;<\/button><\/div><\/div><div class=\"fusion-form-field fusion-form-submit-field fusion-form-label-above\" style=\"\" data-form-id=\"694\"><div ><button type=\"submit\" class=\"fusion-button button-flat button-xlarge button-custom fusion-button-default button-2 fusion-button-span-yes  button-default form-form-submit\" style=\"--button_accent_color:var(--awb-color5);--button_accent_hover_color:var(--awb-color1);--button_border_hover_color:var(--awb-color1);--button_border_width-top:0px;--button_border_width-right:0px;--button_border_width-bottom:0px;--button_border_width-left:0px;--button_gradient_top_color:var(--awb-color1);--button_gradient_bottom_color:var(--awb-color1);--button_gradient_top_color_hover:var(--awb-color5);--button_gradient_bottom_color_hover:var(--awb-color5);--button_margin-top:15px;\" data-form-number=\"694\" tabindex=\"\"><span class=\"fusion-button-text awb-button__text awb-button__text--default\">G\u00f6nder<\/span><\/button><\/div><\/div><\/div><\/div><\/div><\/div><input type=\"hidden\" name=\"fusion_privacy_store_ip_ua\" value=\"false\"><input type=\"hidden\" name=\"fusion_privacy_expiration_interval\" value=\"48\"><input type=\"hidden\" name=\"privacy_expiration_action\" value=\"anonymize\"><\/form><\/div><\/div><\/div><\/div><\/div>\n","protected":false},"excerpt":{"rendered":"","protected":false},"author":1,"featured_media":0,"parent":4195,"menu_order":0,"comment_status":"closed","ping_status":"closed","template":"100-width.php","meta":{"footnotes":""},"class_list":["post-4934","page","type-page","status-publish","hentry"],"_links":{"self":[{"href":"https:\/\/furkanozay.com\/de\/wp-json\/wp\/v2\/pages\/4934","targetHints":{"allow":["GET"]}}],"collection":[{"href":"https:\/\/furkanozay.com\/de\/wp-json\/wp\/v2\/pages"}],"about":[{"href":"https:\/\/furkanozay.com\/de\/wp-json\/wp\/v2\/types\/page"}],"author":[{"embeddable":true,"href":"https:\/\/furkanozay.com\/de\/wp-json\/wp\/v2\/users\/1"}],"replies":[{"embeddable":true,"href":"https:\/\/furkanozay.com\/de\/wp-json\/wp\/v2\/comments?post=4934"}],"version-history":[{"count":5,"href":"https:\/\/furkanozay.com\/de\/wp-json\/wp\/v2\/pages\/4934\/revisions"}],"predecessor-version":[{"id":4939,"href":"https:\/\/furkanozay.com\/de\/wp-json\/wp\/v2\/pages\/4934\/revisions\/4939"}],"up":[{"embeddable":true,"href":"https:\/\/furkanozay.com\/de\/wp-json\/wp\/v2\/pages\/4195"}],"wp:attachment":[{"href":"https:\/\/furkanozay.com\/de\/wp-json\/wp\/v2\/media?parent=4934"}],"curies":[{"name":"wp","href":"https:\/\/api.w.org\/{rel}","templated":true}]}}