{"id":4231,"date":"2024-11-01T10:19:06","date_gmt":"2024-11-01T10:19:06","guid":{"rendered":"https:\/\/furkanozay.com\/?page_id=4231"},"modified":"2025-01-20T13:56:16","modified_gmt":"2025-01-20T13:56:16","slug":"estetik-dis-tedavileri","status":"publish","type":"page","link":"https:\/\/furkanozay.com\/de\/estetik-dis-tedavileri\/","title":{"rendered":"Estetik Di\u015f Tedavileri"},"content":{"rendered":"<p><div class=\"fusion-fullwidth fullwidth-box fusion-builder-row-1 fusion-flex-container has-pattern-background has-mask-background nonhundred-percent-fullwidth non-hundred-percent-height-scrolling\" style=\"--awb-border-radius-top-left:0px;--awb-border-radius-top-right:0px;--awb-border-radius-bottom-right:0px;--awb-border-radius-bottom-left:0px;--awb-flex-wrap:wrap;\" ><div class=\"fusion-builder-row fusion-row fusion-flex-align-items-flex-start fusion-flex-content-wrap\" style=\"max-width:1365px;margin-left: calc(-5% \/ 2 );margin-right: calc(-5% \/ 2 );\"><div class=\"fusion-layout-column fusion_builder_column fusion-builder-column-0 fusion_builder_column_2_3 2_3 fusion-flex-column\" style=\"--awb-bg-size:cover;--awb-width-large:66.666666666667%;--awb-margin-top-large:0px;--awb-spacing-right-large:3.5625%;--awb-margin-bottom-large:20px;--awb-spacing-left-large:3.5625%;--awb-width-medium:66.666666666667%;--awb-order-medium:0;--awb-spacing-right-medium:3.5625%;--awb-spacing-left-medium:3.5625%;--awb-width-small:100%;--awb-order-small:0;--awb-spacing-right-small:2.375%;--awb-spacing-left-small:2.375%;\"><div class=\"fusion-column-wrapper fusion-column-has-shadow fusion-flex-justify-content-flex-start fusion-content-layout-column\"><div class=\"fusion-title title fusion-title-1 fusion-sep-none fusion-title-text fusion-title-size-one\" style=\"--awb-font-size:40px;\"><h1 class=\"fusion-title-heading title-heading-left\" style=\"margin:0;font-size:1em;\"><h1><strong>\u00c4sthetische Zahnbehandlungen<\/strong><\/h1><\/h1><\/div><div class=\"fusion-text fusion-text-1\" style=\"--awb-content-alignment:justify;--awb-font-size:16px;\"><div class=\"flex max-w-full flex-col flex-grow\">\n<div class=\"min-h-8 text-message flex w-full flex-col items-end gap-2 whitespace-normal break-words text-start &#091;.text-message+&amp;&#093;:mt-5\" dir=\"auto\" data-message-author-role=\"assistant\" data-message-id=\"f3195adf-fa01-49f5-a99f-dbca47d74bfa\" data-message-model-slug=\"gpt-4o\">\n<div class=\"flex w-full flex-col gap-1 empty:hidden first:pt-&#091;3px&#093;\">\n<div class=\"markdown prose w-full break-words dark:prose-invert dark\">\n<h1><strong>\u00c4sthetische Zahnbehandlungen<\/strong><\/h1>\n<p>\u00c4sthetische Zahnbehandlungen sind Verfahren, die darauf abzielen, das Erscheinungsbild der Z\u00e4hne zu verbessern, um ein ansprechenderes, ges\u00fcnderes und nat\u00fcrlicheres L\u00e4cheln zu erzielen. Mit den Fortschritten in der Technologie stehen heute viele Optionen f\u00fcr \u00e4sthetische Zahnbehandlungen zur Verf\u00fcgung.<\/p>\n<h3>Wichtige Aspekte bei der \u00e4sthetischen Zahnbehandlung<\/h3>\n<p><strong>Nat\u00fcrliches Aussehen:<\/strong> Um ein nat\u00fcrliches Erscheinungsbild der Z\u00e4hne nach der Behandlung zu gew\u00e4hrleisten, wird \u00fcberm\u00e4\u00dfiges Bleichen oder die Gestaltung \u00fcbergro\u00dfer Z\u00e4hne vermieden.<br \/>\n<strong>Individuelle Planung:<\/strong> \u00c4sthetische Designs werden unter Ber\u00fccksichtigung von Details wie Zahnstruktur, Gesichtsproportionen und Lippenform individuell erstellt.<br \/>\n<strong>Mundhygiene:<\/strong> Nach \u00e4sthetischen Zahnbehandlungen sind regelm\u00e4\u00dfige Mundpflege und Kontrolluntersuchungen beim Zahnarzt unerl\u00e4sslich. Besonders nach Verfahren wie Kronen, Veneers oder Bonding sollte darauf geachtet werden, Plaqueansammlungen zu verhindern.<\/p>\n<p>\u00c4sthetische Zahnbehandlungen verbessern nicht nur das L\u00e4cheln, sondern st\u00e4rken auch das Selbstbewusstsein. Nach einer Beratung mit Ihrem Zahnarzt werden die f\u00fcr Ihre Bed\u00fcrfnisse und Mundstruktur geeigneten Behandlungsoptionen festgelegt.<\/p>\n<p>\u00c4sthetische Zahnbehandlungen verbessern nicht nur das Erscheinungsbild der Z\u00e4hne, sondern tragen auch zur Mundgesundheit und Funktionalit\u00e4t bei. Hier sind die Vorteile \u00e4sthetischer Zahnbehandlungen:<\/p>\n<h3>Vorteile der \u00e4sthetischen Zahnbehandlung<\/h3>\n<p><strong>Verbessertes Erscheinungsbild und gesteigertes Selbstbewusstsein<\/strong><\/p>\n<ul>\n<li>Beheben von \u00e4sthetischen Problemen wie Verf\u00e4rbungen, Zahnfehlstellungen, Br\u00fcchen oder Zahnl\u00fccken.<\/li>\n<li>Ein sch\u00f6nes L\u00e4cheln st\u00e4rkt das Selbstvertrauen und hilft, sich im sozialen und beruflichen Umfeld wohler zu f\u00fchlen.<\/li>\n<\/ul>\n<p><strong>Nat\u00fcrliches und attraktives L\u00e4cheln<\/strong><\/p>\n<ul>\n<li>Die Behandlungen werden so durchgef\u00fchrt, dass sie die Farbe, Form und Gr\u00f6\u00dfe der Z\u00e4hne harmonisch betonen.<\/li>\n<li>Insbesondere Methoden wie Laminatveneers und Zirkonkronen machen die Z\u00e4hne nahezu ununterscheidbar von nat\u00fcrlichen Z\u00e4hnen.<\/li>\n<\/ul>\n<p><strong>Gesundheit und Haltbarkeit der Z\u00e4hne verbessern<\/strong><\/p>\n<ul>\n<li>Behandlung von Karies, Rissen oder Br\u00fcchen st\u00e4rkt die Zahnstruktur und verl\u00e4ngert deren Lebensdauer.<\/li>\n<li>Materialien wie Keramik oder Zirkon sch\u00fctzen die Z\u00e4hne vor Abnutzung und bieten eine solide Struktur.<\/li>\n<\/ul>\n<p><strong>Erleichterung der Mundhygiene<\/strong><\/p>\n<ul>\n<li>Durch kieferorthop\u00e4dische Behandlungen (z. B. Zahnspangen oder transparente Schienen) werden Zahnfehlstellungen korrigiert, was die Reinigung der Zahnzwischenr\u00e4ume erleichtert.<\/li>\n<li>Gerade Z\u00e4hne f\u00f6rdern die Gesundheit des Zahnfleisches und reduzieren die Ansammlung von Plaque, wodurch das Kariesrisiko verringert wird.<\/li>\n<\/ul>\n<p><strong>Funktionelle Verbesserung<\/strong><\/p>\n<ul>\n<li>\u00c4sthetische Behandlungen korrigieren nicht nur das Erscheinungsbild, sondern auch funktionelle Probleme wie Kauen, Sprechen oder Zahnfehlstellungen.<\/li>\n<li>Beispielsweise wird bei Fehlbissen (Malokklusion) die richtige Ausrichtung unterst\u00fctzt, um eine korrekte Funktion der Kiefermuskulatur und Gelenke zu gew\u00e4hrleisten.<\/li>\n<\/ul>\n<p><strong>Minimalinvasive Verfahren mit maximalem Effekt<\/strong><\/p>\n<ul>\n<li>\u00c4sthetische Zahnbehandlungen erfordern in der Regel minimale Zahnabtragungen. Verfahren wie Laminatveneers werden mit m\u00f6glichst geringer Eingriffstiefe durchgef\u00fchrt.<\/li>\n<li>Der nat\u00fcrliche Zahnschmelz bleibt erhalten, w\u00e4hrend ein \u00e4sthetisch ansprechendes Aussehen erzielt wird.<\/li>\n<\/ul>\n<p><strong>Langlebige und robuste L\u00f6sungen<\/strong><\/p>\n<ul>\n<li>Kronen und Veneers aus hochwertigen Materialien wie Zirkon oder Keramik sind langlebig.<\/li>\n<li>\u00c4sthetische Behandlungsmethoden bieten sowohl funktionelle als auch \u00e4sthetische Haltbarkeit und k\u00f6nnen jahrelang problemlos genutzt werden.<\/li>\n<\/ul>\n<p><strong>Strahlend wei\u00dfe Z\u00e4hne<\/strong><\/p>\n<ul>\n<li>Mit Zahnaufhellungs- und Kronenverfahren erhalten die Z\u00e4hne ein wei\u00dfes und strahlendes Erscheinungsbild.<\/li>\n<li>Bei regelm\u00e4\u00dfiger Mundhygiene kann die Wirkung von Bleaching-Verfahren lange erhalten bleiben.<\/li>\n<\/ul>\n<p><strong>Schnelle und effektive Ergebnisse<\/strong><\/p>\n<ul>\n<li>Einige Verfahren wie Bonding, Zahnaufhellung oder Laminatveneers sind sehr schnell und liefern Ergebnisse oft in einer einzigen Sitzung.<\/li>\n<li>Da die meisten \u00e4sthetischen Probleme schnell gel\u00f6st werden k\u00f6nnen, wird das gew\u00fcnschte L\u00e4cheln ohne Verz\u00f6gerung erreicht.<\/li>\n<\/ul>\n<p>\u00c4sthetische Zahnbehandlungen erm\u00f6glichen nicht nur eine gesunde Mundstruktur, sondern auch ein nat\u00fcrliches, sch\u00f6nes L\u00e4cheln mit gesteigertem Selbstbewusstsein. Da die Behandlungsoptionen individuell auf die Mundstruktur abgestimmt werden, ist eine detaillierte Beratung mit Ihrem Zahnarzt entscheidend, um optimale Ergebnisse zu erzielen.<\/p>\n<\/div>\n<\/div>\n<\/div>\n<\/div>\n<div class=\"mb-2 flex gap-3 empty:hidden -ml-2\">\n<div class=\"items-center justify-start rounded-xl p-1 flex\">\n<div class=\"flex items-center\">\n<p>&nbsp;<\/p>\n<div class=\"flex\"><\/div>\n<p>&nbsp;<\/p>\n<div class=\"flex items-center pb-0\"><span class=\"overflow-hidden text-clip whitespace-nowrap text-sm\">4o<\/span><\/div>\n<\/div>\n<\/div>\n<\/div>\n<\/div><\/div><\/div><div class=\"fusion-layout-column fusion_builder_column fusion-builder-column-1 awb-sticky awb-sticky-small awb-sticky-medium awb-sticky-large fusion_builder_column_1_3 1_3 fusion-flex-column fusion-flex-align-self-flex-start fusion-animated\" style=\"--awb-padding-top:2vw;--awb-padding-right:2vw;--awb-padding-bottom:2vw;--awb-padding-left:2vw;--awb-padding-top-small:11vw;--awb-padding-right-small:11vw;--awb-padding-bottom-small:11vw;--awb-padding-left-small:11vw;--awb-overflow:hidden;--awb-bg-color:var(--awb-color7);--awb-bg-color-hover:var(--awb-color7);--awb-bg-size:cover;--awb-border-radius:6px 6px 6px 6px;--awb-width-large:33.333333333333%;--awb-margin-top-large:0px;--awb-spacing-right-large:7.125%;--awb-margin-bottom-large:0px;--awb-spacing-left-large:7.125%;--awb-width-medium:50%;--awb-order-medium:0;--awb-spacing-right-medium:4.75%;--awb-spacing-left-medium:4.75%;--awb-width-small:100%;--awb-order-small:0;--awb-spacing-right-small:2.375%;--awb-spacing-left-small:2.375%;\" data-animationType=\"fadeInUp\" data-animationDuration=\"1.5\" data-animationOffset=\"top-into-view\" data-scroll-devices=\"small-visibility,medium-visibility,large-visibility\"><div class=\"fusion-column-wrapper fusion-column-has-shadow fusion-flex-justify-content-flex-start fusion-content-layout-block\"><div class=\"fusion-title title fusion-title-2 fusion-sep-none fusion-title-center fusion-title-text fusion-title-size-two\" style=\"--awb-text-color:var(--awb-color1);--awb-margin-bottom:10px;\"><h2 class=\"fusion-title-heading title-heading-center\" style=\"margin:0;\">Randevu Olu\u015ftur<\/h2><\/div><div class=\"fusion-separator fusion-full-width-sep\" style=\"align-self: center;margin-left: auto;margin-right: auto;width:100%;\"><\/div><div class=\"fusion-text fusion-text-2\" style=\"--awb-content-alignment:center;--awb-font-size:17px;--awb-line-height:0.3;--awb-text-color:var(--awb-color1);\"><p>Formu doldurun<\/p>\n<p>sizinle ileti\u015fime ge\u00e7elim<\/p>\n<\/div><div class=\"fusion-form fusion-form-builder fusion-form-form-wrapper fusion-form-694\" style=\"--awb-margin-top:4%;--awb-tooltip-text-color:#ffffff;--awb-tooltip-background-color:#333333;\" data-form-id=\"694\" data-config=\"{&quot;form_id&quot;:694,&quot;form_post_id&quot;:694,&quot;post_id&quot;:4231,&quot;form_type&quot;:&quot;ajax&quot;,&quot;confirmation_type&quot;:&quot;message&quot;,&quot;redirect_url&quot;:&quot;&quot;,&quot;redirect_timeout&quot;:&quot;0&quot;,&quot;field_labels&quot;:{&quot;name_surname&quot;:&quot;&quot;,&quot;number&quot;:&quot;&quot;,&quot;email_address&quot;:&quot;&quot;,&quot;tibbi_goruntuler&quot;:&quot;&quot;},&quot;field_logics&quot;:{&quot;name_surname&quot;:&quot;&quot;,&quot;number&quot;:&quot;&quot;,&quot;email_address&quot;:&quot;&quot;,&quot;tibbi_goruntuler&quot;:&quot;&quot;,&quot;notice_1&quot;:&quot;[]&quot;,&quot;submit_1&quot;:&quot;&quot;},&quot;field_types&quot;:{&quot;name_surname&quot;:&quot;text&quot;,&quot;number&quot;:&quot;text&quot;,&quot;email_address&quot;:&quot;email&quot;,&quot;tibbi_goruntuler&quot;:&quot;upload&quot;,&quot;notice_1&quot;:&quot;notice&quot;,&quot;submit_1&quot;:&quot;submit&quot;},&quot;nonce_method&quot;:&quot;none&quot;,&quot;form_views&quot;:&quot;ajax&quot;,&quot;form_views_counting&quot;:&quot;all&quot;}\"><form action=\"https:\/\/furkanozay.com\/de\/estetik-dis-tedavileri\/\" method=\"get\" class=\"fusion-form fusion-form-694\" enctype=\"multipart\/form-data\"><div class=\"fusion-fullwidth fullwidth-box fusion-builder-row-1-1 fusion-flex-container nonhundred-percent-fullwidth non-hundred-percent-height-scrolling\" style=\"--awb-border-radius-top-left:0px;--awb-border-radius-top-right:0px;--awb-border-radius-bottom-right:0px;--awb-border-radius-bottom-left:0px;--awb-padding-top:0px;--awb-padding-right:0px;--awb-padding-bottom:0px;--awb-padding-left:0px;--awb-margin-top:0px;--awb-margin-bottom:0px;--awb-flex-wrap:wrap;\" ><div class=\"fusion-builder-row fusion-row fusion-flex-align-items-flex-start fusion-flex-content-wrap\" style=\"width:105% !important;max-width:105% !important;margin-left: calc(-5% \/ 2 );margin-right: calc(-5% \/ 2 );\"><div class=\"fusion-layout-column fusion_builder_column fusion-builder-column-2 fusion_builder_column_1_1 1_1 fusion-flex-column\" style=\"--awb-bg-size:cover;--awb-width-large:100%;--awb-flex-grow:0;--awb-flex-shrink:0;--awb-margin-top-large:0px;--awb-spacing-right-large:2.375%;--awb-margin-bottom-large:0px;--awb-spacing-left-large:2.375%;--awb-width-medium:100%;--awb-order-medium:0;--awb-flex-grow-medium:0;--awb-flex-shrink-medium:0;--awb-spacing-right-medium:2.375%;--awb-spacing-left-medium:2.375%;--awb-width-small:100%;--awb-order-small:0;--awb-flex-grow-small:0;--awb-flex-shrink-small:0;--awb-spacing-right-small:2.375%;--awb-spacing-left-small:2.375%;\"><div class=\"fusion-column-wrapper fusion-column-has-shadow fusion-flex-justify-content-flex-start fusion-content-layout-column\"><div class=\"fusion-form-field fusion-form-text-field fusion-form-label-above\" style=\"\" data-form-id=\"694\"><input type=\"text\" autocomplete=\"off\" name=\"name_surname\" id=\"name_surname\" value=\"\"  class=\"fusion-form-input\" required=\"true\" aria-required=\"true\" placeholder=\"Ad Soyad *\" data-holds-private-data=\"false\" minlength=\"0\"\/><\/div><\/div><\/div><div class=\"fusion-layout-column fusion_builder_column fusion-builder-column-3 fusion_builder_column_1_1 1_1 fusion-flex-column\" style=\"--awb-bg-size:cover;--awb-width-large:100%;--awb-flex-grow:0;--awb-flex-shrink:0;--awb-margin-top-large:0px;--awb-spacing-right-large:2.375%;--awb-margin-bottom-large:0px;--awb-spacing-left-large:2.375%;--awb-width-medium:100%;--awb-order-medium:0;--awb-flex-grow-medium:0;--awb-flex-shrink-medium:0;--awb-spacing-right-medium:2.375%;--awb-spacing-left-medium:2.375%;--awb-width-small:100%;--awb-order-small:0;--awb-flex-grow-small:0;--awb-flex-shrink-small:0;--awb-spacing-right-small:2.375%;--awb-spacing-left-small:2.375%;\"><div class=\"fusion-column-wrapper fusion-column-has-shadow fusion-flex-justify-content-flex-start fusion-content-layout-column\"><div class=\"fusion-form-field fusion-form-text-field fusion-form-label-above\" style=\"\" data-form-id=\"694\"><input type=\"text\" autocomplete=\"off\" name=\"number\" id=\"number\" value=\"\"  class=\"fusion-form-input\" required=\"true\" aria-required=\"true\" placeholder=\"Telefon *\" data-holds-private-data=\"false\" minlength=\"0\"\/><\/div><\/div><\/div><div class=\"fusion-layout-column fusion_builder_column fusion-builder-column-4 fusion_builder_column_1_1 1_1 fusion-flex-column\" style=\"--awb-bg-size:cover;--awb-width-large:100%;--awb-flex-grow:0;--awb-flex-shrink:0;--awb-margin-top-large:0px;--awb-spacing-right-large:2.375%;--awb-margin-bottom-large:0px;--awb-spacing-left-large:2.375%;--awb-width-medium:100%;--awb-order-medium:0;--awb-flex-grow-medium:0;--awb-flex-shrink-medium:0;--awb-spacing-right-medium:2.375%;--awb-spacing-left-medium:2.375%;--awb-width-small:100%;--awb-order-small:0;--awb-flex-grow-small:0;--awb-flex-shrink-small:0;--awb-spacing-right-small:2.375%;--awb-spacing-left-small:2.375%;\"><div class=\"fusion-column-wrapper fusion-column-has-shadow fusion-flex-justify-content-flex-start fusion-content-layout-column\"><div class=\"fusion-form-field fusion-form-email-field fusion-form-label-above\" style=\"\" data-form-id=\"694\"><input type=\"email\" autocomplete=\"off\" name=\"email_address\" id=\"email_address\" value=\"\"  class=\"fusion-form-input\" required=\"true\" aria-required=\"true\" placeholder=\"E-mail *\" data-holds-private-data=\"false\"\/><\/div><\/div><\/div><div class=\"fusion-layout-column fusion_builder_column fusion-builder-column-5 fusion_builder_column_1_1 1_1 fusion-flex-column\" style=\"--awb-bg-size:cover;--awb-width-large:100%;--awb-flex-grow:0;--awb-flex-shrink:0;--awb-margin-top-large:0px;--awb-spacing-right-large:2.375%;--awb-margin-bottom-large:0px;--awb-spacing-left-large:2.375%;--awb-width-medium:100%;--awb-order-medium:0;--awb-flex-grow-medium:0;--awb-flex-shrink-medium:0;--awb-spacing-right-medium:2.375%;--awb-spacing-left-medium:2.375%;--awb-width-small:100%;--awb-order-small:0;--awb-flex-grow-small:0;--awb-flex-shrink-small:0;--awb-spacing-right-small:2.375%;--awb-spacing-left-small:2.375%;\"><div class=\"fusion-column-wrapper fusion-column-has-shadow fusion-flex-justify-content-flex-start fusion-content-layout-column\"><div class=\"fusion-form-field fusion-form-upload-field fusion-form-label-above\" style=\"--awb-preview-thumb-width:115px;\" data-form-id=\"694\"><div class=\"fusion-form-tooltip\"><i class=\"awb-icon-question-circle\"><\/i><span class=\"fusion-form-tooltip-content\">R\u00f6ntgen ve T\u0131bbi G\u00f6r\u00fcnt\u00fcler<\/span><\/div><div class=\"fusion-form-input-with-icon\"><i class=\" fa-folder-open fas\"><\/i><div class=\"fusion-form-upload-field-container\"><input type=\"file\" id=\"tibbi_goruntuler\" name=\"tibbi_goruntuler[]\" value=\"\"  class=\"fusion-form-input\" placeholder=\"R\u00f6ntgen ve T\u0131bbi G\u00f6r\u00fcnt\u00fcler \" data-size=\"20\" multiple data-single-add-remove=\"no\" data-min-upload-files=\"0\" data-max-upload-files=\"0\" data-uploads-preview=\"filenames\"\/><div class=\"fusion-form-upload-field\"  data-holds-private-data=\"false\"><span class=\"awb-upload-placeholder\" data-default=\"R\u00f6ntgen ve T\u0131bbi G\u00f6r\u00fcnt\u00fcler\">R\u00f6ntgen ve T\u0131bbi G\u00f6r\u00fcnt\u00fcler<\/span><div class=\"awb-uploads-preview\"><div class=\"awb-preview-thumbs\"><\/div><\/div><\/div><div ><a class=\"fusion-button button-flat button-medium button-default fusion-button-default button-1 fusion-button-default-span fusion-button-default-type fusion-form-upload-field-button\" style=\"--button-border-radius-top-left:0px;--button-border-radius-top-right:0px;--button-border-radius-bottom-right:0px;--button-border-radius-bottom-left:0px;\" target=\"_self\" href=\"javascript:void();\"><span class=\"fusion-button-text awb-button__text awb-button__text--default\">Choose File<\/span><\/a><\/div><\/div><\/div><\/div><\/div><\/div><div class=\"fusion-layout-column fusion_builder_column fusion-builder-column-6 fusion_builder_column_1_1 1_1 fusion-flex-column\" style=\"--awb-bg-size:cover;--awb-width-large:100%;--awb-flex-grow:0;--awb-flex-shrink:0;--awb-margin-top-large:0px;--awb-spacing-right-large:2.375%;--awb-margin-bottom-large:0px;--awb-spacing-left-large:2.375%;--awb-width-medium:100%;--awb-order-medium:0;--awb-flex-grow-medium:0;--awb-flex-shrink-medium:0;--awb-spacing-right-medium:2.375%;--awb-spacing-left-medium:2.375%;--awb-width-small:100%;--awb-order-small:0;--awb-flex-grow-small:0;--awb-flex-shrink-small:0;--awb-spacing-right-small:2.375%;--awb-spacing-left-small:2.375%;\"><div class=\"fusion-column-wrapper fusion-column-has-shadow fusion-flex-justify-content-flex-start fusion-content-layout-column\"><div class=\"form-submission-notices data-notice_1\" id=\"fusion-notices-1\"><div class=\"fusion-alert alert success alert-success fusion-alert-center fusion-form-response fusion-form-response-success awb-alert-native-link-color alert-dismissable awb-alert-close-boxed\" role=\"alert\"><div class=\"fusion-alert-content-wrapper\"><span class=\"alert-icon\"><i class=\"awb-icon-check-circle\" aria-hidden=\"true\"><\/i><\/span><span class=\"fusion-alert-content\">Mesaj\u0131n\u0131z g\u00f6nderildi. Mesaj\u0131n\u0131z i\u00e7in te\u015fekk\u00fcr ederiz. En k\u0131sa s\u00fcrede ileti\u015fime ge\u00e7erek bilgi verece\u011fiz.<\/span><\/div><button type=\"button\" class=\"close toggle-alert\" data-dismiss=\"alert\" aria-label=\"Close\">&times;<\/button><\/div><div class=\"fusion-alert alert error alert-danger fusion-alert-center fusion-form-response fusion-form-response-error awb-alert-native-link-color alert-dismissable awb-alert-close-boxed\" role=\"alert\"><div class=\"fusion-alert-content-wrapper\"><span class=\"alert-icon\"><i class=\"awb-icon-exclamation-triangle\" aria-hidden=\"true\"><\/i><\/span><span class=\"fusion-alert-content\">Bir hata olu\u015ftu. L\u00fctfen bilgileri bilgileri kontrol ederek yeniden g\u00f6nderin.<\/span><\/div><button type=\"button\" class=\"close toggle-alert\" data-dismiss=\"alert\" aria-label=\"Close\">&times;<\/button><\/div><\/div><div class=\"fusion-form-field fusion-form-submit-field fusion-form-label-above\" style=\"\" data-form-id=\"694\"><div ><button type=\"submit\" class=\"fusion-button button-flat button-xlarge button-custom fusion-button-default button-2 fusion-button-span-yes  button-default form-form-submit\" style=\"--button_accent_color:var(--awb-color5);--button_accent_hover_color:var(--awb-color1);--button_border_hover_color:var(--awb-color1);--button_border_width-top:0px;--button_border_width-right:0px;--button_border_width-bottom:0px;--button_border_width-left:0px;--button_gradient_top_color:var(--awb-color1);--button_gradient_bottom_color:var(--awb-color1);--button_gradient_top_color_hover:var(--awb-color5);--button_gradient_bottom_color_hover:var(--awb-color5);--button_margin-top:15px;\" data-form-number=\"694\" tabindex=\"\"><span class=\"fusion-button-text awb-button__text awb-button__text--default\">G\u00f6nder<\/span><\/button><\/div><\/div><\/div><\/div><\/div><\/div><input type=\"hidden\" name=\"fusion_privacy_store_ip_ua\" value=\"false\"><input type=\"hidden\" name=\"fusion_privacy_expiration_interval\" value=\"48\"><input type=\"hidden\" name=\"privacy_expiration_action\" value=\"anonymize\"><\/form><\/div><\/div><\/div><\/div><\/div><div class=\"fusion-fullwidth fullwidth-box fusion-builder-row-2 fusion-flex-container nonhundred-percent-fullwidth non-hundred-percent-height-scrolling\" style=\"--awb-border-color:var(--awb-color4);--awb-border-radius-top-left:0px;--awb-border-radius-top-right:0px;--awb-border-radius-bottom-right:0px;--awb-border-radius-bottom-left:0px;--awb-padding-top:7vw;--awb-padding-bottom:7vw;--awb-margin-bottom:0px;--awb-flex-wrap:wrap;\" ><div class=\"fusion-builder-row fusion-row fusion-flex-align-items-stretch fusion-flex-content-wrap\" style=\"max-width:1365px;margin-left: calc(-5% \/ 2 );margin-right: calc(-5% \/ 2 );\"><div class=\"fusion-layout-column fusion_builder_column fusion-builder-column-7 fusion_builder_column_3_5 3_5 fusion-flex-column\" style=\"--awb-padding-top:10vh;--awb-padding-right:6vw;--awb-padding-bottom:10vh;--awb-padding-left:6vw;--awb-padding-top-medium:8vw;--awb-padding-bottom-medium:8vw;--awb-padding-top-small:7vh;--awb-padding-right-small:7vw;--awb-padding-bottom-small:7vh;--awb-padding-left-small:7vw;--awb-overflow:hidden;--awb-bg-color:var(--awb-color7);--awb-bg-color-hover:var(--awb-color7);--awb-bg-size:cover;--awb-border-radius:6px 0px 0px 6px;--awb-width-large:60%;--awb-flex-grow:0;--awb-flex-shrink:0;--awb-margin-top-large:0px;--awb-spacing-right-large:0px;--awb-margin-bottom-large:3.5vw;--awb-spacing-left-large:3.9583333333333%;--awb-width-medium:60%;--awb-order-medium:0;--awb-flex-grow-medium:0;--awb-flex-shrink-medium:0;--awb-spacing-right-medium:0px;--awb-spacing-left-medium:3.9583333333333%;--awb-width-small:83.333333333333%;--awb-order-small:0;--awb-flex-grow-small:0;--awb-flex-shrink-small:0;--awb-spacing-right-small:0px;--awb-margin-bottom-small:6vw;--awb-spacing-left-small:2.85%;\"><div class=\"fusion-column-wrapper fusion-column-has-shadow fusion-flex-justify-content-flex-start fusion-content-layout-column\"><div class=\"fusion-title title fusion-title-3 fusion-sep-none fusion-title-text fusion-title-size-two\" style=\"--awb-text-color:var(--awb-color1);--awb-margin-bottom:20px;\"><h2 class=\"fusion-title-heading title-heading-left\" style=\"margin:0;\">Liebe Patienten,<\/h2><\/div><div class=\"fusion-text fusion-text-3\" style=\"--awb-content-alignment:justify;--awb-font-size:17px;--awb-line-height:1.9;--awb-text-color:var(--awb-color1);\"><p>Ihre Zahngesundheit tr\u00e4gt nicht nur zu einem sch\u00f6nen L\u00e4cheln bei, sondern auch zu Ihrem allgemeinen Wohlbefinden. Regelm\u00e4\u00dfige Kontrolluntersuchungen und eine richtige Mundpflege spielen eine entscheidende Rolle bei der Vorbeugung verschiedener Gesundheitsprobleme, von Zahnfleischerkrankungen bis hin zu Herzproblemen. Wir sind hier, um Ihnen die bestm\u00f6gliche, auf Ihre Bed\u00fcrfnisse abgestimmte Betreuung zu bieten. Denken Sie daran: Ein gesunder Mund ist die Grundlage f\u00fcr einen gesunden K\u00f6rper.<\/p>\n<\/div><\/div><\/div><div class=\"fusion-layout-column fusion_builder_column fusion-builder-column-8 fusion_builder_column_2_5 2_5 fusion-flex-column\" style=\"--awb-overflow:hidden;--awb-bg-position:center top;--awb-bg-size:cover;--awb-border-radius:0px 6px 6px 0px;--awb-width-large:40%;--awb-flex-grow:0;--awb-flex-shrink:0;--awb-margin-top-large:0px;--awb-spacing-right-large:5.9375%;--awb-margin-bottom-large:3.5vw;--awb-spacing-left-large:0px;--awb-width-medium:40%;--awb-order-medium:0;--awb-flex-grow-medium:0;--awb-flex-shrink-medium:0;--awb-spacing-right-medium:5.9375%;--awb-spacing-left-medium:0px;--awb-width-small:16.666666666667%;--awb-order-small:1;--awb-flex-grow-small:0;--awb-flex-shrink-small:0;--awb-spacing-right-small:14.25%;--awb-margin-bottom-small:6vw;--awb-spacing-left-small:0px;\" data-scroll-devices=\"small-visibility,medium-visibility,large-visibility\"><div class=\"fusion-column-wrapper lazyload fusion-column-has-shadow fusion-flex-justify-content-flex-start fusion-content-layout-column fusion-empty-column-bg-image fusion-column-has-bg-image\" data-bg-url=\"https:\/\/furkanozay.com\/wp-content\/uploads\/2024\/10\/Screenshot_4.jpg\" data-bg=\"https:\/\/furkanozay.com\/wp-content\/uploads\/2024\/10\/Screenshot_4.jpg\"><img decoding=\"async\" class=\"fusion-empty-dims-img-placeholder fusion-no-large-visibility fusion-no-medium-visibility\" aria-label=\"Screenshot_4\" src=\"data:image\/svg+xml,%3Csvg%20xmlns%3D%27http%3A%2F%2Fwww.w3.org%2F2000%2Fsvg%27%20width%3D%27593%27%20height%3D%27567%27%20viewBox%3D%270%200%20593%20567%27%3E%3Crect%20width%3D%27593%27%20height%3D%27567%27%20fill-opacity%3D%220%22%2F%3E%3C%2Fsvg%3E\"><\/div><\/div><\/div><\/div><\/p>\n","protected":false},"excerpt":{"rendered":"","protected":false},"author":1,"featured_media":0,"parent":0,"menu_order":0,"comment_status":"closed","ping_status":"closed","template":"100-width.php","meta":{"footnotes":""},"class_list":["post-4231","page","type-page","status-publish","hentry"],"_links":{"self":[{"href":"https:\/\/furkanozay.com\/de\/wp-json\/wp\/v2\/pages\/4231","targetHints":{"allow":["GET"]}}],"collection":[{"href":"https:\/\/furkanozay.com\/de\/wp-json\/wp\/v2\/pages"}],"about":[{"href":"https:\/\/furkanozay.com\/de\/wp-json\/wp\/v2\/types\/page"}],"author":[{"embeddable":true,"href":"https:\/\/furkanozay.com\/de\/wp-json\/wp\/v2\/users\/1"}],"replies":[{"embeddable":true,"href":"https:\/\/furkanozay.com\/de\/wp-json\/wp\/v2\/comments?post=4231"}],"version-history":[{"count":3,"href":"https:\/\/furkanozay.com\/de\/wp-json\/wp\/v2\/pages\/4231\/revisions"}],"predecessor-version":[{"id":4242,"href":"https:\/\/furkanozay.com\/de\/wp-json\/wp\/v2\/pages\/4231\/revisions\/4242"}],"wp:attachment":[{"href":"https:\/\/furkanozay.com\/de\/wp-json\/wp\/v2\/media?parent=4231"}],"curies":[{"name":"wp","href":"https:\/\/api.w.org\/{rel}","templated":true}]}}