{"id":4184,"date":"2024-11-01T10:12:26","date_gmt":"2024-11-01T10:12:26","guid":{"rendered":"https:\/\/furkanozay.com\/?page_id=4184"},"modified":"2025-01-20T14:20:29","modified_gmt":"2025-01-20T14:20:29","slug":"teeth-whitening-treatment","status":"publish","type":"page","link":"https:\/\/furkanozay.com\/de\/teeth-whitening-treatment\/","title":{"rendered":"Zahnaufhellungsbehandlung"},"content":{"rendered":"<div class=\"fusion-fullwidth fullwidth-box fusion-builder-row-1 fusion-flex-container has-pattern-background has-mask-background nonhundred-percent-fullwidth non-hundred-percent-height-scrolling\" style=\"--awb-border-radius-top-left:0px;--awb-border-radius-top-right:0px;--awb-border-radius-bottom-right:0px;--awb-border-radius-bottom-left:0px;--awb-flex-wrap:wrap;\" ><div class=\"fusion-builder-row fusion-row fusion-flex-align-items-flex-start fusion-flex-content-wrap\" style=\"max-width:1365px;margin-left: calc(-5% \/ 2 );margin-right: calc(-5% \/ 2 );\"><div class=\"fusion-layout-column fusion_builder_column fusion-builder-column-0 fusion_builder_column_2_3 2_3 fusion-flex-column\" style=\"--awb-bg-size:cover;--awb-width-large:66.666666666667%;--awb-margin-top-large:0px;--awb-spacing-right-large:3.5625%;--awb-margin-bottom-large:20px;--awb-spacing-left-large:3.5625%;--awb-width-medium:66.666666666667%;--awb-order-medium:0;--awb-spacing-right-medium:3.5625%;--awb-spacing-left-medium:3.5625%;--awb-width-small:100%;--awb-order-small:0;--awb-spacing-right-small:2.375%;--awb-spacing-left-small:2.375%;\"><div class=\"fusion-column-wrapper fusion-column-has-shadow fusion-flex-justify-content-flex-start fusion-content-layout-column\"><div class=\"fusion-title title fusion-title-1 fusion-sep-none fusion-title-text fusion-title-size-one\" style=\"--awb-font-size:40px;\"><h1 class=\"fusion-title-heading title-heading-left\" style=\"margin:0;font-size:1em;\"><h1>Zahnaufhellungsbehandlung<\/h1><\/h1><\/div><div class=\"fusion-video fusion-youtube\" style=\"--awb-max-width:600px;--awb-max-height:360px;--awb-align-self:flex-start;--awb-width:100%;\"><div class=\"video-shortcode\"><div class=\"fluid-width-video-wrapper\" style=\"padding-top:60%;\" ><iframe title=\"YouTube video player 1\" src=\"https:\/\/www.youtube.com\/embed\/4awdq8dXbj4?wmode=transparent&autoplay=0\" width=\"600\" height=\"360\" allowfullscreen allow=\"autoplay; clipboard-write; encrypted-media; gyroscope; picture-in-picture;\"><\/iframe><\/div><\/div><\/div><div class=\"fusion-text fusion-text-1\" style=\"--awb-content-alignment:justify;--awb-font-size:16px;\"><h2><strong>Was ist Zahnaufhellung? Wie wird sie durchgef\u00fchrt?<\/strong><\/h2>\n<p>Zahnaufhellung ist ein kosmetisches Verfahren, das angewendet wird, um Flecken und Farbver\u00e4nderungen, die im Laufe der Zeit auf den Z\u00e4hnen entstehen, zu beseitigen. Dieses Verfahren zielt darauf ab, ein gesundes L\u00e4cheln und ein \u00e4sthetisches Aussehen zu erreichen und ist eine der beliebtesten Anwendungen der pers\u00f6nlichen Pflege. Die Zahnaufhellung kann sowohl von Zahn\u00e4rzten professionell in einer Klinik durchgef\u00fchrt werden als auch mit zu Hause anwendbaren Optionen erfolgen. Hier sind die Details zur Zahnaufhellung und wie sie durchgef\u00fchrt wird:<\/p>\n<h2><strong>Was ist Zahnaufhellung?<\/strong><\/h2>\n<p>Zahnaufhellung reduziert braune und gelbe Verf\u00e4rbungen auf dem Zahnschmelz und sorgt daf\u00fcr, dass die Z\u00e4hne wei\u00dfer und gl\u00e4nzender aussehen. Diese Farbver\u00e4nderungen k\u00f6nnen durch Nahrungsmittel und Getr\u00e4nke (Kaffee, Tee, Rotwein), Rauchen, Alterung oder genetische Faktoren verursacht werden. Das Verfahren der Zahnaufhellung entfernt Flecken auf dem Zahnschmelz, ohne den Z\u00e4hnen zu schaden, und erm\u00f6glicht es den Z\u00e4hnen, ihre nat\u00fcrliche Wei\u00dfheit zu erreichen.<\/p>\n<h2><strong>Methoden der Zahnaufhellung<\/strong><\/h2>\n<p>Die Zahnaufhellung kann auf zwei Hauptmethoden durchgef\u00fchrt werden:<\/p>\n<h3><strong>Zahnaufhellung in der Klinik (Office Whitening)<\/strong><\/h3>\n<p>Dies ist eine professionelle Zahnaufhellung, die von einem Zahnarzt in einer Klinik durchgef\u00fchrt wird. Dieses Verfahren erm\u00f6glicht schnelle Ergebnisse und wird in der Regel mit starken Aufhellungsgelen sowie spezieller Licht- oder Lasertechnologie durchgef\u00fchrt.<\/p>\n<h3><strong>Zahnaufhellung zu Hause (Home Whitening)<\/strong><\/h3>\n<p>Dies ist eine Methode, bei der spezielle Zahnaufhellungskits, die vom Zahnarzt empfohlen werden, zu Hause verwendet werden. Diese Kits enthalten ma\u00dfgeschneiderte transparente Schalen, in die Aufhellungsgel aufgetragen wird, und diese Schalen werden f\u00fcr eine bestimmte Zeit auf den Z\u00e4hnen getragen.<\/p>\n<h2><strong>Wie wird Zahnaufhellung durchgef\u00fchrt?<\/strong><\/h2>\n<h3><strong>Zahnaufhellung in der Klinik (Office Whitening)<\/strong><\/h3>\n<ul>\n<li>Der Zahnarzt reinigt zun\u00e4chst die Z\u00e4hne und entfernt Plaque und Zahnstein von der Zahnoberfl\u00e4che.<\/li>\n<li>Eine spezielle Barriere wird auf das Zahnfleisch aufgetragen, um es zu sch\u00fctzen.<\/li>\n<li>Ein starkes Aufhellungsgel wird auf die Z\u00e4hne aufgetragen und dann mit einer speziellen Lampe oder Lasertechnologie aktiviert.<\/li>\n<li>Der Vorgang dauert etwa 30-60 Minuten, und in den meisten F\u00e4llen ist die Zahnaufhellung nach einer Sitzung sichtbar. In einigen F\u00e4llen k\u00f6nnen zus\u00e4tzliche Sitzungen erforderlich sein.<\/li>\n<\/ul>\n<h3><strong>Zahnaufhellung zu Hause (Home Whitening)<\/strong><\/h3>\n<ul>\n<li>Der Zahnarzt nimmt Abdr\u00fccke der Z\u00e4hne des Patienten und stellt eine individuelle Schale her.<\/li>\n<li>Der Patient f\u00fcllt das Aufhellungsgel in die Schalen und tr\u00e4gt sie auf die Z\u00e4hne. Diese Schalen m\u00fcssen f\u00fcr eine bestimmte Zeit t\u00e4glich verwendet werden.<\/li>\n<li>Zahnaufhellung zu Hause ist ein langsamerer Prozess, aber mit regelm\u00e4\u00dfiger Anwendung liefert sie effektive Ergebnisse.<\/li>\n<\/ul>\n<h2><strong>Ist Zahnaufhellung sicher?<\/strong><\/h2>\n<p>Zahnaufhellung ist sicher, wenn sie gem\u00e4\u00df den Empfehlungen des Zahnarztes durchgef\u00fchrt wird. Sie zielt darauf ab, die Z\u00e4hne zu bleichen, ohne den Zahnschmelz zu sch\u00e4digen. Unkorrekte Anwendungen oder ungeeignete Produkte k\u00f6nnen jedoch zu Empfindlichkeiten und Irritationen des Zahnschmelzes f\u00fchren. Daher sollte vor der Zahnaufhellung immer der Zahnarzt konsultiert werden, und es sollten zuverl\u00e4ssige Produkte verwendet werden.<\/p>\n<h2><strong>Worauf sollte nach der Zahnaufhellung geachtet werden?<\/strong><\/h2>\n<p>Nach der Zahnaufhellung gibt es einige Dinge, auf die geachtet werden sollte, um die Wei\u00dfheit der Z\u00e4hne zu erhalten:<\/p>\n<ul>\n<li>In den ersten 48 Stunden sollten Lebensmittel und Getr\u00e4nke, die die Z\u00e4hne verf\u00e4rben k\u00f6nnen, wie Kaffee, Tee und Rotwein, vermieden werden.<\/li>\n<li>Der Konsum von Zigaretten sollte eingeschr\u00e4nkt werden.<\/li>\n<li>Auf eine gute Mundhygiene sollte geachtet werden; die Z\u00e4hne sollten regelm\u00e4\u00dfig geputzt und Zahnseide verwendet werden.<\/li>\n<li>Um die Wirkung der Zahnaufhellung aufrechtzuerhalten, sollte regelm\u00e4\u00dfig eine zahn\u00e4rztliche Kontrolle durchgef\u00fchrt werden.<\/li>\n<\/ul>\n<p>Zahnaufhellung ist eine sichere und effektive Methode, wenn sie unter der Anleitung eines professionellen Zahnarztes durchgef\u00fchrt wird. Wenn Sie ein strahlenderes L\u00e4cheln haben m\u00f6chten, k\u00f6nnen Sie die Zahnaufhellung in Betracht ziehen und den Zahnarzt nach der besten Methode f\u00fcr Sie fragen.<\/p>\n<\/div><\/div><\/div><div class=\"fusion-layout-column fusion_builder_column fusion-builder-column-1 awb-sticky awb-sticky-small awb-sticky-medium awb-sticky-large fusion_builder_column_1_3 1_3 fusion-flex-column fusion-flex-align-self-flex-start fusion-animated\" style=\"--awb-padding-top:2vw;--awb-padding-right:2vw;--awb-padding-bottom:2vw;--awb-padding-left:2vw;--awb-padding-top-small:11vw;--awb-padding-right-small:11vw;--awb-padding-bottom-small:11vw;--awb-padding-left-small:11vw;--awb-overflow:hidden;--awb-bg-color:var(--awb-color7);--awb-bg-color-hover:var(--awb-color7);--awb-bg-size:cover;--awb-border-radius:6px 6px 6px 6px;--awb-width-large:33.333333333333%;--awb-margin-top-large:0px;--awb-spacing-right-large:7.125%;--awb-margin-bottom-large:0px;--awb-spacing-left-large:7.125%;--awb-width-medium:50%;--awb-order-medium:0;--awb-spacing-right-medium:4.75%;--awb-spacing-left-medium:4.75%;--awb-width-small:100%;--awb-order-small:0;--awb-spacing-right-small:2.375%;--awb-spacing-left-small:2.375%;\" data-animationType=\"fadeInUp\" data-animationDuration=\"1.5\" data-animationOffset=\"top-into-view\" data-scroll-devices=\"small-visibility,medium-visibility,large-visibility\"><div class=\"fusion-column-wrapper fusion-column-has-shadow fusion-flex-justify-content-flex-start fusion-content-layout-block\"><div class=\"fusion-title title fusion-title-2 fusion-sep-none fusion-title-center fusion-title-text fusion-title-size-two\" style=\"--awb-text-color:var(--awb-color1);--awb-margin-bottom:10px;\"><h2 class=\"fusion-title-heading title-heading-center\" style=\"margin:0;\">Randevu Olu\u015ftur<\/h2><\/div><div class=\"fusion-separator fusion-full-width-sep\" style=\"align-self: center;margin-left: auto;margin-right: auto;width:100%;\"><\/div><div class=\"fusion-text fusion-text-2\" style=\"--awb-content-alignment:center;--awb-font-size:17px;--awb-line-height:0.3;--awb-text-color:var(--awb-color1);\"><p>Formu doldurun<\/p>\n<p>sizinle ileti\u015fime ge\u00e7elim<\/p>\n<\/div><div class=\"fusion-form fusion-form-builder fusion-form-form-wrapper fusion-form-694\" style=\"--awb-margin-top:4%;--awb-tooltip-text-color:#ffffff;--awb-tooltip-background-color:#333333;\" data-form-id=\"694\" data-config=\"{&quot;form_id&quot;:694,&quot;form_post_id&quot;:694,&quot;post_id&quot;:4184,&quot;form_type&quot;:&quot;ajax&quot;,&quot;confirmation_type&quot;:&quot;message&quot;,&quot;redirect_url&quot;:&quot;&quot;,&quot;redirect_timeout&quot;:&quot;0&quot;,&quot;field_labels&quot;:{&quot;name_surname&quot;:&quot;&quot;,&quot;number&quot;:&quot;&quot;,&quot;email_address&quot;:&quot;&quot;,&quot;tibbi_goruntuler&quot;:&quot;&quot;},&quot;field_logics&quot;:{&quot;name_surname&quot;:&quot;&quot;,&quot;number&quot;:&quot;&quot;,&quot;email_address&quot;:&quot;&quot;,&quot;tibbi_goruntuler&quot;:&quot;&quot;,&quot;notice_1&quot;:&quot;[]&quot;,&quot;submit_1&quot;:&quot;&quot;},&quot;field_types&quot;:{&quot;name_surname&quot;:&quot;text&quot;,&quot;number&quot;:&quot;text&quot;,&quot;email_address&quot;:&quot;email&quot;,&quot;tibbi_goruntuler&quot;:&quot;upload&quot;,&quot;notice_1&quot;:&quot;notice&quot;,&quot;submit_1&quot;:&quot;submit&quot;},&quot;nonce_method&quot;:&quot;none&quot;,&quot;form_views&quot;:&quot;ajax&quot;,&quot;form_views_counting&quot;:&quot;all&quot;}\"><form action=\"https:\/\/furkanozay.com\/de\/teeth-whitening-treatment\/\" method=\"get\" class=\"fusion-form fusion-form-694\" enctype=\"multipart\/form-data\"><div class=\"fusion-fullwidth fullwidth-box fusion-builder-row-1-1 fusion-flex-container nonhundred-percent-fullwidth non-hundred-percent-height-scrolling\" style=\"--awb-border-radius-top-left:0px;--awb-border-radius-top-right:0px;--awb-border-radius-bottom-right:0px;--awb-border-radius-bottom-left:0px;--awb-padding-top:0px;--awb-padding-right:0px;--awb-padding-bottom:0px;--awb-padding-left:0px;--awb-margin-top:0px;--awb-margin-bottom:0px;--awb-flex-wrap:wrap;\" ><div class=\"fusion-builder-row fusion-row fusion-flex-align-items-flex-start fusion-flex-content-wrap\" style=\"width:105% !important;max-width:105% !important;margin-left: calc(-5% \/ 2 );margin-right: calc(-5% \/ 2 );\"><div class=\"fusion-layout-column fusion_builder_column fusion-builder-column-2 fusion_builder_column_1_1 1_1 fusion-flex-column\" style=\"--awb-bg-size:cover;--awb-width-large:100%;--awb-flex-grow:0;--awb-flex-shrink:0;--awb-margin-top-large:0px;--awb-spacing-right-large:2.375%;--awb-margin-bottom-large:0px;--awb-spacing-left-large:2.375%;--awb-width-medium:100%;--awb-order-medium:0;--awb-flex-grow-medium:0;--awb-flex-shrink-medium:0;--awb-spacing-right-medium:2.375%;--awb-spacing-left-medium:2.375%;--awb-width-small:100%;--awb-order-small:0;--awb-flex-grow-small:0;--awb-flex-shrink-small:0;--awb-spacing-right-small:2.375%;--awb-spacing-left-small:2.375%;\"><div class=\"fusion-column-wrapper fusion-column-has-shadow fusion-flex-justify-content-flex-start fusion-content-layout-column\"><div class=\"fusion-form-field fusion-form-text-field fusion-form-label-above\" style=\"\" data-form-id=\"694\"><input type=\"text\" autocomplete=\"off\" name=\"name_surname\" id=\"name_surname\" value=\"\"  class=\"fusion-form-input\" required=\"true\" aria-required=\"true\" placeholder=\"Ad Soyad *\" data-holds-private-data=\"false\" minlength=\"0\"\/><\/div><\/div><\/div><div class=\"fusion-layout-column fusion_builder_column fusion-builder-column-3 fusion_builder_column_1_1 1_1 fusion-flex-column\" style=\"--awb-bg-size:cover;--awb-width-large:100%;--awb-flex-grow:0;--awb-flex-shrink:0;--awb-margin-top-large:0px;--awb-spacing-right-large:2.375%;--awb-margin-bottom-large:0px;--awb-spacing-left-large:2.375%;--awb-width-medium:100%;--awb-order-medium:0;--awb-flex-grow-medium:0;--awb-flex-shrink-medium:0;--awb-spacing-right-medium:2.375%;--awb-spacing-left-medium:2.375%;--awb-width-small:100%;--awb-order-small:0;--awb-flex-grow-small:0;--awb-flex-shrink-small:0;--awb-spacing-right-small:2.375%;--awb-spacing-left-small:2.375%;\"><div class=\"fusion-column-wrapper fusion-column-has-shadow fusion-flex-justify-content-flex-start fusion-content-layout-column\"><div class=\"fusion-form-field fusion-form-text-field fusion-form-label-above\" style=\"\" data-form-id=\"694\"><input type=\"text\" autocomplete=\"off\" name=\"number\" id=\"number\" value=\"\"  class=\"fusion-form-input\" required=\"true\" aria-required=\"true\" placeholder=\"Telefon *\" data-holds-private-data=\"false\" minlength=\"0\"\/><\/div><\/div><\/div><div class=\"fusion-layout-column fusion_builder_column fusion-builder-column-4 fusion_builder_column_1_1 1_1 fusion-flex-column\" style=\"--awb-bg-size:cover;--awb-width-large:100%;--awb-flex-grow:0;--awb-flex-shrink:0;--awb-margin-top-large:0px;--awb-spacing-right-large:2.375%;--awb-margin-bottom-large:0px;--awb-spacing-left-large:2.375%;--awb-width-medium:100%;--awb-order-medium:0;--awb-flex-grow-medium:0;--awb-flex-shrink-medium:0;--awb-spacing-right-medium:2.375%;--awb-spacing-left-medium:2.375%;--awb-width-small:100%;--awb-order-small:0;--awb-flex-grow-small:0;--awb-flex-shrink-small:0;--awb-spacing-right-small:2.375%;--awb-spacing-left-small:2.375%;\"><div class=\"fusion-column-wrapper fusion-column-has-shadow fusion-flex-justify-content-flex-start fusion-content-layout-column\"><div class=\"fusion-form-field fusion-form-email-field fusion-form-label-above\" style=\"\" data-form-id=\"694\"><input type=\"email\" autocomplete=\"off\" name=\"email_address\" id=\"email_address\" value=\"\"  class=\"fusion-form-input\" required=\"true\" aria-required=\"true\" placeholder=\"E-mail *\" data-holds-private-data=\"false\"\/><\/div><\/div><\/div><div class=\"fusion-layout-column fusion_builder_column fusion-builder-column-5 fusion_builder_column_1_1 1_1 fusion-flex-column\" style=\"--awb-bg-size:cover;--awb-width-large:100%;--awb-flex-grow:0;--awb-flex-shrink:0;--awb-margin-top-large:0px;--awb-spacing-right-large:2.375%;--awb-margin-bottom-large:0px;--awb-spacing-left-large:2.375%;--awb-width-medium:100%;--awb-order-medium:0;--awb-flex-grow-medium:0;--awb-flex-shrink-medium:0;--awb-spacing-right-medium:2.375%;--awb-spacing-left-medium:2.375%;--awb-width-small:100%;--awb-order-small:0;--awb-flex-grow-small:0;--awb-flex-shrink-small:0;--awb-spacing-right-small:2.375%;--awb-spacing-left-small:2.375%;\"><div class=\"fusion-column-wrapper fusion-column-has-shadow fusion-flex-justify-content-flex-start fusion-content-layout-column\"><div class=\"fusion-form-field fusion-form-upload-field fusion-form-label-above\" style=\"--awb-preview-thumb-width:115px;\" data-form-id=\"694\"><div class=\"fusion-form-tooltip\"><i class=\"awb-icon-question-circle\"><\/i><span class=\"fusion-form-tooltip-content\">R\u00f6ntgen ve T\u0131bbi G\u00f6r\u00fcnt\u00fcler<\/span><\/div><div class=\"fusion-form-input-with-icon\"><i class=\" fa-folder-open fas\"><\/i><div class=\"fusion-form-upload-field-container\"><input type=\"file\" id=\"tibbi_goruntuler\" name=\"tibbi_goruntuler[]\" value=\"\"  class=\"fusion-form-input\" placeholder=\"R\u00f6ntgen ve T\u0131bbi G\u00f6r\u00fcnt\u00fcler \" data-size=\"20\" multiple data-single-add-remove=\"no\" data-min-upload-files=\"0\" data-max-upload-files=\"0\" data-uploads-preview=\"filenames\"\/><div class=\"fusion-form-upload-field\"  data-holds-private-data=\"false\"><span class=\"awb-upload-placeholder\" data-default=\"R\u00f6ntgen ve T\u0131bbi G\u00f6r\u00fcnt\u00fcler\">R\u00f6ntgen ve T\u0131bbi G\u00f6r\u00fcnt\u00fcler<\/span><div class=\"awb-uploads-preview\"><div class=\"awb-preview-thumbs\"><\/div><\/div><\/div><div ><a class=\"fusion-button button-flat button-medium button-default fusion-button-default button-1 fusion-button-default-span fusion-button-default-type fusion-form-upload-field-button\" style=\"--button-border-radius-top-left:0px;--button-border-radius-top-right:0px;--button-border-radius-bottom-right:0px;--button-border-radius-bottom-left:0px;\" target=\"_self\" href=\"javascript:void();\"><span class=\"fusion-button-text awb-button__text awb-button__text--default\">Choose File<\/span><\/a><\/div><\/div><\/div><\/div><\/div><\/div><div class=\"fusion-layout-column fusion_builder_column fusion-builder-column-6 fusion_builder_column_1_1 1_1 fusion-flex-column\" style=\"--awb-bg-size:cover;--awb-width-large:100%;--awb-flex-grow:0;--awb-flex-shrink:0;--awb-margin-top-large:0px;--awb-spacing-right-large:2.375%;--awb-margin-bottom-large:0px;--awb-spacing-left-large:2.375%;--awb-width-medium:100%;--awb-order-medium:0;--awb-flex-grow-medium:0;--awb-flex-shrink-medium:0;--awb-spacing-right-medium:2.375%;--awb-spacing-left-medium:2.375%;--awb-width-small:100%;--awb-order-small:0;--awb-flex-grow-small:0;--awb-flex-shrink-small:0;--awb-spacing-right-small:2.375%;--awb-spacing-left-small:2.375%;\"><div class=\"fusion-column-wrapper fusion-column-has-shadow fusion-flex-justify-content-flex-start fusion-content-layout-column\"><div class=\"form-submission-notices data-notice_1\" id=\"fusion-notices-1\"><div class=\"fusion-alert alert success alert-success fusion-alert-center fusion-form-response fusion-form-response-success awb-alert-native-link-color alert-dismissable awb-alert-close-boxed\" role=\"alert\"><div class=\"fusion-alert-content-wrapper\"><span class=\"alert-icon\"><i class=\"awb-icon-check-circle\" aria-hidden=\"true\"><\/i><\/span><span class=\"fusion-alert-content\">Mesaj\u0131n\u0131z g\u00f6nderildi. Mesaj\u0131n\u0131z i\u00e7in te\u015fekk\u00fcr ederiz. En k\u0131sa s\u00fcrede ileti\u015fime ge\u00e7erek bilgi verece\u011fiz.<\/span><\/div><button type=\"button\" class=\"close toggle-alert\" data-dismiss=\"alert\" aria-label=\"Close\">&times;<\/button><\/div><div class=\"fusion-alert alert error alert-danger fusion-alert-center fusion-form-response fusion-form-response-error awb-alert-native-link-color alert-dismissable awb-alert-close-boxed\" role=\"alert\"><div class=\"fusion-alert-content-wrapper\"><span class=\"alert-icon\"><i class=\"awb-icon-exclamation-triangle\" aria-hidden=\"true\"><\/i><\/span><span class=\"fusion-alert-content\">Bir hata olu\u015ftu. L\u00fctfen bilgileri bilgileri kontrol ederek yeniden g\u00f6nderin.<\/span><\/div><button type=\"button\" class=\"close toggle-alert\" data-dismiss=\"alert\" aria-label=\"Close\">&times;<\/button><\/div><\/div><div class=\"fusion-form-field fusion-form-submit-field fusion-form-label-above\" style=\"\" data-form-id=\"694\"><div ><button type=\"submit\" class=\"fusion-button button-flat button-xlarge button-custom fusion-button-default button-2 fusion-button-span-yes  button-default form-form-submit\" style=\"--button_accent_color:var(--awb-color5);--button_accent_hover_color:var(--awb-color1);--button_border_hover_color:var(--awb-color1);--button_border_width-top:0px;--button_border_width-right:0px;--button_border_width-bottom:0px;--button_border_width-left:0px;--button_gradient_top_color:var(--awb-color1);--button_gradient_bottom_color:var(--awb-color1);--button_gradient_top_color_hover:var(--awb-color5);--button_gradient_bottom_color_hover:var(--awb-color5);--button_margin-top:15px;\" data-form-number=\"694\" tabindex=\"\"><span class=\"fusion-button-text awb-button__text awb-button__text--default\">G\u00f6nder<\/span><\/button><\/div><\/div><\/div><\/div><\/div><\/div><input type=\"hidden\" name=\"fusion_privacy_store_ip_ua\" value=\"false\"><input type=\"hidden\" name=\"fusion_privacy_expiration_interval\" value=\"48\"><input type=\"hidden\" name=\"privacy_expiration_action\" value=\"anonymize\"><\/form><\/div><\/div><\/div><\/div><\/div>\n","protected":false},"excerpt":{"rendered":"","protected":false},"author":1,"featured_media":0,"parent":0,"menu_order":0,"comment_status":"closed","ping_status":"closed","template":"100-width.php","meta":{"footnotes":""},"class_list":["post-4184","page","type-page","status-publish","hentry"],"_links":{"self":[{"href":"https:\/\/furkanozay.com\/de\/wp-json\/wp\/v2\/pages\/4184","targetHints":{"allow":["GET"]}}],"collection":[{"href":"https:\/\/furkanozay.com\/de\/wp-json\/wp\/v2\/pages"}],"about":[{"href":"https:\/\/furkanozay.com\/de\/wp-json\/wp\/v2\/types\/page"}],"author":[{"embeddable":true,"href":"https:\/\/furkanozay.com\/de\/wp-json\/wp\/v2\/users\/1"}],"replies":[{"embeddable":true,"href":"https:\/\/furkanozay.com\/de\/wp-json\/wp\/v2\/comments?post=4184"}],"version-history":[{"count":3,"href":"https:\/\/furkanozay.com\/de\/wp-json\/wp\/v2\/pages\/4184\/revisions"}],"predecessor-version":[{"id":4280,"href":"https:\/\/furkanozay.com\/de\/wp-json\/wp\/v2\/pages\/4184\/revisions\/4280"}],"wp:attachment":[{"href":"https:\/\/furkanozay.com\/de\/wp-json\/wp\/v2\/media?parent=4184"}],"curies":[{"name":"wp","href":"https:\/\/api.w.org\/{rel}","templated":true}]}}