{"id":4166,"date":"2024-11-01T10:25:57","date_gmt":"2024-11-01T10:25:57","guid":{"rendered":"https:\/\/furkanozay.com\/?page_id=4166"},"modified":"2025-01-20T11:13:15","modified_gmt":"2025-01-20T11:13:15","slug":"zahnuntersuchung","status":"publish","type":"page","link":"https:\/\/furkanozay.com\/de\/zahnuntersuchung\/","title":{"rendered":"Zahnuntersuchung"},"content":{"rendered":"<div class=\"fusion-fullwidth fullwidth-box fusion-builder-row-1 fusion-flex-container has-pattern-background has-mask-background nonhundred-percent-fullwidth non-hundred-percent-height-scrolling\" style=\"--awb-border-radius-top-left:0px;--awb-border-radius-top-right:0px;--awb-border-radius-bottom-right:0px;--awb-border-radius-bottom-left:0px;--awb-flex-wrap:wrap;\" ><div class=\"fusion-builder-row fusion-row fusion-flex-align-items-flex-start fusion-flex-content-wrap\" style=\"max-width:1365px;margin-left: calc(-5% \/ 2 );margin-right: calc(-5% \/ 2 );\"><div class=\"fusion-layout-column fusion_builder_column fusion-builder-column-0 fusion_builder_column_2_3 2_3 fusion-flex-column\" style=\"--awb-bg-size:cover;--awb-width-large:66.666666666667%;--awb-margin-top-large:0px;--awb-spacing-right-large:3.5625%;--awb-margin-bottom-large:20px;--awb-spacing-left-large:3.5625%;--awb-width-medium:66.666666666667%;--awb-order-medium:0;--awb-spacing-right-medium:3.5625%;--awb-spacing-left-medium:3.5625%;--awb-width-small:100%;--awb-order-small:0;--awb-spacing-right-small:2.375%;--awb-spacing-left-small:2.375%;\"><div class=\"fusion-column-wrapper fusion-column-has-shadow fusion-flex-justify-content-flex-start fusion-content-layout-column\"><div class=\"fusion-title title fusion-title-1 fusion-sep-none fusion-title-text fusion-title-size-one\" style=\"--awb-font-size:40px;\"><h1 class=\"fusion-title-heading title-heading-left\" style=\"margin:0;font-size:1em;\"><h1>Zahnuntersuchung<\/h1><\/h1><\/div><div class=\"fusion-text fusion-text-1\" style=\"--awb-content-alignment:justify;--awb-font-size:16px;\"><h2>Was ist ein Dental Check-Up? Wie wird es durchgef\u00fchrt?<\/h2>\n<p>Ein Dental Check-Up ist eine routinem\u00e4\u00dfige zahn\u00e4rztliche Untersuchung, die durchgef\u00fchrt wird, um den allgemeinen Zustand der Mund- und Zahngesundheit zu bewerten und m\u00f6gliche Probleme fr\u00fchzeitig zu erkennen. Ein Check-Up, der regelm\u00e4\u00dfig vom Zahnarzt durchgef\u00fchrt wird, ist eine der effektivsten Methoden, um die Mundgesundheit zu erhalten. Wenn Karies, Zahnfleischerkrankungen und andere Mundprobleme fr\u00fchzeitig erkannt werden, wird der Behandlungsprozess einfacher und effektiver. Wie wird also ein Dental Check-Up durchgef\u00fchrt und welche Schritte beinhaltet es? Hier sind die Details:<\/p>\n<h2><strong>Was ist ein Dental Check-Up?<\/strong><\/h2>\n<p>Ein Dental Check-Up ist eine umfassende Untersuchung, die durchgef\u00fchrt wird, um den Zustand der Z\u00e4hne und des Zahnfleisches zu bewerten, m\u00f6gliche Probleme zu erkennen und gegebenenfalls pr\u00e4ventive Ma\u00dfnahmen zu ergreifen. Regelm\u00e4\u00dfige Check-Ups helfen nicht nur, die allgemeine Zahngesundheit zu erhalten, sondern auch, h\u00e4ufige Mundprobleme wie Zahnausfall, Karies und Zahnfleischerkrankungen zu verhindern.<\/p>\n<h2><strong>Warum ist ein Dental Check-Up wichtig?<\/strong><\/h2>\n<ul>\n<li><strong>Fr\u00fche Diagnose:<\/strong> Karies, Zahnfleischerkrankungen oder Sch\u00e4den am Zahnschmelz werden fr\u00fchzeitig erkannt und behandelt.<\/li>\n<li><strong>Langfristige Mundgesundheit:<\/strong> Regelm\u00e4\u00dfige Kontrollen sorgen daf\u00fcr, dass Z\u00e4hne und Zahnfleisch lange gesund bleiben.<\/li>\n<li><strong>Kosteng\u00fcnstigere Behandlung:<\/strong> Wenn Probleme fr\u00fchzeitig erkannt werden, k\u00f6nnen teure und aufwendige Behandlungen vermieden werden.<\/li>\n<li><strong>\u00c4sthetische und funktionale Erhaltung:<\/strong> Wenn Zahnprobleme erkannt werden, bevor sie sichtbar werden, werden \u00e4sthetische und funktionale Verluste verhindert.<\/li>\n<\/ul>\n<h2><strong>Wie wird ein Dental Check-Up durchgef\u00fchrt?<\/strong><\/h2>\n<p>Der Dental Check-Up wird in mehreren Schritten vom Zahnarzt durchgef\u00fchrt. Hier sind die typischen Schritte eines Check-Ups:<\/p>\n<h3><strong>Allgemeine Munduntersuchung:<\/strong><\/h3>\n<p>Der Zahnarzt untersucht zun\u00e4chst den Mundraum und bewertet den Zustand der Z\u00e4hne, des Zahnfleisches und der Zunge. In diesem Schritt wird \u00fcberpr\u00fcft, ob es sichtbare Probleme im Mund gibt.<\/p>\n<h3><strong>Untersuchung der Z\u00e4hne und des Zahnfleisches:<\/strong><\/h3>\n<p>Es wird \u00fcberpr\u00fcft, ob es Karies, Br\u00fcche oder Abnutzung an den Z\u00e4hnen gibt. Au\u00dferdem wird der Zustand des Zahnfleisches kontrolliert, um festzustellen, ob es Anzeichen von Blutungen, R\u00fcckbildung oder Entz\u00fcndungen gibt.<\/p>\n<h3><strong>Digitale R\u00f6ntgenaufnahmen (falls erforderlich):<br \/>\n<\/strong><\/h3>\n<p>Der Zahnarzt kann digitale R\u00f6ntgenaufnahmen anfordern, um unsichtbare Karies und Probleme an den Zahnwurzeln zu erkennen. R\u00f6ntgenaufnahmen helfen, potenzielle Probleme an den Zahnwurzeln, im Kieferknochen und unter den Z\u00e4hnen zu untersuchen.<\/p>\n<h3><strong>Kontrolle von Zahnstein und Plaque:<\/strong><\/h3>\n<p>Die Oberfl\u00e4che der Z\u00e4hne wird auf Plaque und Zahnstein untersucht. Diese Ablagerungen k\u00f6nnen, wenn sie nicht regelm\u00e4\u00dfig entfernt werden, zu Zahnfleischerkrankungen und Karies f\u00fchren. Wenn Zahnstein vorhanden ist, wird der Zahnarzt in der Regel eine Reinigung empfehlen.<\/p>\n<h3><strong>Bewertung der Kiefer- und Bissstruktur:<\/strong><\/h3>\n<p>Es wird \u00fcberpr\u00fcft, ob es Unstimmigkeiten in der Kieferstruktur oder Zahnstellung gibt. Kau- oder Bissprobleme k\u00f6nnen zu Zahnsch\u00e4den und Kieferproblemen f\u00fchren.<\/p>\n<h3><strong>Professionelle Zahnreinigung (falls erforderlich):<\/strong><\/h3>\n<p>Falls Zahnstein oder Plaque vorhanden sind, wird der Zahnarzt eine professionelle Zahnreinigung durchf\u00fchren. Dieser Schritt hilft, die Z\u00e4hne zu polieren und die Gesundheit des Zahnfleisches zu erhalten.<\/p>\n<h3><strong>Patientenaufkl\u00e4rung und Empfehlungen:<\/strong><\/h3>\n<p>Nach der Untersuchung wird dem Patienten detaillierte Informationen \u00fcber den Zustand der Mundgesundheit gegeben, und es wird \u00fcber m\u00f6gliche Probleme informiert. Der Zahnarzt gibt spezielle Empfehlungen zur Zahnpflege und erstellt, falls notwendig, einen Behandlungsplan.<\/p>\n<h3><strong>Wie oft sollte ein Dental Check-Up durchgef\u00fchrt werden?<\/strong><\/h3>\n<p>Ein Dental Check-Up sollte in der Regel zweimal im Jahr durchgef\u00fchrt werden. Je nach der Mundgesundheit, der Zahngeschichte und besonderen Umst\u00e4nden kann der Zahnarzt jedoch auch h\u00e4ufigere oder weniger h\u00e4ufige Kontrollen empfehlen.<\/p>\n<h3><strong>Worauf sollte man bei einem Dental Check-Up achten?<\/strong><\/h3>\n<ul>\n<li><strong>Bleiben Sie ruhig und entspannt:<\/strong> Der Zahnarzt f\u00fchrt die Untersuchung so durch, dass keine Schmerzen oder Beschwerden entstehen.<\/li>\n<li><strong>Stellen Sie Fragen an Ihren Zahnarzt:<\/strong> Scheuen Sie sich nicht, Fragen oder Bedenken zur Mundgesundheit w\u00e4hrend des Check-Ups anzusprechen.<\/li>\n<li><strong>Folgen Sie den empfohlenen Behandlungen:<\/strong> Falls eine Behandlung nach dem Check-Up empfohlen wird, sollten Sie diese nicht vernachl\u00e4ssigen. Eine fr\u00fchzeitige Intervention ist der effektivste Weg, die Mundgesundheit zu erhalten.<\/li>\n<\/ul>\n<p>Ein Dental Check-Up ist einer der wichtigsten Schritte, um ein gesundes und \u00e4sthetisches L\u00e4cheln zu erhalten. Durch regelm\u00e4\u00dfige Zahnkontrollen k\u00f6nnen Sie Ihre Mundgesundheit erhalten und ein ges\u00fcnderes und angenehmeres Leben f\u00fchren. Vernachl\u00e4ssigen Sie nicht, regelm\u00e4\u00dfig zu Ihrem Zahnarzt zu gehen und einen Check-Up durchf\u00fchren zu lassen.<\/p>\n<\/div><\/div><\/div><div class=\"fusion-layout-column fusion_builder_column fusion-builder-column-1 awb-sticky awb-sticky-small awb-sticky-medium awb-sticky-large fusion_builder_column_1_3 1_3 fusion-flex-column fusion-flex-align-self-flex-start fusion-animated\" style=\"--awb-padding-top:2vw;--awb-padding-right:2vw;--awb-padding-bottom:2vw;--awb-padding-left:2vw;--awb-padding-top-small:11vw;--awb-padding-right-small:11vw;--awb-padding-bottom-small:11vw;--awb-padding-left-small:11vw;--awb-overflow:hidden;--awb-bg-color:var(--awb-color7);--awb-bg-color-hover:var(--awb-color7);--awb-bg-size:cover;--awb-border-radius:6px 6px 6px 6px;--awb-width-large:33.333333333333%;--awb-margin-top-large:0px;--awb-spacing-right-large:7.125%;--awb-margin-bottom-large:0px;--awb-spacing-left-large:7.125%;--awb-width-medium:50%;--awb-order-medium:0;--awb-spacing-right-medium:4.75%;--awb-spacing-left-medium:4.75%;--awb-width-small:100%;--awb-order-small:0;--awb-spacing-right-small:2.375%;--awb-spacing-left-small:2.375%;\" data-animationType=\"fadeInUp\" data-animationDuration=\"1.5\" data-animationOffset=\"top-into-view\" data-scroll-devices=\"small-visibility,medium-visibility,large-visibility\"><div class=\"fusion-column-wrapper fusion-column-has-shadow fusion-flex-justify-content-flex-start fusion-content-layout-block\"><div class=\"fusion-title title fusion-title-2 fusion-sep-none fusion-title-center fusion-title-text fusion-title-size-two\" style=\"--awb-text-color:var(--awb-color1);--awb-margin-bottom:10px;\"><h2 class=\"fusion-title-heading title-heading-center\" style=\"margin:0;\">Randevu Olu\u015ftur<\/h2><\/div><div class=\"fusion-separator fusion-full-width-sep\" style=\"align-self: center;margin-left: auto;margin-right: auto;width:100%;\"><\/div><div class=\"fusion-text fusion-text-2\" style=\"--awb-content-alignment:center;--awb-font-size:17px;--awb-line-height:0.3;--awb-text-color:var(--awb-color1);\"><p>Formu doldurun<\/p>\n<p>sizinle ileti\u015fime ge\u00e7elim<\/p>\n<\/div><div class=\"fusion-form fusion-form-builder fusion-form-form-wrapper fusion-form-694\" style=\"--awb-margin-top:4%;--awb-tooltip-text-color:#ffffff;--awb-tooltip-background-color:#333333;\" data-form-id=\"694\" data-config=\"{&quot;form_id&quot;:694,&quot;form_post_id&quot;:694,&quot;post_id&quot;:4166,&quot;form_type&quot;:&quot;ajax&quot;,&quot;confirmation_type&quot;:&quot;message&quot;,&quot;redirect_url&quot;:&quot;&quot;,&quot;redirect_timeout&quot;:&quot;0&quot;,&quot;field_labels&quot;:{&quot;name_surname&quot;:&quot;&quot;,&quot;number&quot;:&quot;&quot;,&quot;email_address&quot;:&quot;&quot;,&quot;tibbi_goruntuler&quot;:&quot;&quot;},&quot;field_logics&quot;:{&quot;name_surname&quot;:&quot;&quot;,&quot;number&quot;:&quot;&quot;,&quot;email_address&quot;:&quot;&quot;,&quot;tibbi_goruntuler&quot;:&quot;&quot;,&quot;notice_1&quot;:&quot;[]&quot;,&quot;submit_1&quot;:&quot;&quot;},&quot;field_types&quot;:{&quot;name_surname&quot;:&quot;text&quot;,&quot;number&quot;:&quot;text&quot;,&quot;email_address&quot;:&quot;email&quot;,&quot;tibbi_goruntuler&quot;:&quot;upload&quot;,&quot;notice_1&quot;:&quot;notice&quot;,&quot;submit_1&quot;:&quot;submit&quot;},&quot;nonce_method&quot;:&quot;none&quot;,&quot;form_views&quot;:&quot;ajax&quot;,&quot;form_views_counting&quot;:&quot;all&quot;}\"><form action=\"https:\/\/furkanozay.com\/de\/zahnuntersuchung\/\" method=\"get\" class=\"fusion-form fusion-form-694\" enctype=\"multipart\/form-data\"><div class=\"fusion-fullwidth fullwidth-box fusion-builder-row-1-1 fusion-flex-container nonhundred-percent-fullwidth non-hundred-percent-height-scrolling\" style=\"--awb-border-radius-top-left:0px;--awb-border-radius-top-right:0px;--awb-border-radius-bottom-right:0px;--awb-border-radius-bottom-left:0px;--awb-padding-top:0px;--awb-padding-right:0px;--awb-padding-bottom:0px;--awb-padding-left:0px;--awb-margin-top:0px;--awb-margin-bottom:0px;--awb-flex-wrap:wrap;\" ><div class=\"fusion-builder-row fusion-row fusion-flex-align-items-flex-start fusion-flex-content-wrap\" style=\"width:105% !important;max-width:105% !important;margin-left: calc(-5% \/ 2 );margin-right: calc(-5% \/ 2 );\"><div class=\"fusion-layout-column fusion_builder_column fusion-builder-column-2 fusion_builder_column_1_1 1_1 fusion-flex-column\" style=\"--awb-bg-size:cover;--awb-width-large:100%;--awb-flex-grow:0;--awb-flex-shrink:0;--awb-margin-top-large:0px;--awb-spacing-right-large:2.375%;--awb-margin-bottom-large:0px;--awb-spacing-left-large:2.375%;--awb-width-medium:100%;--awb-order-medium:0;--awb-flex-grow-medium:0;--awb-flex-shrink-medium:0;--awb-spacing-right-medium:2.375%;--awb-spacing-left-medium:2.375%;--awb-width-small:100%;--awb-order-small:0;--awb-flex-grow-small:0;--awb-flex-shrink-small:0;--awb-spacing-right-small:2.375%;--awb-spacing-left-small:2.375%;\"><div class=\"fusion-column-wrapper fusion-column-has-shadow fusion-flex-justify-content-flex-start fusion-content-layout-column\"><div class=\"fusion-form-field fusion-form-text-field fusion-form-label-above\" style=\"\" data-form-id=\"694\"><input type=\"text\" autocomplete=\"off\" name=\"name_surname\" id=\"name_surname\" value=\"\"  class=\"fusion-form-input\" required=\"true\" aria-required=\"true\" placeholder=\"Ad Soyad *\" data-holds-private-data=\"false\" minlength=\"0\"\/><\/div><\/div><\/div><div class=\"fusion-layout-column fusion_builder_column fusion-builder-column-3 fusion_builder_column_1_1 1_1 fusion-flex-column\" style=\"--awb-bg-size:cover;--awb-width-large:100%;--awb-flex-grow:0;--awb-flex-shrink:0;--awb-margin-top-large:0px;--awb-spacing-right-large:2.375%;--awb-margin-bottom-large:0px;--awb-spacing-left-large:2.375%;--awb-width-medium:100%;--awb-order-medium:0;--awb-flex-grow-medium:0;--awb-flex-shrink-medium:0;--awb-spacing-right-medium:2.375%;--awb-spacing-left-medium:2.375%;--awb-width-small:100%;--awb-order-small:0;--awb-flex-grow-small:0;--awb-flex-shrink-small:0;--awb-spacing-right-small:2.375%;--awb-spacing-left-small:2.375%;\"><div class=\"fusion-column-wrapper fusion-column-has-shadow fusion-flex-justify-content-flex-start fusion-content-layout-column\"><div class=\"fusion-form-field fusion-form-text-field fusion-form-label-above\" style=\"\" data-form-id=\"694\"><input type=\"text\" autocomplete=\"off\" name=\"number\" id=\"number\" value=\"\"  class=\"fusion-form-input\" required=\"true\" aria-required=\"true\" placeholder=\"Telefon *\" data-holds-private-data=\"false\" minlength=\"0\"\/><\/div><\/div><\/div><div class=\"fusion-layout-column fusion_builder_column fusion-builder-column-4 fusion_builder_column_1_1 1_1 fusion-flex-column\" style=\"--awb-bg-size:cover;--awb-width-large:100%;--awb-flex-grow:0;--awb-flex-shrink:0;--awb-margin-top-large:0px;--awb-spacing-right-large:2.375%;--awb-margin-bottom-large:0px;--awb-spacing-left-large:2.375%;--awb-width-medium:100%;--awb-order-medium:0;--awb-flex-grow-medium:0;--awb-flex-shrink-medium:0;--awb-spacing-right-medium:2.375%;--awb-spacing-left-medium:2.375%;--awb-width-small:100%;--awb-order-small:0;--awb-flex-grow-small:0;--awb-flex-shrink-small:0;--awb-spacing-right-small:2.375%;--awb-spacing-left-small:2.375%;\"><div class=\"fusion-column-wrapper fusion-column-has-shadow fusion-flex-justify-content-flex-start fusion-content-layout-column\"><div class=\"fusion-form-field fusion-form-email-field fusion-form-label-above\" style=\"\" data-form-id=\"694\"><input type=\"email\" autocomplete=\"off\" name=\"email_address\" id=\"email_address\" value=\"\"  class=\"fusion-form-input\" required=\"true\" aria-required=\"true\" placeholder=\"E-mail *\" data-holds-private-data=\"false\"\/><\/div><\/div><\/div><div class=\"fusion-layout-column fusion_builder_column fusion-builder-column-5 fusion_builder_column_1_1 1_1 fusion-flex-column\" style=\"--awb-bg-size:cover;--awb-width-large:100%;--awb-flex-grow:0;--awb-flex-shrink:0;--awb-margin-top-large:0px;--awb-spacing-right-large:2.375%;--awb-margin-bottom-large:0px;--awb-spacing-left-large:2.375%;--awb-width-medium:100%;--awb-order-medium:0;--awb-flex-grow-medium:0;--awb-flex-shrink-medium:0;--awb-spacing-right-medium:2.375%;--awb-spacing-left-medium:2.375%;--awb-width-small:100%;--awb-order-small:0;--awb-flex-grow-small:0;--awb-flex-shrink-small:0;--awb-spacing-right-small:2.375%;--awb-spacing-left-small:2.375%;\"><div class=\"fusion-column-wrapper fusion-column-has-shadow fusion-flex-justify-content-flex-start fusion-content-layout-column\"><div class=\"fusion-form-field fusion-form-upload-field fusion-form-label-above\" style=\"--awb-preview-thumb-width:115px;\" data-form-id=\"694\"><div class=\"fusion-form-tooltip\"><i class=\"awb-icon-question-circle\"><\/i><span class=\"fusion-form-tooltip-content\">R\u00f6ntgen ve T\u0131bbi G\u00f6r\u00fcnt\u00fcler<\/span><\/div><div class=\"fusion-form-input-with-icon\"><i class=\" fa-folder-open fas\"><\/i><div class=\"fusion-form-upload-field-container\"><input type=\"file\" id=\"tibbi_goruntuler\" name=\"tibbi_goruntuler[]\" value=\"\"  class=\"fusion-form-input\" placeholder=\"R\u00f6ntgen ve T\u0131bbi G\u00f6r\u00fcnt\u00fcler \" data-size=\"20\" multiple data-single-add-remove=\"no\" data-min-upload-files=\"0\" data-max-upload-files=\"0\" data-uploads-preview=\"filenames\"\/><div class=\"fusion-form-upload-field\"  data-holds-private-data=\"false\"><span class=\"awb-upload-placeholder\" data-default=\"R\u00f6ntgen ve T\u0131bbi G\u00f6r\u00fcnt\u00fcler\">R\u00f6ntgen ve T\u0131bbi G\u00f6r\u00fcnt\u00fcler<\/span><div class=\"awb-uploads-preview\"><div class=\"awb-preview-thumbs\"><\/div><\/div><\/div><div ><a class=\"fusion-button button-flat button-medium button-default fusion-button-default button-1 fusion-button-default-span fusion-button-default-type fusion-form-upload-field-button\" style=\"--button-border-radius-top-left:0px;--button-border-radius-top-right:0px;--button-border-radius-bottom-right:0px;--button-border-radius-bottom-left:0px;\" target=\"_self\" href=\"javascript:void();\"><span class=\"fusion-button-text awb-button__text awb-button__text--default\">Choose File<\/span><\/a><\/div><\/div><\/div><\/div><\/div><\/div><div class=\"fusion-layout-column fusion_builder_column fusion-builder-column-6 fusion_builder_column_1_1 1_1 fusion-flex-column\" style=\"--awb-bg-size:cover;--awb-width-large:100%;--awb-flex-grow:0;--awb-flex-shrink:0;--awb-margin-top-large:0px;--awb-spacing-right-large:2.375%;--awb-margin-bottom-large:0px;--awb-spacing-left-large:2.375%;--awb-width-medium:100%;--awb-order-medium:0;--awb-flex-grow-medium:0;--awb-flex-shrink-medium:0;--awb-spacing-right-medium:2.375%;--awb-spacing-left-medium:2.375%;--awb-width-small:100%;--awb-order-small:0;--awb-flex-grow-small:0;--awb-flex-shrink-small:0;--awb-spacing-right-small:2.375%;--awb-spacing-left-small:2.375%;\"><div class=\"fusion-column-wrapper fusion-column-has-shadow fusion-flex-justify-content-flex-start fusion-content-layout-column\"><div class=\"form-submission-notices data-notice_1\" id=\"fusion-notices-1\"><div class=\"fusion-alert alert success alert-success fusion-alert-center fusion-form-response fusion-form-response-success awb-alert-native-link-color alert-dismissable awb-alert-close-boxed\" role=\"alert\"><div class=\"fusion-alert-content-wrapper\"><span class=\"alert-icon\"><i class=\"awb-icon-check-circle\" aria-hidden=\"true\"><\/i><\/span><span class=\"fusion-alert-content\">Mesaj\u0131n\u0131z g\u00f6nderildi. Mesaj\u0131n\u0131z i\u00e7in te\u015fekk\u00fcr ederiz. En k\u0131sa s\u00fcrede ileti\u015fime ge\u00e7erek bilgi verece\u011fiz.<\/span><\/div><button type=\"button\" class=\"close toggle-alert\" data-dismiss=\"alert\" aria-label=\"Close\">&times;<\/button><\/div><div class=\"fusion-alert alert error alert-danger fusion-alert-center fusion-form-response fusion-form-response-error awb-alert-native-link-color alert-dismissable awb-alert-close-boxed\" role=\"alert\"><div class=\"fusion-alert-content-wrapper\"><span class=\"alert-icon\"><i class=\"awb-icon-exclamation-triangle\" aria-hidden=\"true\"><\/i><\/span><span class=\"fusion-alert-content\">Bir hata olu\u015ftu. L\u00fctfen bilgileri bilgileri kontrol ederek yeniden g\u00f6nderin.<\/span><\/div><button type=\"button\" class=\"close toggle-alert\" data-dismiss=\"alert\" aria-label=\"Close\">&times;<\/button><\/div><\/div><div class=\"fusion-form-field fusion-form-submit-field fusion-form-label-above\" style=\"\" data-form-id=\"694\"><div ><button type=\"submit\" class=\"fusion-button button-flat button-xlarge button-custom fusion-button-default button-2 fusion-button-span-yes  button-default form-form-submit\" style=\"--button_accent_color:var(--awb-color5);--button_accent_hover_color:var(--awb-color1);--button_border_hover_color:var(--awb-color1);--button_border_width-top:0px;--button_border_width-right:0px;--button_border_width-bottom:0px;--button_border_width-left:0px;--button_gradient_top_color:var(--awb-color1);--button_gradient_bottom_color:var(--awb-color1);--button_gradient_top_color_hover:var(--awb-color5);--button_gradient_bottom_color_hover:var(--awb-color5);--button_margin-top:15px;\" data-form-number=\"694\" tabindex=\"\"><span class=\"fusion-button-text awb-button__text awb-button__text--default\">G\u00f6nder<\/span><\/button><\/div><\/div><\/div><\/div><\/div><\/div><input type=\"hidden\" name=\"fusion_privacy_store_ip_ua\" value=\"false\"><input type=\"hidden\" name=\"fusion_privacy_expiration_interval\" value=\"48\"><input type=\"hidden\" name=\"privacy_expiration_action\" value=\"anonymize\"><\/form><\/div><\/div><\/div><\/div><\/div>\n","protected":false},"excerpt":{"rendered":"","protected":false},"author":1,"featured_media":0,"parent":0,"menu_order":0,"comment_status":"closed","ping_status":"closed","template":"100-width.php","meta":{"footnotes":""},"class_list":["post-4166","page","type-page","status-publish","hentry"],"_links":{"self":[{"href":"https:\/\/furkanozay.com\/de\/wp-json\/wp\/v2\/pages\/4166","targetHints":{"allow":["GET"]}}],"collection":[{"href":"https:\/\/furkanozay.com\/de\/wp-json\/wp\/v2\/pages"}],"about":[{"href":"https:\/\/furkanozay.com\/de\/wp-json\/wp\/v2\/types\/page"}],"author":[{"embeddable":true,"href":"https:\/\/furkanozay.com\/de\/wp-json\/wp\/v2\/users\/1"}],"replies":[{"embeddable":true,"href":"https:\/\/furkanozay.com\/de\/wp-json\/wp\/v2\/comments?post=4166"}],"version-history":[{"count":8,"href":"https:\/\/furkanozay.com\/de\/wp-json\/wp\/v2\/pages\/4166\/revisions"}],"predecessor-version":[{"id":4174,"href":"https:\/\/furkanozay.com\/de\/wp-json\/wp\/v2\/pages\/4166\/revisions\/4174"}],"wp:attachment":[{"href":"https:\/\/furkanozay.com\/de\/wp-json\/wp\/v2\/media?parent=4166"}],"curies":[{"name":"wp","href":"https:\/\/api.w.org\/{rel}","templated":true}]}}