{"id":4159,"date":"2024-11-08T10:42:46","date_gmt":"2024-11-08T10:42:46","guid":{"rendered":"https:\/\/furkanozay.com\/?page_id=4159"},"modified":"2025-01-20T09:30:01","modified_gmt":"2025-01-20T09:30:01","slug":"bonding-uygulamasi","status":"publish","type":"page","link":"https:\/\/furkanozay.com\/de\/bonding-uygulamasi\/","title":{"rendered":"Bonding Uygulamas\u0131"},"content":{"rendered":"<div class=\"fusion-fullwidth fullwidth-box fusion-builder-row-1 fusion-flex-container has-pattern-background has-mask-background nonhundred-percent-fullwidth non-hundred-percent-height-scrolling\" style=\"--awb-border-radius-top-left:0px;--awb-border-radius-top-right:0px;--awb-border-radius-bottom-right:0px;--awb-border-radius-bottom-left:0px;--awb-flex-wrap:wrap;\" ><div class=\"fusion-builder-row fusion-row fusion-flex-align-items-flex-start fusion-flex-content-wrap\" style=\"max-width:1365px;margin-left: calc(-5% \/ 2 );margin-right: calc(-5% \/ 2 );\"><div class=\"fusion-layout-column fusion_builder_column fusion-builder-column-0 fusion_builder_column_2_3 2_3 fusion-flex-column\" style=\"--awb-bg-size:cover;--awb-width-large:66.666666666667%;--awb-margin-top-large:0px;--awb-spacing-right-large:3.5625%;--awb-margin-bottom-large:20px;--awb-spacing-left-large:3.5625%;--awb-width-medium:66.666666666667%;--awb-order-medium:0;--awb-spacing-right-medium:3.5625%;--awb-spacing-left-medium:3.5625%;--awb-width-small:100%;--awb-order-small:0;--awb-spacing-right-small:2.375%;--awb-spacing-left-small:2.375%;\"><div class=\"fusion-column-wrapper fusion-column-has-shadow fusion-flex-justify-content-flex-start fusion-content-layout-column\"><div class=\"fusion-title title fusion-title-1 fusion-sep-none fusion-title-text fusion-title-size-one\" style=\"--awb-font-size:40px;\"><h1 class=\"fusion-title-heading title-heading-left\" style=\"margin:0;font-size:1em;\"><h1>Bonding Uygulamas\u0131<\/h1><\/h1><\/div><div class=\"fusion-text fusion-text-1\" style=\"--awb-content-alignment:justify;--awb-font-size:16px;\"><p>Bonding uygulamas\u0131, di\u015flerdeki k\u00fc\u00e7\u00fck estetik kusurlar\u0131 h\u0131zl\u0131 ve minimal m\u00fcdahale ile d\u00fczeltmek amac\u0131yla yap\u0131lan bir i\u015flemdir. Bonding, genellikle di\u015flerdeki k\u0131r\u0131klar, \u00e7atlaklar, k\u00fc\u00e7\u00fck bo\u015fluklar, renk bozukluklar\u0131 ve \u015fekil bozukluklar\u0131n\u0131 gidermek i\u00e7in tercih edilir. Kompozit re\u00e7ine maddesi kullan\u0131larak yap\u0131l\u0131r ve do\u011fal di\u015f renginde oldu\u011fundan estetik bir \u00e7\u00f6z\u00fcm sunar.<\/p>\n<h2>Bonding Uygulamas\u0131 Nas\u0131l Yap\u0131l\u0131r?<\/h2>\n<h3>Di\u015f Haz\u0131rl\u0131\u011f\u0131:<\/h3>\n<p>Bonding i\u015flemi, \u00e7o\u011fu zaman di\u015fin y\u00fczeyini a\u015f\u0131nd\u0131rmay\u0131 gerektirmeyen minimal invaziv bir i\u015flemdir. Bu nedenle anesteziye genellikle ihtiya\u00e7 duyulmaz. Ancak i\u015flem s\u0131ras\u0131nda hasta konforu i\u00e7in gerekirse lokal anestezi yap\u0131labilir.<\/p>\n<h3>Di\u015fin P\u00fcr\u00fczlendirilmesi:<\/h3>\n<p>Bonding malzemesinin di\u015fe iyi tutunmas\u0131 i\u00e7in di\u015fin y\u00fczeyi hafif\u00e7e p\u00fcr\u00fczlendirilir. Di\u015fin y\u00fczeyine \u00f6zel bir asit sol\u00fcsyonu s\u00fcr\u00fclerek di\u015f y\u00fczeyi p\u00fcr\u00fczl\u00fc hale getirilir. Bu, kompozit malzemenin daha iyi yap\u0131\u015fmas\u0131n\u0131 sa\u011flar.<\/p>\n<h3>Ba\u011flay\u0131c\u0131 (Bonding) Malzemenin Uygulanmas\u0131:<\/h3>\n<p>Di\u015fe \u00f6zel bir ba\u011flay\u0131c\u0131 madde s\u00fcr\u00fcl\u00fcr ve bu madde di\u015fe yap\u0131\u015fkan bir y\u00fczey kazand\u0131r\u0131r.<\/p>\n<h3>Kompozit Re\u00e7inenin \u015eekillendirilmesi:<\/h3>\n<p>Di\u015f renginde se\u00e7ilen kompozit re\u00e7ine materyali, di\u015fe katmanlar halinde uygulan\u0131r. Bu materyal yumu\u015fak ve \u015fekillendirilebilir bir halde oldu\u011fundan di\u015fe istenilen \u015fekil verilir. Di\u015fin do\u011fal formuna uygun olarak \u015fekillendirilir.<\/p>\n<h3>I\u015f\u0131kla Sertle\u015ftirme:<\/h3>\n<p>\u015eekillendirme tamamland\u0131ktan sonra, \u00f6zel bir \u0131\u015f\u0131k cihaz\u0131 kullan\u0131larak kompozit materyal sertle\u015ftirilir. Bu \u0131\u015f\u0131k, malzemenin h\u0131zl\u0131 bir \u015fekilde sertle\u015fmesini ve di\u015f y\u00fczeyine tam olarak yap\u0131\u015fmas\u0131n\u0131 sa\u011flar.<\/p>\n<h3>Cilalama ve Son R\u00f6tu\u015flar:<\/h3>\n<p>Malzeme sertle\u015ftikten sonra, di\u015fe son \u015fekil verilir ve di\u015f y\u00fczeyi cilalan\u0131r. Bu a\u015famada di\u015fin do\u011fal parlakl\u0131\u011f\u0131 elde edilir ve di\u015fin y\u00fczeyi p\u00fcr\u00fczs\u00fcz hale getirilir. Bu sayede kompozit malzeme, do\u011fal di\u015f ile uyumlu bir g\u00f6r\u00fcn\u00fcm kazan\u0131r.<\/p>\n<h2>Bonding Uygulamas\u0131n\u0131n Avantajlar\u0131<\/h2>\n<h3>H\u0131zl\u0131 ve Tek Seansta Uygulanabilmesi<\/h3>\n<p>Bonding i\u015flemi genellikle tek bir seans i\u00e7inde tamamlanabilir. K\u00fc\u00e7\u00fck di\u015f sorunlar\u0131 i\u00e7in h\u0131zl\u0131 bir \u00e7\u00f6z\u00fcmd\u00fcr.<\/p>\n<h3>Minimal M\u00fcdahale<\/h3>\n<p>Di\u015fin y\u00fczeyinde \u00e7ok az i\u015flem yap\u0131ld\u0131\u011f\u0131ndan, do\u011fal di\u015f dokusu korunur. \u00c7o\u011fu durumda di\u015fe a\u015f\u0131nd\u0131rma yap\u0131lmas\u0131na gerek kalmaz.<\/p>\n<h3>Do\u011fal G\u00f6r\u00fcn\u00fcm<\/h3>\n<p>Di\u015f renginde bir kompozit materyal kullan\u0131ld\u0131\u011f\u0131 i\u00e7in, bonding uygulamas\u0131 yap\u0131lan di\u015fler do\u011fal g\u00f6r\u00fcn\u00fcr.<\/p>\n<h3>Ekonomik \u00c7\u00f6z\u00fcm<\/h3>\n<p>Di\u011fer estetik di\u015f tedavilerine k\u0131yasla daha uygun maliyetlidir. K\u00fc\u00e7\u00fck estetik sorunlar\u0131 olan hastalar i\u00e7in ekonomik bir se\u00e7enek sunar.<\/p>\n<h3>A\u011fr\u0131s\u0131z \u0130\u015flem<\/h3>\n<p>Genellikle a\u011fr\u0131s\u0131z bir i\u015flem oldu\u011fu i\u00e7in, \u00e7o\u011fu durumda anesteziye gerek duyulmaz.<\/p>\n<h2>Bonding Uygulamas\u0131 Kimler \u0130\u00e7in Uygundur?<\/h2>\n<p>Bonding uygulamas\u0131, di\u015flerinde k\u00fc\u00e7\u00fck estetik sorunlar\u0131 olan ki\u015filer i\u00e7in idealdir. \u00d6zellikle \u015fu durumlarda tercih edilebilir:<\/p>\n<ul>\n<li>Di\u015flerinde k\u00fc\u00e7\u00fck k\u0131r\u0131klar veya \u00e7atlaklar olanlar,<\/li>\n<li>Di\u015flerinin \u015fekil bozuklu\u011funu d\u00fczeltmek isteyenler,<\/li>\n<li>Di\u015fler aras\u0131ndaki bo\u015fluklar\u0131 (diastema) kapatmak isteyenler,<\/li>\n<li>Di\u015f renginde hafif lekelenmeler ya da renk bozukluklar\u0131 olanlar,<\/li>\n<li>Di\u015f boyunu veya \u015feklini hafif\u00e7e de\u011fi\u015ftirmek isteyenler.<\/li>\n<\/ul>\n<h2>Bonding \u0130\u015fleminin Bak\u0131m\u0131<\/h2>\n<p>Bonding uygulamas\u0131 sonras\u0131 kompozit malzemenin rengini ve g\u00f6r\u00fcn\u00fcm\u00fcn\u00fc korumak i\u00e7in dikkat edilmesi gereken baz\u0131 bak\u0131m \u00f6nerileri vard\u0131r:<\/p>\n<ul>\n<li>\u0130lk birka\u00e7 g\u00fcn a\u015f\u0131r\u0131 \u00e7ay, kahve, k\u0131rm\u0131z\u0131 \u015farap gibi renk veren i\u00e7eceklerden ka\u00e7\u0131n\u0131lmal\u0131d\u0131r.<\/li>\n<li>T\u0131rnak yeme, di\u015flerle sert cisimleri k\u0131rma gibi di\u015fe zarar verebilecek al\u0131\u015fkanl\u0131klardan uzak durulmal\u0131d\u0131r.<\/li>\n<li>Di\u015f hekimi taraf\u0131ndan \u00f6nerilen d\u00fczenli a\u011f\u0131z hijyenine dikkat edilmelidir. Di\u015flerin d\u00fczenli f\u0131r\u00e7alanmas\u0131 ve di\u015f ipi kullan\u0131m\u0131 \u00f6nemlidir.<\/li>\n<li>Y\u0131lda bir kez di\u015f hekimi kontrol\u00fcne giderek bonding malzemesinin durumu ve di\u015f sa\u011fl\u0131\u011f\u0131 kontrol edilmelidir.<\/li>\n<\/ul>\n<p>Bonding uygulamas\u0131, di\u015flerdeki k\u00fc\u00e7\u00fck estetik sorunlar\u0131 h\u0131zl\u0131, uygun maliyetli ve do\u011fal bir \u015fekilde \u00e7\u00f6zmek i\u00e7in olduk\u00e7a etkili bir y\u00f6ntemdir. Minimal m\u00fcdahale gerektirmesi ve tek seansta uygulanabilmesi sayesinde pop\u00fcler bir estetik di\u015f tedavisidir. Di\u015f hekiminizle yapaca\u011f\u0131n\u0131z bir g\u00f6r\u00fc\u015fme sonras\u0131nda, bonding i\u015fleminin sizin i\u00e7in uygun olup olmad\u0131\u011f\u0131 ve alternatif tedavi se\u00e7enekleri de\u011ferlendirilebilir.<\/p>\n<\/div><\/div><\/div><div class=\"fusion-layout-column fusion_builder_column fusion-builder-column-1 awb-sticky awb-sticky-small awb-sticky-medium awb-sticky-large fusion_builder_column_1_3 1_3 fusion-flex-column fusion-flex-align-self-flex-start fusion-animated\" style=\"--awb-padding-top:2vw;--awb-padding-right:2vw;--awb-padding-bottom:2vw;--awb-padding-left:2vw;--awb-padding-top-small:11vw;--awb-padding-right-small:11vw;--awb-padding-bottom-small:11vw;--awb-padding-left-small:11vw;--awb-overflow:hidden;--awb-bg-color:var(--awb-color7);--awb-bg-color-hover:var(--awb-color7);--awb-bg-size:cover;--awb-border-radius:6px 6px 6px 6px;--awb-width-large:33.333333333333%;--awb-margin-top-large:0px;--awb-spacing-right-large:7.125%;--awb-margin-bottom-large:0px;--awb-spacing-left-large:7.125%;--awb-width-medium:50%;--awb-order-medium:0;--awb-spacing-right-medium:4.75%;--awb-spacing-left-medium:4.75%;--awb-width-small:100%;--awb-order-small:0;--awb-spacing-right-small:2.375%;--awb-spacing-left-small:2.375%;\" data-animationType=\"fadeInUp\" data-animationDuration=\"1.5\" data-animationOffset=\"top-into-view\" data-scroll-devices=\"small-visibility,medium-visibility,large-visibility\"><div class=\"fusion-column-wrapper fusion-column-has-shadow fusion-flex-justify-content-flex-start fusion-content-layout-block\"><div class=\"fusion-title title fusion-title-2 fusion-sep-none fusion-title-center fusion-title-text fusion-title-size-two\" style=\"--awb-text-color:var(--awb-color1);--awb-margin-bottom:10px;\"><h2 class=\"fusion-title-heading title-heading-center\" style=\"margin:0;\">Randevu Olu\u015ftur<\/h2><\/div><div class=\"fusion-separator fusion-full-width-sep\" style=\"align-self: center;margin-left: auto;margin-right: auto;width:100%;\"><\/div><div class=\"fusion-text fusion-text-2\" style=\"--awb-content-alignment:center;--awb-font-size:17px;--awb-line-height:0.3;--awb-text-color:var(--awb-color1);\"><p>Formu doldurun<\/p>\n<p>sizinle ileti\u015fime ge\u00e7elim<\/p>\n<\/div><div class=\"fusion-form fusion-form-builder fusion-form-form-wrapper fusion-form-694\" style=\"--awb-margin-top:4%;--awb-tooltip-text-color:#ffffff;--awb-tooltip-background-color:#333333;\" data-form-id=\"694\" data-config=\"{&quot;form_id&quot;:694,&quot;form_post_id&quot;:694,&quot;post_id&quot;:4159,&quot;form_type&quot;:&quot;ajax&quot;,&quot;confirmation_type&quot;:&quot;message&quot;,&quot;redirect_url&quot;:&quot;&quot;,&quot;redirect_timeout&quot;:&quot;0&quot;,&quot;field_labels&quot;:{&quot;name_surname&quot;:&quot;&quot;,&quot;number&quot;:&quot;&quot;,&quot;email_address&quot;:&quot;&quot;,&quot;tibbi_goruntuler&quot;:&quot;&quot;},&quot;field_logics&quot;:{&quot;name_surname&quot;:&quot;&quot;,&quot;number&quot;:&quot;&quot;,&quot;email_address&quot;:&quot;&quot;,&quot;tibbi_goruntuler&quot;:&quot;&quot;,&quot;notice_1&quot;:&quot;[]&quot;,&quot;submit_1&quot;:&quot;&quot;},&quot;field_types&quot;:{&quot;name_surname&quot;:&quot;text&quot;,&quot;number&quot;:&quot;text&quot;,&quot;email_address&quot;:&quot;email&quot;,&quot;tibbi_goruntuler&quot;:&quot;upload&quot;,&quot;notice_1&quot;:&quot;notice&quot;,&quot;submit_1&quot;:&quot;submit&quot;},&quot;nonce_method&quot;:&quot;none&quot;,&quot;form_views&quot;:&quot;ajax&quot;,&quot;form_views_counting&quot;:&quot;all&quot;}\"><form action=\"https:\/\/furkanozay.com\/de\/bonding-uygulamasi\/\" method=\"get\" class=\"fusion-form fusion-form-694\" enctype=\"multipart\/form-data\"><div class=\"fusion-fullwidth fullwidth-box fusion-builder-row-1-1 fusion-flex-container nonhundred-percent-fullwidth non-hundred-percent-height-scrolling\" style=\"--awb-border-radius-top-left:0px;--awb-border-radius-top-right:0px;--awb-border-radius-bottom-right:0px;--awb-border-radius-bottom-left:0px;--awb-padding-top:0px;--awb-padding-right:0px;--awb-padding-bottom:0px;--awb-padding-left:0px;--awb-margin-top:0px;--awb-margin-bottom:0px;--awb-flex-wrap:wrap;\" ><div class=\"fusion-builder-row fusion-row fusion-flex-align-items-flex-start fusion-flex-content-wrap\" style=\"width:105% !important;max-width:105% !important;margin-left: calc(-5% \/ 2 );margin-right: calc(-5% \/ 2 );\"><div class=\"fusion-layout-column fusion_builder_column fusion-builder-column-2 fusion_builder_column_1_1 1_1 fusion-flex-column\" style=\"--awb-bg-size:cover;--awb-width-large:100%;--awb-flex-grow:0;--awb-flex-shrink:0;--awb-margin-top-large:0px;--awb-spacing-right-large:2.375%;--awb-margin-bottom-large:0px;--awb-spacing-left-large:2.375%;--awb-width-medium:100%;--awb-order-medium:0;--awb-flex-grow-medium:0;--awb-flex-shrink-medium:0;--awb-spacing-right-medium:2.375%;--awb-spacing-left-medium:2.375%;--awb-width-small:100%;--awb-order-small:0;--awb-flex-grow-small:0;--awb-flex-shrink-small:0;--awb-spacing-right-small:2.375%;--awb-spacing-left-small:2.375%;\"><div class=\"fusion-column-wrapper fusion-column-has-shadow fusion-flex-justify-content-flex-start fusion-content-layout-column\"><div class=\"fusion-form-field fusion-form-text-field fusion-form-label-above\" style=\"\" data-form-id=\"694\"><input type=\"text\" autocomplete=\"off\" name=\"name_surname\" id=\"name_surname\" value=\"\"  class=\"fusion-form-input\" required=\"true\" aria-required=\"true\" placeholder=\"Ad Soyad *\" data-holds-private-data=\"false\" minlength=\"0\"\/><\/div><\/div><\/div><div class=\"fusion-layout-column fusion_builder_column fusion-builder-column-3 fusion_builder_column_1_1 1_1 fusion-flex-column\" style=\"--awb-bg-size:cover;--awb-width-large:100%;--awb-flex-grow:0;--awb-flex-shrink:0;--awb-margin-top-large:0px;--awb-spacing-right-large:2.375%;--awb-margin-bottom-large:0px;--awb-spacing-left-large:2.375%;--awb-width-medium:100%;--awb-order-medium:0;--awb-flex-grow-medium:0;--awb-flex-shrink-medium:0;--awb-spacing-right-medium:2.375%;--awb-spacing-left-medium:2.375%;--awb-width-small:100%;--awb-order-small:0;--awb-flex-grow-small:0;--awb-flex-shrink-small:0;--awb-spacing-right-small:2.375%;--awb-spacing-left-small:2.375%;\"><div class=\"fusion-column-wrapper fusion-column-has-shadow fusion-flex-justify-content-flex-start fusion-content-layout-column\"><div class=\"fusion-form-field fusion-form-text-field fusion-form-label-above\" style=\"\" data-form-id=\"694\"><input type=\"text\" autocomplete=\"off\" name=\"number\" id=\"number\" value=\"\"  class=\"fusion-form-input\" required=\"true\" aria-required=\"true\" placeholder=\"Telefon *\" data-holds-private-data=\"false\" minlength=\"0\"\/><\/div><\/div><\/div><div class=\"fusion-layout-column fusion_builder_column fusion-builder-column-4 fusion_builder_column_1_1 1_1 fusion-flex-column\" style=\"--awb-bg-size:cover;--awb-width-large:100%;--awb-flex-grow:0;--awb-flex-shrink:0;--awb-margin-top-large:0px;--awb-spacing-right-large:2.375%;--awb-margin-bottom-large:0px;--awb-spacing-left-large:2.375%;--awb-width-medium:100%;--awb-order-medium:0;--awb-flex-grow-medium:0;--awb-flex-shrink-medium:0;--awb-spacing-right-medium:2.375%;--awb-spacing-left-medium:2.375%;--awb-width-small:100%;--awb-order-small:0;--awb-flex-grow-small:0;--awb-flex-shrink-small:0;--awb-spacing-right-small:2.375%;--awb-spacing-left-small:2.375%;\"><div class=\"fusion-column-wrapper fusion-column-has-shadow fusion-flex-justify-content-flex-start fusion-content-layout-column\"><div class=\"fusion-form-field fusion-form-email-field fusion-form-label-above\" style=\"\" data-form-id=\"694\"><input type=\"email\" autocomplete=\"off\" name=\"email_address\" id=\"email_address\" value=\"\"  class=\"fusion-form-input\" required=\"true\" aria-required=\"true\" placeholder=\"E-mail *\" data-holds-private-data=\"false\"\/><\/div><\/div><\/div><div class=\"fusion-layout-column fusion_builder_column fusion-builder-column-5 fusion_builder_column_1_1 1_1 fusion-flex-column\" style=\"--awb-bg-size:cover;--awb-width-large:100%;--awb-flex-grow:0;--awb-flex-shrink:0;--awb-margin-top-large:0px;--awb-spacing-right-large:2.375%;--awb-margin-bottom-large:0px;--awb-spacing-left-large:2.375%;--awb-width-medium:100%;--awb-order-medium:0;--awb-flex-grow-medium:0;--awb-flex-shrink-medium:0;--awb-spacing-right-medium:2.375%;--awb-spacing-left-medium:2.375%;--awb-width-small:100%;--awb-order-small:0;--awb-flex-grow-small:0;--awb-flex-shrink-small:0;--awb-spacing-right-small:2.375%;--awb-spacing-left-small:2.375%;\"><div class=\"fusion-column-wrapper fusion-column-has-shadow fusion-flex-justify-content-flex-start fusion-content-layout-column\"><div class=\"fusion-form-field fusion-form-upload-field fusion-form-label-above\" style=\"--awb-preview-thumb-width:115px;\" data-form-id=\"694\"><div class=\"fusion-form-tooltip\"><i class=\"awb-icon-question-circle\"><\/i><span class=\"fusion-form-tooltip-content\">R\u00f6ntgen ve T\u0131bbi G\u00f6r\u00fcnt\u00fcler<\/span><\/div><div class=\"fusion-form-input-with-icon\"><i class=\" fa-folder-open fas\"><\/i><div class=\"fusion-form-upload-field-container\"><input type=\"file\" id=\"tibbi_goruntuler\" name=\"tibbi_goruntuler[]\" value=\"\"  class=\"fusion-form-input\" placeholder=\"R\u00f6ntgen ve T\u0131bbi G\u00f6r\u00fcnt\u00fcler \" data-size=\"20\" multiple data-single-add-remove=\"no\" data-min-upload-files=\"0\" data-max-upload-files=\"0\" data-uploads-preview=\"filenames\"\/><div class=\"fusion-form-upload-field\"  data-holds-private-data=\"false\"><span class=\"awb-upload-placeholder\" data-default=\"R\u00f6ntgen ve T\u0131bbi G\u00f6r\u00fcnt\u00fcler\">R\u00f6ntgen ve T\u0131bbi G\u00f6r\u00fcnt\u00fcler<\/span><div class=\"awb-uploads-preview\"><div class=\"awb-preview-thumbs\"><\/div><\/div><\/div><div ><a class=\"fusion-button button-flat button-medium button-default fusion-button-default button-1 fusion-button-default-span fusion-button-default-type fusion-form-upload-field-button\" style=\"--button-border-radius-top-left:0px;--button-border-radius-top-right:0px;--button-border-radius-bottom-right:0px;--button-border-radius-bottom-left:0px;\" target=\"_self\" href=\"javascript:void();\"><span class=\"fusion-button-text awb-button__text awb-button__text--default\">Choose File<\/span><\/a><\/div><\/div><\/div><\/div><\/div><\/div><div class=\"fusion-layout-column fusion_builder_column fusion-builder-column-6 fusion_builder_column_1_1 1_1 fusion-flex-column\" style=\"--awb-bg-size:cover;--awb-width-large:100%;--awb-flex-grow:0;--awb-flex-shrink:0;--awb-margin-top-large:0px;--awb-spacing-right-large:2.375%;--awb-margin-bottom-large:0px;--awb-spacing-left-large:2.375%;--awb-width-medium:100%;--awb-order-medium:0;--awb-flex-grow-medium:0;--awb-flex-shrink-medium:0;--awb-spacing-right-medium:2.375%;--awb-spacing-left-medium:2.375%;--awb-width-small:100%;--awb-order-small:0;--awb-flex-grow-small:0;--awb-flex-shrink-small:0;--awb-spacing-right-small:2.375%;--awb-spacing-left-small:2.375%;\"><div class=\"fusion-column-wrapper fusion-column-has-shadow fusion-flex-justify-content-flex-start fusion-content-layout-column\"><div class=\"form-submission-notices data-notice_1\" id=\"fusion-notices-1\"><div class=\"fusion-alert alert success alert-success fusion-alert-center fusion-form-response fusion-form-response-success awb-alert-native-link-color alert-dismissable awb-alert-close-boxed\" role=\"alert\"><div class=\"fusion-alert-content-wrapper\"><span class=\"alert-icon\"><i class=\"awb-icon-check-circle\" aria-hidden=\"true\"><\/i><\/span><span class=\"fusion-alert-content\">Mesaj\u0131n\u0131z g\u00f6nderildi. Mesaj\u0131n\u0131z i\u00e7in te\u015fekk\u00fcr ederiz. En k\u0131sa s\u00fcrede ileti\u015fime ge\u00e7erek bilgi verece\u011fiz.<\/span><\/div><button type=\"button\" class=\"close toggle-alert\" data-dismiss=\"alert\" aria-label=\"Close\">&times;<\/button><\/div><div class=\"fusion-alert alert error alert-danger fusion-alert-center fusion-form-response fusion-form-response-error awb-alert-native-link-color alert-dismissable awb-alert-close-boxed\" role=\"alert\"><div class=\"fusion-alert-content-wrapper\"><span class=\"alert-icon\"><i class=\"awb-icon-exclamation-triangle\" aria-hidden=\"true\"><\/i><\/span><span class=\"fusion-alert-content\">Bir hata olu\u015ftu. L\u00fctfen bilgileri bilgileri kontrol ederek yeniden g\u00f6nderin.<\/span><\/div><button type=\"button\" class=\"close toggle-alert\" data-dismiss=\"alert\" aria-label=\"Close\">&times;<\/button><\/div><\/div><div class=\"fusion-form-field fusion-form-submit-field fusion-form-label-above\" style=\"\" data-form-id=\"694\"><div ><button type=\"submit\" class=\"fusion-button button-flat button-xlarge button-custom fusion-button-default button-2 fusion-button-span-yes  button-default form-form-submit\" style=\"--button_accent_color:var(--awb-color5);--button_accent_hover_color:var(--awb-color1);--button_border_hover_color:var(--awb-color1);--button_border_width-top:0px;--button_border_width-right:0px;--button_border_width-bottom:0px;--button_border_width-left:0px;--button_gradient_top_color:var(--awb-color1);--button_gradient_bottom_color:var(--awb-color1);--button_gradient_top_color_hover:var(--awb-color5);--button_gradient_bottom_color_hover:var(--awb-color5);--button_margin-top:15px;\" data-form-number=\"694\" tabindex=\"\"><span class=\"fusion-button-text awb-button__text awb-button__text--default\">G\u00f6nder<\/span><\/button><\/div><\/div><\/div><\/div><\/div><\/div><input type=\"hidden\" name=\"fusion_privacy_store_ip_ua\" value=\"false\"><input type=\"hidden\" name=\"fusion_privacy_expiration_interval\" value=\"48\"><input type=\"hidden\" name=\"privacy_expiration_action\" value=\"anonymize\"><\/form><\/div><\/div><\/div><\/div><\/div>\n","protected":false},"excerpt":{"rendered":"","protected":false},"author":1,"featured_media":0,"parent":0,"menu_order":0,"comment_status":"closed","ping_status":"closed","template":"100-width.php","meta":{"footnotes":""},"class_list":["post-4159","page","type-page","status-publish","hentry"],"_links":{"self":[{"href":"https:\/\/furkanozay.com\/de\/wp-json\/wp\/v2\/pages\/4159","targetHints":{"allow":["GET"]}}],"collection":[{"href":"https:\/\/furkanozay.com\/de\/wp-json\/wp\/v2\/pages"}],"about":[{"href":"https:\/\/furkanozay.com\/de\/wp-json\/wp\/v2\/types\/page"}],"author":[{"embeddable":true,"href":"https:\/\/furkanozay.com\/de\/wp-json\/wp\/v2\/users\/1"}],"replies":[{"embeddable":true,"href":"https:\/\/furkanozay.com\/de\/wp-json\/wp\/v2\/comments?post=4159"}],"version-history":[{"count":1,"href":"https:\/\/furkanozay.com\/de\/wp-json\/wp\/v2\/pages\/4159\/revisions"}],"predecessor-version":[{"id":4160,"href":"https:\/\/furkanozay.com\/de\/wp-json\/wp\/v2\/pages\/4159\/revisions\/4160"}],"wp:attachment":[{"href":"https:\/\/furkanozay.com\/de\/wp-json\/wp\/v2\/media?parent=4159"}],"curies":[{"name":"wp","href":"https:\/\/api.w.org\/{rel}","templated":true}]}}